{"id":4772,"date":"2025-11-21T08:30:21","date_gmt":"2025-11-21T08:30:21","guid":{"rendered":"https:\/\/mountlaser.com\/?post_type=product&#038;p=4772"},"modified":"2025-11-25T08:16:39","modified_gmt":"2025-11-25T08:16:39","slug":"rotary-laser-krl-410","status":"publish","type":"product","link":"https:\/\/mountlaser.com\/es\/producto\/rotary-laser-krl-410\/","title":{"rendered":"L\u00e1ser rotatorio KRL-410"},"content":{"rendered":"<p><a href=\"https:\/\/mountlaser.com\/es\/categoria-producto\/rotary-laser\/\"><strong>L\u00e1ser rotatorio KRL-410<\/strong><\/a> Es un nivel l\u00e1ser rotatorio de doble plano de calidad profesional, dise\u00f1ado para las tareas m\u00e1s exigentes de preparaci\u00f3n de obra y movimiento de tierras. Esta robusta herramienta proyecta un preciso plano l\u00e1ser de 360 grados, tanto horizontal como verticalmente, lo que lo convierte en el nivel l\u00e1ser rotatorio definitivo para nivelaci\u00f3n, cimentaciones y dise\u00f1o de obra en general. Su avanzado sistema de nivelaci\u00f3n electr\u00f3nica, que integra un giroscopio y un sensor de doble eje, garantiza una precisi\u00f3n excepcional de \u00b10,5 mm\/10 m, compensando autom\u00e1ticamente las irregularidades del terreno dentro de un rango de \u00b15\u00b0.<\/p>\n<p>Disponible en modelos l\u00e1ser rojo de alta potencia (KRL-410R) y verde ultra brillante (KRL-410G), este <a href=\"https:\/\/mountlaser.com\/es\/\">nivel l\u00e1ser rotatorio<\/a> Ofrece una visibilidad excepcional a largas distancias, con un alcance de hasta 1000 metros cuando se utiliza con un detector. El control remoto RC100 integrado permite a los operadores gestionar todas las funciones, incluyendo la configuraci\u00f3n cr\u00edtica de pendientes bidireccionales de hasta \u00b110%, desde una distancia de m\u00e1s de 150 metros, lo que agiliza el flujo de trabajo de cualquier equipo de nivelaci\u00f3n. L\u00e1ser rotativo KRL-410. Con una clasificaci\u00f3n de protecci\u00f3n IP65 para una resistencia superior al polvo y al agua, el KRL-410 est\u00e1 dise\u00f1ado para ser el m\u00e1s fiable.<a href=\"https:\/\/mountlaser.com\/es\/about-us\/\"><strong> Nivel l\u00e1ser rotatorio para nivelaci\u00f3n<\/strong><\/a> en cualquier lugar de trabajo, en cualquier condici\u00f3n.<\/p>\n<p>&nbsp;<\/p>\n<p><img fetchpriority=\"high\" decoding=\"async\" class=\"aligncenter wp-image-4776\" src=\"https:\/\/mountlaser.com\/wp-content\/uploads\/2025\/11\/KRL-4104.webp\" alt=\"Rotary laser level for grading\" width=\"500\" height=\"500\" srcset=\"https:\/\/mountlaser.com\/wp-content\/uploads\/2025\/11\/KRL-4104.webp 800w, https:\/\/mountlaser.com\/wp-content\/uploads\/2025\/11\/KRL-4104-300x300.webp 300w, https:\/\/mountlaser.com\/wp-content\/uploads\/2025\/11\/KRL-4104-400x400.webp 400w, https:\/\/mountlaser.com\/wp-content\/uploads\/2025\/11\/KRL-4104-600x600.webp 600w, https:\/\/mountlaser.com\/wp-content\/uploads\/2025\/11\/KRL-4104-150x150.webp 150w, https:\/\/mountlaser.com\/wp-content\/uploads\/2025\/11\/KRL-4104-768x768.webp 768w, https:\/\/mountlaser.com\/wp-content\/uploads\/2025\/11\/KRL-4104-12x12.webp 12w\" sizes=\"(max-width: 500px) 100vw, 500px\" \/><\/p>\n<p><strong>Especificaciones del l\u00e1ser rotatorio KRL-410<\/strong><\/p>\n<table style=\"height: 703px;\" width=\"942\">\n<tbody>\n<tr>\n<td>Tipo de l\u00e1ser<\/td>\n<td>KRL-410R<\/td>\n<td>KRL-410G<\/td>\n<\/tr>\n<tr>\n<td>Tipo\/longitud de onda del l\u00e1ser<\/td>\n<td>L\u00e1ser rojo (635 nm-30 mw) Punto superior<\/td>\n<td>L\u00e1ser verde (515 nm-30 mw) Punto superior<\/td>\n<\/tr>\n<tr>\n<td>Camino de nivelaci\u00f3n<\/td>\n<td colspan=\"2\">Nivelaci\u00f3n electr\u00f3nica (1 giroscopio + 1 sensor electr\u00f3nico de doble eje)<\/td>\n<\/tr>\n<tr>\n<td>Rango de nivelaci\u00f3n<\/td>\n<td colspan=\"2\">\u00b15\u00b0<\/td>\n<\/tr>\n<tr>\n<td>Precisi\u00f3n de nivelaci\u00f3n<\/td>\n<td colspan=\"2\">\u00b10,5 mm\/10 m<\/td>\n<\/tr>\n<tr>\n<td>Di\u00e1metro de trabajo (utilizando LP500)<\/td>\n<td colspan=\"2\">\u22651000 m<\/td>\n<\/tr>\n<tr>\n<td>Di\u00e1metro de trabajo (utilizando LP700)<\/td>\n<td colspan=\"2\">\u2265800 m<\/td>\n<\/tr>\n<tr>\n<td>Temperatura de trabajo<\/td>\n<td colspan=\"2\">-20\u2103\uff5e+50\u2103<\/td>\n<\/tr>\n<tr>\n<td>Velocidad de rotaci\u00f3n del l\u00e1ser<\/td>\n<td colspan=\"2\">0\/300\/600\/1000\/1500 rpm (motor hueco sin escobillas de im\u00e1n permanente)<\/td>\n<\/tr>\n<tr>\n<td>Escaneo de \u00e1rea<\/td>\n<td colspan=\"2\">15\u00b0\/45\u00b0\/90\u00b0\/180\u00b0<\/td>\n<\/tr>\n<tr>\n<td>Ajuste de inclinaci\u00f3n<\/td>\n<td colspan=\"2\">Bidireccional<\/td>\n<\/tr>\n<tr>\n<td>Operaci\u00f3n en pendiente<\/td>\n<td colspan=\"2\">Utilice el control remoto RC100<\/td>\n<\/tr>\n<tr>\n<td>Operaci\u00f3n de la unidad principal<\/td>\n<td colspan=\"2\">12 teclas \/ 5 luces (sincronizaci\u00f3n con se\u00f1al de control remoto)<\/td>\n<\/tr>\n<tr>\n<td>Operaci\u00f3n por control remoto<\/td>\n<td colspan=\"2\">12 teclas \/ 5 luces (sincronizaci\u00f3n con se\u00f1ales del host, distancia de control remoto \u2265150 m)<\/td>\n<\/tr>\n<tr>\n<td>M\u00e9todo de suministro de energ\u00eda<\/td>\n<td colspan=\"2\">Litio (secci\u00f3n \u00fanica reemplazable) Alimentaci\u00f3n directa de CA<\/td>\n<\/tr>\n<tr>\n<td>Tiempo de trabajo del litio<\/td>\n<td colspan=\"2\">15-20H (bater\u00eda con mayor autonom\u00eda opcional)<\/td>\n<\/tr>\n<tr>\n<td>M\u00e9todo de calibraci\u00f3n<\/td>\n<td colspan=\"2\">Control remoto\/APP<\/td>\n<\/tr>\n<tr>\n<td>Embalaje<\/td>\n<td colspan=\"2\">Caja de pl\u00e1stico<\/td>\n<\/tr>\n<tr>\n<td>Tama\u00f1o<\/td>\n<td colspan=\"2\">Largo 232 Ancho 189 Alto 227(mm)<\/td>\n<\/tr>\n<tr>\n<td>Grado de protecci\u00f3n<\/td>\n<td colspan=\"2\">IP65<\/td>\n<\/tr>\n<tr>\n<td>Altura de ca\u00edda<\/td>\n<td colspan=\"2\">Solo m\u00e1quina principal de 1M<\/td>\n<\/tr>\n<tr>\n<td>Ajuste del rango de holgura<\/td>\n<td colspan=\"2\">\u00b110%<\/td>\n<\/tr>\n<\/tbody>\n<\/table>","protected":false},"excerpt":{"rendered":"<ul>\n<li>El Mount Laser KRL-410 es un nivel l\u00e1ser rotatorio vers\u00e1til y de alto rendimiento que se destaca como un nivel l\u00e1ser rotatorio especializado para nivelaci\u00f3n.<\/li>\n<li>Opciones de l\u00e1ser dual: elija entre un haz rojo est\u00e1ndar o un haz verde de alta visibilidad para un mayor alcance y mejor claridad.<\/li>\n<li>Bater\u00eda de larga duraci\u00f3n: funciona con una bater\u00eda de litio recargable que ofrece entre 15 y 20 horas de funcionamiento continuo.<\/li>\n<\/ul>","protected":false},"featured_media":4774,"comment_status":"open","ping_status":"closed","template":"","meta":[],"product_brand":[],"product_cat":[93,137],"product_tag":[],"class_list":{"0":"post-4772","1":"product","2":"type-product","3":"status-publish","4":"has-post-thumbnail","6":"product_cat-rotary-laser","7":"product_cat-rotary-laser-4-series","9":"first","10":"instock","11":"shipping-taxable","12":"product-type-simple"},"_links":{"self":[{"href":"https:\/\/mountlaser.com\/es\/wp-json\/wp\/v2\/product\/4772","targetHints":{"allow":["GET"]}}],"collection":[{"href":"https:\/\/mountlaser.com\/es\/wp-json\/wp\/v2\/product"}],"about":[{"href":"https:\/\/mountlaser.com\/es\/wp-json\/wp\/v2\/types\/product"}],"replies":[{"embeddable":true,"href":"https:\/\/mountlaser.com\/es\/wp-json\/wp\/v2\/comments?post=4772"}],"wp:featuredmedia":[{"embeddable":true,"href":"https:\/\/mountlaser.com\/es\/wp-json\/wp\/v2\/media\/4774"}],"wp:attachment":[{"href":"https:\/\/mountlaser.com\/es\/wp-json\/wp\/v2\/media?parent=4772"}],"wp:term":[{"taxonomy":"product_brand","embeddable":true,"href":"https:\/\/mountlaser.com\/es\/wp-json\/wp\/v2\/product_brand?post=4772"},{"taxonomy":"product_cat","embeddable":true,"href":"https:\/\/mountlaser.com\/es\/wp-json\/wp\/v2\/product_cat?post=4772"},{"taxonomy":"product_tag","embeddable":true,"href":"https:\/\/mountlaser.com\/es\/wp-json\/wp\/v2\/product_tag?post=4772"}],"curies":[{"name":"wp","href":"https:\/\/api.w.org\/{rel}","templated":true}]}}