{"id":4762,"date":"2025-11-21T08:22:21","date_gmt":"2025-11-21T08:22:21","guid":{"rendered":"https:\/\/mountlaser.com\/?post_type=product&#038;p=4762"},"modified":"2025-11-25T08:17:45","modified_gmt":"2025-11-25T08:17:45","slug":"rotary-laser-krl-405","status":"publish","type":"product","link":"https:\/\/mountlaser.com\/es\/producto\/rotary-laser-krl-405\/","title":{"rendered":"L\u00e1ser rotatorio KRL-405"},"content":{"rendered":"<p><a href=\"https:\/\/mountlaser.com\/es\/categoria-producto\/rotary-laser\/\"><strong>L\u00e1ser rotatorio KRL-405<\/strong><\/a> Es una herramienta profesional de alto rendimiento dise\u00f1ada para proyectos de dise\u00f1o y nivelaci\u00f3n a gran escala. Como vers\u00e1til l\u00e1ser rotatorio horizontal, proyecta un plano l\u00e1ser continuo de 360 grados, creando una referencia horizontal precisa en toda el \u00e1rea de trabajo. Este modelo destaca en la categor\u00eda de l\u00e1seres rotatorios autonivelantes, con nivelaci\u00f3n electr\u00f3nica avanzada que combina un giroscopio y un sensor de doble eje para lograr una precisi\u00f3n excepcional de \u00b10,5 mm\/10 m dentro de un rango de nivelaci\u00f3n de \u00b15\u00b0.<\/p>\n<p>Disponible en opciones de l\u00e1ser rojo de alta potencia (KRL-405R) y verde ultra brillante (KRL-405G), este <a href=\"https:\/\/mountlaser.com\/es\/\"><strong>L\u00e1ser rotatorio horizontal<\/strong><\/a> Garantiza una excelente visibilidad incluso en su di\u00e1metro de trabajo extendido de hasta 1000 metros con un detector. La robusta clasificaci\u00f3n IP65 garantiza un funcionamiento fiable en condiciones clim\u00e1ticas adversas y en lugares de trabajo con polvo. Completando este potente paquete se encuentra el control remoto RC100, que permite un funcionamiento completo, incluyendo el ajuste de pendientes, desde una distancia de hasta 150 metros, lo que facilita... <a href=\"https:\/\/mountlaser.com\/es\/contact-us\/\">KRL-405<\/a> Uno de los l\u00e1seres rotatorios autonivelantes m\u00e1s capaces y f\u00e1ciles de usar del mercado.<\/p>\n<p><img fetchpriority=\"high\" decoding=\"async\" class=\"aligncenter wp-image-4764\" src=\"https:\/\/mountlaser.com\/wp-content\/uploads\/2025\/11\/KRL-4052.webp\" alt=\"Horizontal Rotary Laser\" width=\"500\" height=\"500\" srcset=\"https:\/\/mountlaser.com\/wp-content\/uploads\/2025\/11\/KRL-4052.webp 800w, https:\/\/mountlaser.com\/wp-content\/uploads\/2025\/11\/KRL-4052-300x300.webp 300w, https:\/\/mountlaser.com\/wp-content\/uploads\/2025\/11\/KRL-4052-400x400.webp 400w, https:\/\/mountlaser.com\/wp-content\/uploads\/2025\/11\/KRL-4052-600x600.webp 600w, https:\/\/mountlaser.com\/wp-content\/uploads\/2025\/11\/KRL-4052-150x150.webp 150w, https:\/\/mountlaser.com\/wp-content\/uploads\/2025\/11\/KRL-4052-768x768.webp 768w, https:\/\/mountlaser.com\/wp-content\/uploads\/2025\/11\/KRL-4052-12x12.webp 12w\" sizes=\"(max-width: 500px) 100vw, 500px\" \/><\/p>\n<p><strong>Especificaciones del l\u00e1ser rotatorio KRL-405<\/strong><\/p>\n<table style=\"height: 695px;\" width=\"941\">\n<tbody>\n<tr>\n<td>Tipo de l\u00e1ser<\/td>\n<td>KRL-405R<\/td>\n<td>KRL-405G<\/td>\n<\/tr>\n<tr>\n<td>Tipo\/longitud de onda del l\u00e1ser<\/td>\n<td>L\u00e1ser rojo (635 nm-30 mw)<\/td>\n<td>L\u00e1ser verde (515 nm-30 mw)<\/td>\n<\/tr>\n<tr>\n<td>Camino de nivelaci\u00f3n<\/td>\n<td colspan=\"2\">Nivelaci\u00f3n electr\u00f3nica (1 giroscopio + 1 sensor electr\u00f3nico de doble eje)<\/td>\n<\/tr>\n<tr>\n<td>Rango de nivelaci\u00f3n<\/td>\n<td colspan=\"2\">\u00b15\u00b0<\/td>\n<\/tr>\n<tr>\n<td>Precisi\u00f3n de nivelaci\u00f3n<\/td>\n<td colspan=\"2\">\u00b10,5 mm\/10 m<\/td>\n<\/tr>\n<tr>\n<td>Di\u00e1metro de trabajo (utilizando LP500)<\/td>\n<td colspan=\"2\">\u22651000 m<\/td>\n<\/tr>\n<tr>\n<td>Di\u00e1metro de trabajo (utilizando LP700)<\/td>\n<td colspan=\"2\">\u2265800 m<\/td>\n<\/tr>\n<tr>\n<td>Temperatura de trabajo<\/td>\n<td colspan=\"2\">-20\u2103\uff5e+50\u2103<\/td>\n<\/tr>\n<tr>\n<td>Velocidad de rotaci\u00f3n del l\u00e1ser<\/td>\n<td colspan=\"2\">0\/300\/600\/1000\/1500 rpm (motor hueco sin escobillas de im\u00e1n permanente)<\/td>\n<\/tr>\n<tr>\n<td>Escaneo de \u00e1rea<\/td>\n<td colspan=\"2\">15\u00b0\/45\u00b0\/90\u00b0\/180\u00b0<\/td>\n<\/tr>\n<tr>\n<td>Ajuste de inclinaci\u00f3n<\/td>\n<td colspan=\"2\">Bidireccional<\/td>\n<\/tr>\n<tr>\n<td>Operaci\u00f3n en pendiente<\/td>\n<td colspan=\"2\">Utilice el control remoto RC100<\/td>\n<\/tr>\n<tr>\n<td>Operaci\u00f3n de la unidad principal<\/td>\n<td colspan=\"2\">4 teclas \/ 5 luces (sincronizaci\u00f3n con la se\u00f1al del control remoto)<\/td>\n<\/tr>\n<tr>\n<td>Operaci\u00f3n por control remoto<\/td>\n<td colspan=\"2\">12 teclas \/ 5 luces (sincronizaci\u00f3n con se\u00f1ales del host, distancia de control remoto \u2265150 m)<\/td>\n<\/tr>\n<tr>\n<td>M\u00e9todo de suministro de energ\u00eda<\/td>\n<td colspan=\"2\">Litio (secci\u00f3n \u00fanica reemplazable) Alimentaci\u00f3n directa de CA<\/td>\n<\/tr>\n<tr>\n<td>Tiempo de trabajo del litio<\/td>\n<td colspan=\"2\">15-20H (bater\u00eda con mayor autonom\u00eda opcional)<\/td>\n<\/tr>\n<tr>\n<td>M\u00e9todo de calibraci\u00f3n<\/td>\n<td colspan=\"2\">Control remoto\/APP<\/td>\n<\/tr>\n<tr>\n<td>Embalaje<\/td>\n<td colspan=\"2\">Caja de pl\u00e1stico<\/td>\n<\/tr>\n<tr>\n<td>Tama\u00f1o<\/td>\n<td colspan=\"2\">Largo 232 Ancho 189 Alto 227(mm)<\/td>\n<\/tr>\n<tr>\n<td>Grado de protecci\u00f3n<\/td>\n<td colspan=\"2\">IP65<\/td>\n<\/tr>\n<tr>\n<td>Altura de ca\u00edda<\/td>\n<td colspan=\"2\">Solo m\u00e1quina principal de 1M<\/td>\n<\/tr>\n<tr>\n<td>Ajuste del rango de holgura<\/td>\n<td colspan=\"2\">\u00b110%<\/td>\n<\/tr>\n<\/tbody>\n<\/table>","protected":false},"excerpt":{"rendered":"<ul>\n<li>El Mount Laser KRL-405 es un l\u00e1ser rotatorio horizontal de primer nivel que ejemplifica las capacidades avanzadas de los l\u00e1seres rotatorios autonivelantes modernos.<\/li>\n<li>Velocidad de rotaci\u00f3n ajustable: ofrece cinco velocidades de rotaci\u00f3n (0, 300, 600, 1000, 1500 rpm) para una visibilidad \u00f3ptima y mayor duraci\u00f3n de la bater\u00eda.<\/li>\n<li>Bater\u00eda de larga duraci\u00f3n y protecci\u00f3n IP65: proporciona entre 15 y 20 horas de funcionamiento y est\u00e1 altamente protegida contra el polvo y los chorros de agua.<\/li>\n<li>Modos de escaneo m\u00faltiples: puede operar en modos de escaneo de \u00e1rea (15\u00b0, 45\u00b0, 90\u00b0, 180\u00b0) para trabajos de secciones espec\u00edficas.<\/li>\n<\/ul>","protected":false},"featured_media":4763,"comment_status":"open","ping_status":"closed","template":"","meta":[],"product_brand":[],"product_cat":[93,137],"product_tag":[],"class_list":{"0":"post-4762","1":"product","2":"type-product","3":"status-publish","4":"has-post-thumbnail","6":"product_cat-rotary-laser","7":"product_cat-rotary-laser-4-series","9":"first","10":"instock","11":"shipping-taxable","12":"product-type-simple"},"_links":{"self":[{"href":"https:\/\/mountlaser.com\/es\/wp-json\/wp\/v2\/product\/4762","targetHints":{"allow":["GET"]}}],"collection":[{"href":"https:\/\/mountlaser.com\/es\/wp-json\/wp\/v2\/product"}],"about":[{"href":"https:\/\/mountlaser.com\/es\/wp-json\/wp\/v2\/types\/product"}],"replies":[{"embeddable":true,"href":"https:\/\/mountlaser.com\/es\/wp-json\/wp\/v2\/comments?post=4762"}],"wp:featuredmedia":[{"embeddable":true,"href":"https:\/\/mountlaser.com\/es\/wp-json\/wp\/v2\/media\/4763"}],"wp:attachment":[{"href":"https:\/\/mountlaser.com\/es\/wp-json\/wp\/v2\/media?parent=4762"}],"wp:term":[{"taxonomy":"product_brand","embeddable":true,"href":"https:\/\/mountlaser.com\/es\/wp-json\/wp\/v2\/product_brand?post=4762"},{"taxonomy":"product_cat","embeddable":true,"href":"https:\/\/mountlaser.com\/es\/wp-json\/wp\/v2\/product_cat?post=4762"},{"taxonomy":"product_tag","embeddable":true,"href":"https:\/\/mountlaser.com\/es\/wp-json\/wp\/v2\/product_tag?post=4762"}],"curies":[{"name":"wp","href":"https:\/\/api.w.org\/{rel}","templated":true}]}}