{"id":4761,"date":"2025-11-21T08:43:14","date_gmt":"2025-11-21T08:43:14","guid":{"rendered":"https:\/\/mountlaser.com\/?post_type=product&#038;p=4761"},"modified":"2025-11-25T08:23:54","modified_gmt":"2025-11-25T08:23:54","slug":"kmr02-machine-control-laser-receivers","status":"publish","type":"product","link":"https:\/\/mountlaser.com\/es\/producto\/kmr02-machine-control-laser-receivers\/","title":{"rendered":"Receptores l\u00e1ser de control de m\u00e1quinas KMR02"},"content":{"rendered":"<p>El <a href=\"https:\/\/mountlaser.com\/es\/products\/\"><strong>Receptores l\u00e1ser de control de m\u00e1quinas KMR02<\/strong> <\/a>son de grado avanzado <a href=\"https:\/\/mountlaser.com\/es\/\"><strong>Receptor de la m\u00e1quina<\/strong>s<\/a> Dise\u00f1ados para maquinaria de construcci\u00f3n pesada que requiere un control de nivelaci\u00f3n preciso y fiable. Dise\u00f1ados para un alto rendimiento en excavadoras, motoniveladoras, bulldozers y equipos agr\u00edcolas, los receptores l\u00e1ser de control de maquinaria KMR02 ofrecen una detecci\u00f3n estable de se\u00f1ales l\u00e1ser giratorias en un rango completo de 360\u00b0. Como receptores de maquinaria premium, ofrecen una excelente compatibilidad y son capaces de recibir haces de diversas marcas de instrumentos l\u00e1ser giratorios.<\/p>\n<p>Tanto el <a href=\"https:\/\/mountlaser.com\/es\/about-us\/\">KMR02 y KMC02<\/a> Los modelos cuentan con una amplia ventana de recepci\u00f3n, una pantalla LED de alto brillo y memoria para recuperar los datos recibidos previamente. Estos receptores de maquinaria ofrecen una construcci\u00f3n resistente a la lluvia y a las vibraciones para entornos exteriores exigentes. Funcionan directamente mediante la conexi\u00f3n a la bater\u00eda del tractor e incluyen un m\u00e9todo de montaje seguro con abrazadera para una instalaci\u00f3n r\u00e1pida. Con dos modos de precisi\u00f3n (medici\u00f3n fina y medici\u00f3n aproximada), los receptores l\u00e1ser para control de maquinaria KMR02 garantizan una precisi\u00f3n superior en diversas aplicaciones de movimiento de tierras.<\/p>\n<figure id=\"attachment_4768\" aria-describedby=\"caption-attachment-4768\" style=\"width: 500px\" class=\"wp-caption aligncenter\"><img fetchpriority=\"high\" decoding=\"async\" class=\"wp-image-4768\" src=\"https:\/\/mountlaser.com\/wp-content\/uploads\/2025\/11\/KMRC022.webp\" alt=\"KMR02 Machine Control Laser Receivers\" width=\"500\" height=\"500\" srcset=\"https:\/\/mountlaser.com\/wp-content\/uploads\/2025\/11\/KMRC022.webp 800w, https:\/\/mountlaser.com\/wp-content\/uploads\/2025\/11\/KMRC022-300x300.webp 300w, https:\/\/mountlaser.com\/wp-content\/uploads\/2025\/11\/KMRC022-400x400.webp 400w, https:\/\/mountlaser.com\/wp-content\/uploads\/2025\/11\/KMRC022-600x600.webp 600w, https:\/\/mountlaser.com\/wp-content\/uploads\/2025\/11\/KMRC022-150x150.webp 150w, https:\/\/mountlaser.com\/wp-content\/uploads\/2025\/11\/KMRC022-768x768.webp 768w, https:\/\/mountlaser.com\/wp-content\/uploads\/2025\/11\/KMRC022-12x12.webp 12w\" sizes=\"(max-width: 500px) 100vw, 500px\" \/><figcaption id=\"caption-attachment-4768\" class=\"wp-caption-text\">Receptores l\u00e1ser de control de m\u00e1quinas KMR02<\/figcaption><\/figure>\n<figure id=\"attachment_4771\" aria-describedby=\"caption-attachment-4771\" style=\"width: 500px\" class=\"wp-caption aligncenter\"><img decoding=\"async\" class=\"wp-image-4771\" src=\"https:\/\/mountlaser.com\/wp-content\/uploads\/2025\/11\/KMRC025.webp\" alt=\"KMC02 Machine Control Laser Receivers\" width=\"500\" height=\"500\" srcset=\"https:\/\/mountlaser.com\/wp-content\/uploads\/2025\/11\/KMRC025.webp 800w, https:\/\/mountlaser.com\/wp-content\/uploads\/2025\/11\/KMRC025-300x300.webp 300w, https:\/\/mountlaser.com\/wp-content\/uploads\/2025\/11\/KMRC025-400x400.webp 400w, https:\/\/mountlaser.com\/wp-content\/uploads\/2025\/11\/KMRC025-600x600.webp 600w, https:\/\/mountlaser.com\/wp-content\/uploads\/2025\/11\/KMRC025-150x150.webp 150w, https:\/\/mountlaser.com\/wp-content\/uploads\/2025\/11\/KMRC025-768x768.webp 768w, https:\/\/mountlaser.com\/wp-content\/uploads\/2025\/11\/KMRC025-12x12.webp 12w\" sizes=\"(max-width: 500px) 100vw, 500px\" \/><figcaption id=\"caption-attachment-4771\" class=\"wp-caption-text\">Receptores l\u00e1ser de control de m\u00e1quinas KMC02<\/figcaption><\/figure>\n<div>\n<table style=\"border-collapse: collapse; width: 631.52pt;\" border=\"0\" width=\"842\" cellspacing=\"0\" cellpadding=\"0\">\n<tbody>\n<tr style=\"height: 17.25pt;\">\n<td class=\"et2\" style=\"height: 17.25pt; width: 322.50pt;\" width=\"430\" height=\"23\">Modelo N\u00b0.<\/td>\n<td class=\"et3\" style=\"width: 309.00pt;\" width=\"412\">KMRC02<\/td>\n<\/tr>\n<tr style=\"height: 17.25pt;\">\n<td class=\"et4\" style=\"height: 17.25pt;\" height=\"23\">Rango de operaci\u00f3n<\/td>\n<td class=\"et4\">300 millones<\/td>\n<\/tr>\n<tr style=\"height: 17.25pt;\">\n<td class=\"et4\" style=\"height: 17.25pt;\" height=\"23\">Precisi\u00f3n fina<\/td>\n<td class=\"et4\">\u00b12,5 mm\u201415 mm<\/td>\n<\/tr>\n<tr style=\"height: 17.25pt;\">\n<td class=\"et4\" style=\"height: 17.25pt;\" height=\"23\">Precisi\u00f3n aproximada<\/td>\n<td class=\"et4\">\u00b110 mm\u201420 mm<\/td>\n<\/tr>\n<tr style=\"height: 17.25pt;\">\n<td class=\"et4\" style=\"height: 17.25pt;\" height=\"23\">Aporte<\/td>\n<td class=\"et4\">CC 10-30 V CC<\/td>\n<\/tr>\n<tr style=\"height: 17.25pt;\">\n<td class=\"et4\" style=\"height: 17.25pt;\" height=\"23\">Talla KMR02<\/td>\n<td class=\"et4\">376\u00d7120\u00d7205 mm<\/td>\n<\/tr>\n<tr style=\"height: 17.25pt;\">\n<td class=\"et4\" style=\"height: 17.25pt;\" height=\"23\">Talla KMC02<\/td>\n<td class=\"et4\">210\u00d7165\u00d798 mm<\/td>\n<\/tr>\n<tr style=\"height: 14.25pt;\">\n<td class=\"et4\" style=\"height: 14.25pt;\" height=\"19\">Peso KMRO2<\/td>\n<td class=\"et4\">2,6 kilos<\/td>\n<\/tr>\n<tr style=\"height: 14.25pt;\">\n<td class=\"et4\" style=\"height: 14.25pt;\" height=\"19\">Peso KMC02<\/td>\n<td class=\"et4\">2,0 kilogramos<\/td>\n<\/tr>\n<\/tbody>\n<\/table>\n<\/div>","protected":false},"excerpt":{"rendered":"<ul>\n<li>Recepci\u00f3n del rayo l\u00e1ser de 360\u00b0 para una m\u00e1xima estabilidad de detecci\u00f3n<\/li>\n<li>Compatible con todos los principales niveles l\u00e1ser giratorios<\/li>\n<li>Pantalla LED de alto brillo para una visibilidad clara en entornos brillantes<\/li>\n<li>Funci\u00f3n de memoria de datos para almacenar lecturas detectadas previamente<\/li>\n<li>Control hidr\u00e1ulico manual y autom\u00e1tico a trav\u00e9s del controlador incluido<\/li>\n<li>Selecci\u00f3n de velocidad (R\u00e1pida\/Media\/Lenta) para una respuesta de clasificaci\u00f3n precisa<\/li>\n<li>La entrada CC de 10 a 30 V admite el funcionamiento de la bater\u00eda del tractor<\/li>\n<li>Cuerpo duradero, resistente a la lluvia y a las vibraciones.<\/li>\n<li>Sistema de fijaci\u00f3n tipo abrazadera para un montaje seguro de maquinaria<\/li>\n<\/ul>","protected":false},"featured_media":4767,"comment_status":"open","ping_status":"closed","template":"","meta":[],"product_brand":[],"product_cat":[136,94],"product_tag":[],"class_list":{"0":"post-4761","1":"product","2":"type-product","3":"status-publish","4":"has-post-thumbnail","6":"product_cat-machine-control-laser-receivers","7":"product_cat-laser-level-accessory","9":"first","10":"instock","11":"shipping-taxable","12":"product-type-simple"},"_links":{"self":[{"href":"https:\/\/mountlaser.com\/es\/wp-json\/wp\/v2\/product\/4761","targetHints":{"allow":["GET"]}}],"collection":[{"href":"https:\/\/mountlaser.com\/es\/wp-json\/wp\/v2\/product"}],"about":[{"href":"https:\/\/mountlaser.com\/es\/wp-json\/wp\/v2\/types\/product"}],"replies":[{"embeddable":true,"href":"https:\/\/mountlaser.com\/es\/wp-json\/wp\/v2\/comments?post=4761"}],"wp:featuredmedia":[{"embeddable":true,"href":"https:\/\/mountlaser.com\/es\/wp-json\/wp\/v2\/media\/4767"}],"wp:attachment":[{"href":"https:\/\/mountlaser.com\/es\/wp-json\/wp\/v2\/media?parent=4761"}],"wp:term":[{"taxonomy":"product_brand","embeddable":true,"href":"https:\/\/mountlaser.com\/es\/wp-json\/wp\/v2\/product_brand?post=4761"},{"taxonomy":"product_cat","embeddable":true,"href":"https:\/\/mountlaser.com\/es\/wp-json\/wp\/v2\/product_cat?post=4761"},{"taxonomy":"product_tag","embeddable":true,"href":"https:\/\/mountlaser.com\/es\/wp-json\/wp\/v2\/product_tag?post=4761"}],"curies":[{"name":"wp","href":"https:\/\/api.w.org\/{rel}","templated":true}]}}