{"id":4760,"date":"2025-11-21T07:32:16","date_gmt":"2025-11-21T07:32:16","guid":{"rendered":"https:\/\/mountlaser.com\/?post_type=product&#038;p=4760"},"modified":"2025-11-25T08:25:46","modified_gmt":"2025-11-25T08:25:46","slug":"kmr01-machine-control-laser-receivers","status":"publish","type":"product","link":"https:\/\/mountlaser.com\/es\/producto\/kmr01-machine-control-laser-receivers\/","title":{"rendered":"Receptores l\u00e1ser de control de m\u00e1quinas KMR01"},"content":{"rendered":"<p>El <a href=\"https:\/\/mountlaser.com\/es\/about-us\/\"><strong>Receptor de control de m\u00e1quina l\u00e1ser rotatorio<\/strong><\/a> La serie est\u00e1 dise\u00f1ada para un control de nivelaci\u00f3n de alta precisi\u00f3n en entornos de construcci\u00f3n exigentes. Nuestra <a href=\"https:\/\/mountlaser.com\/es\/\">Receptores l\u00e1ser de control de m\u00e1quinas KMR01<\/a> Ofrecen precisi\u00f3n, durabilidad y compatibilidad excepcionales, lo que los hace ideales para excavadoras, bulldozers y otra maquinaria pesada. Con una ventana de recepci\u00f3n de 25 cm que proporciona una recepci\u00f3n completa de 360\u00b0, el l\u00e1ser rotatorio con receptor de control de m\u00e1quina garantiza una detecci\u00f3n continua y estable de rayos l\u00e1ser giratorios de cualquier marca de nivel l\u00e1ser rotatorio.<\/p>\n<p>El <a href=\"https:\/\/mountlaser.com\/es\/contact-us\/\">Receptores l\u00e1ser de control de m\u00e1quinas KMR01<\/a> Est\u00e1n disponibles en dos modelos: el KMR01C con abrazadera de tornillo y el KMR01M con un potente soporte magn\u00e9tico, lo que facilita su instalaci\u00f3n en diversos tipos de maquinaria. Fabricados con una robusta carcasa met\u00e1lica con certificaci\u00f3n IP66, estos receptores resisten al polvo, el agua, las vibraciones y temperaturas de trabajo extremas, de -20 \u00b0C a +60 \u00b0C. Cada receptor l\u00e1ser rotativo para control de m\u00e1quinas cuenta con una pantalla remota para monitorizaci\u00f3n en tiempo real dentro de la cabina, lo que mejora la comodidad y la seguridad operativas.<\/p>\n<p>Con ajustes de precisi\u00f3n fina de \u00b12 mm a \u00b110 mm y precisi\u00f3n gruesa de \u00b15 mm a \u00b123 mm, los receptores l\u00e1ser para control de maquinaria KMR01 ofrecen un control de nivelaci\u00f3n fiable. Alimentado por una bater\u00eda recargable de 7,2 V NiMH de 2500 mAh, el sistema ofrece hasta 40 horas de funcionamiento continuo con un tiempo de carga de 15 horas. Compacto pero robusto, con unas dimensiones de 376 \u00d7 180 \u00d7 60 mm y un peso de tan solo 3 kg, el KMR01 est\u00e1 dise\u00f1ado para un uso profesional a largo plazo en la construcci\u00f3n.<\/p>\n<figure id=\"attachment_4755\" aria-describedby=\"caption-attachment-4755\" style=\"width: 500px\" class=\"wp-caption aligncenter\"><img fetchpriority=\"high\" decoding=\"async\" class=\"wp-image-4755\" src=\"https:\/\/mountlaser.com\/wp-content\/uploads\/2025\/11\/KMR011.webp\" alt=\"KMR01C Machine Control Receiver Rotary Laser\" width=\"500\" height=\"500\" srcset=\"https:\/\/mountlaser.com\/wp-content\/uploads\/2025\/11\/KMR011.webp 800w, https:\/\/mountlaser.com\/wp-content\/uploads\/2025\/11\/KMR011-300x300.webp 300w, https:\/\/mountlaser.com\/wp-content\/uploads\/2025\/11\/KMR011-400x400.webp 400w, https:\/\/mountlaser.com\/wp-content\/uploads\/2025\/11\/KMR011-600x600.webp 600w, https:\/\/mountlaser.com\/wp-content\/uploads\/2025\/11\/KMR011-150x150.webp 150w, https:\/\/mountlaser.com\/wp-content\/uploads\/2025\/11\/KMR011-768x768.webp 768w, https:\/\/mountlaser.com\/wp-content\/uploads\/2025\/11\/KMR011-12x12.webp 12w\" sizes=\"(max-width: 500px) 100vw, 500px\" \/><figcaption id=\"caption-attachment-4755\" class=\"wp-caption-text\">Receptores l\u00e1ser de control de m\u00e1quinas KMR01C<\/figcaption><\/figure>\n<figure id=\"attachment_4756\" aria-describedby=\"caption-attachment-4756\" style=\"width: 500px\" class=\"wp-caption aligncenter\"><img decoding=\"async\" class=\"wp-image-4756\" src=\"https:\/\/mountlaser.com\/wp-content\/uploads\/2025\/11\/KMR012.webp\" alt=\"KMR01 Machine Control Receiver Rotary Laser\" width=\"500\" height=\"500\" srcset=\"https:\/\/mountlaser.com\/wp-content\/uploads\/2025\/11\/KMR012.webp 800w, https:\/\/mountlaser.com\/wp-content\/uploads\/2025\/11\/KMR012-300x300.webp 300w, https:\/\/mountlaser.com\/wp-content\/uploads\/2025\/11\/KMR012-400x400.webp 400w, https:\/\/mountlaser.com\/wp-content\/uploads\/2025\/11\/KMR012-600x600.webp 600w, https:\/\/mountlaser.com\/wp-content\/uploads\/2025\/11\/KMR012-150x150.webp 150w, https:\/\/mountlaser.com\/wp-content\/uploads\/2025\/11\/KMR012-768x768.webp 768w, https:\/\/mountlaser.com\/wp-content\/uploads\/2025\/11\/KMR012-12x12.webp 12w\" sizes=\"(max-width: 500px) 100vw, 500px\" \/><figcaption id=\"caption-attachment-4756\" class=\"wp-caption-text\">Receptores l\u00e1ser de control de m\u00e1quinas KMR01M<\/figcaption><\/figure>\n<div>\n<table style=\"border-collapse: collapse; width: 631.52pt;\" border=\"0\" width=\"842\" cellspacing=\"0\" cellpadding=\"0\">\n<tbody>\n<tr style=\"height: 17.25pt;\">\n<td class=\"et2\" style=\"height: 17.25pt; width: 322.50pt;\" width=\"430\" height=\"23\">Modelo N\u00b0.<\/td>\n<td class=\"et3\" style=\"width: 309.00pt;\" width=\"412\">KMR01<\/td>\n<\/tr>\n<tr style=\"height: 17.25pt;\">\n<td class=\"et4\" style=\"height: 17.25pt;\" height=\"23\">Precisi\u00f3n fina<\/td>\n<td class=\"et4\">\u00b12 mm a \u00b110 mm<\/td>\n<\/tr>\n<tr style=\"height: 17.25pt;\">\n<td class=\"et4\" style=\"height: 17.25pt;\" height=\"23\">Precisi\u00f3n aproximada<\/td>\n<td class=\"et4\">\u00b15 mm a \u00b123 mm<\/td>\n<\/tr>\n<tr style=\"height: 17.25pt;\">\n<td class=\"et4\" style=\"height: 17.25pt;\" height=\"23\">Paquete de bater\u00eda recargable<\/td>\n<td class=\"et4\">Bater\u00eda de NiMH de 7,2 V y 2500 mAh<\/td>\n<\/tr>\n<tr style=\"height: 17.25pt;\">\n<td class=\"et4\" style=\"height: 17.25pt;\" height=\"23\">Tiempo de funcionamiento<\/td>\n<td class=\"et4\">40 horas<\/td>\n<\/tr>\n<tr style=\"height: 17.25pt;\">\n<td class=\"et4\" style=\"height: 17.25pt;\" height=\"23\">Tiempo de carga<\/td>\n<td class=\"et4\">15 horas<\/td>\n<\/tr>\n<tr style=\"height: 17.25pt;\">\n<td class=\"et4\" style=\"height: 17.25pt;\" height=\"23\">Temperatura de trabajo<\/td>\n<td class=\"et4\">-20<span class=\"font4\">\u2103\uff5e<\/span><span class=\"font3\">+60<\/span><span class=\"font4\">\u2103<\/span><\/td>\n<\/tr>\n<tr style=\"height: 14.25pt;\">\n<td class=\"et4\" style=\"height: 14.25pt;\" height=\"19\">Tama\u00f1o<\/td>\n<td class=\"et4\">376 x 180 x 60 mm<\/td>\n<\/tr>\n<tr style=\"height: 14.25pt;\">\n<td class=\"et4\" style=\"height: 14.25pt;\" height=\"19\">Peso<\/td>\n<td class=\"et4\">3 kilos<\/td>\n<\/tr>\n<\/tbody>\n<\/table>\n<\/div>","protected":false},"excerpt":{"rendered":"<ul>\n<li>Garantiza un control de nivelaci\u00f3n preciso para maquinaria de construcci\u00f3n.<\/li>\n<li>Detecta rayos l\u00e1ser giratorios de todas las principales marcas de niveles l\u00e1ser.<\/li>\n<li>Proporciona recepci\u00f3n de 360\u00b0 para un funcionamiento continuo y una eficiencia mejorada.<\/li>\n<li>Permite una monitorizaci\u00f3n clara y c\u00f3moda desde la cabina a trav\u00e9s de una pantalla remota<\/li>\n<li>Ofrece dos opciones de montaje para varios tipos de m\u00e1quinas (abrazadera o im\u00e1n)<\/li>\n<li>Dise\u00f1ado para entornos extremos con carcasa de metal con clasificaci\u00f3n IP66<\/li>\n<\/ul>","protected":false},"featured_media":4759,"comment_status":"open","ping_status":"closed","template":"","meta":[],"product_brand":[],"product_cat":[136,94],"product_tag":[],"class_list":{"0":"post-4760","1":"product","2":"type-product","3":"status-publish","4":"has-post-thumbnail","6":"product_cat-machine-control-laser-receivers","7":"product_cat-laser-level-accessory","9":"first","10":"instock","11":"shipping-taxable","12":"product-type-simple"},"_links":{"self":[{"href":"https:\/\/mountlaser.com\/es\/wp-json\/wp\/v2\/product\/4760","targetHints":{"allow":["GET"]}}],"collection":[{"href":"https:\/\/mountlaser.com\/es\/wp-json\/wp\/v2\/product"}],"about":[{"href":"https:\/\/mountlaser.com\/es\/wp-json\/wp\/v2\/types\/product"}],"replies":[{"embeddable":true,"href":"https:\/\/mountlaser.com\/es\/wp-json\/wp\/v2\/comments?post=4760"}],"wp:featuredmedia":[{"embeddable":true,"href":"https:\/\/mountlaser.com\/es\/wp-json\/wp\/v2\/media\/4759"}],"wp:attachment":[{"href":"https:\/\/mountlaser.com\/es\/wp-json\/wp\/v2\/media?parent=4760"}],"wp:term":[{"taxonomy":"product_brand","embeddable":true,"href":"https:\/\/mountlaser.com\/es\/wp-json\/wp\/v2\/product_brand?post=4760"},{"taxonomy":"product_cat","embeddable":true,"href":"https:\/\/mountlaser.com\/es\/wp-json\/wp\/v2\/product_cat?post=4760"},{"taxonomy":"product_tag","embeddable":true,"href":"https:\/\/mountlaser.com\/es\/wp-json\/wp\/v2\/product_tag?post=4760"}],"curies":[{"name":"wp","href":"https:\/\/api.w.org\/{rel}","templated":true}]}}