{"id":4750,"date":"2025-11-21T06:19:50","date_gmt":"2025-11-21T06:19:50","guid":{"rendered":"https:\/\/mountlaser.com\/?post_type=product&#038;p=4750"},"modified":"2025-11-25T08:44:48","modified_gmt":"2025-11-25T08:44:48","slug":"rc100-rotary-laser-remote-control","status":"publish","type":"product","link":"https:\/\/mountlaser.com\/es\/producto\/rc100-rotary-laser-remote-control\/","title":{"rendered":"Control remoto l\u00e1ser rotatorio RC100"},"content":{"rendered":"<p>El <a href=\"https:\/\/mountlaser.com\/es\/products\/\"><strong>Control remoto l\u00e1ser rotatorio RC100<\/strong><\/a> Es un dispositivo compacto y fiable. <a href=\"https:\/\/mountlaser.com\/es\/about-us\/\"><strong>L\u00e1ser de control remoto<\/strong><\/a> Dise\u00f1ado para la operaci\u00f3n precisa y c\u00f3moda de sistemas l\u00e1ser rotatorios. Gracias a su capacidad de comunicaci\u00f3n bidireccional, el control remoto l\u00e1ser rotatorio RC100 permite a los usuarios ajustar las funciones del l\u00e1ser a distancia, optimizando la eficiencia del flujo de trabajo en obras de construcci\u00f3n y nivelaci\u00f3n. Este control remoto l\u00e1ser cuenta con botones de funci\u00f3n independientes para un manejo intuitivo y un indicador claro en tiempo real que muestra el estado de funcionamiento de la m\u00e1quina principal.<\/p>\n<p>Equipado con un interruptor de encendido dedicado y alimentado por pilas alcalinas AA, el <a href=\"https:\/\/mountlaser.com\/es\/contact-us\/\">Control remoto l\u00e1ser rotatorio RC100<\/a> Garantiza un rendimiento fiable en diversas condiciones de trabajo. Su exterior recubierto de goma aumenta la durabilidad y ofrece una mayor resistencia a los impactos, mientras que su alcance de control de \u2265150 m lo convierte en la soluci\u00f3n l\u00e1ser de control remoto ideal para tareas de nivelaci\u00f3n rotatoria de uso general. Con velocidades de rotaci\u00f3n de 300, 600 y 1000 rpm, ofrece flexibilidad para diferentes entornos de medici\u00f3n.<\/p>\n<p><img fetchpriority=\"high\" decoding=\"async\" class=\"aligncenter wp-image-4751\" src=\"https:\/\/mountlaser.com\/wp-content\/uploads\/2025\/11\/RC1001.webp\" alt=\"RC100 Rotary Laser Remote Control\" width=\"500\" height=\"500\" srcset=\"https:\/\/mountlaser.com\/wp-content\/uploads\/2025\/11\/RC1001.webp 800w, https:\/\/mountlaser.com\/wp-content\/uploads\/2025\/11\/RC1001-300x300.webp 300w, https:\/\/mountlaser.com\/wp-content\/uploads\/2025\/11\/RC1001-400x400.webp 400w, https:\/\/mountlaser.com\/wp-content\/uploads\/2025\/11\/RC1001-600x600.webp 600w, https:\/\/mountlaser.com\/wp-content\/uploads\/2025\/11\/RC1001-150x150.webp 150w, https:\/\/mountlaser.com\/wp-content\/uploads\/2025\/11\/RC1001-768x768.webp 768w, https:\/\/mountlaser.com\/wp-content\/uploads\/2025\/11\/RC1001-12x12.webp 12w\" sizes=\"(max-width: 500px) 100vw, 500px\" \/><\/p>\n<p>El control remoto l\u00e1ser giratorio RC100 es un l\u00e1ser duradero y f\u00e1cil de usar, dise\u00f1ado para optimizar la eficiencia operativa del l\u00e1ser giratorio. Con control a larga distancia, monitoreo en tiempo real y protecci\u00f3n robusta, es un accesorio esencial para tareas profesionales de nivelaci\u00f3n y construcci\u00f3n.<\/p>","protected":false},"excerpt":{"rendered":"<ul>\n<li>Comunicaci\u00f3n bidireccional para un control l\u00e1ser rotatorio de larga distancia con capacidad de respuesta<\/li>\n<li>Botones de funci\u00f3n independientes para una operaci\u00f3n sencilla y eficiente<\/li>\n<li>Luz indicadora en tiempo real para un monitoreo r\u00e1pido del estado<\/li>\n<li>Interruptor de encendido para un control claro de encendido y apagado de la m\u00e1quina<\/li>\n<li>Dise\u00f1o resistente recubierto de goma para resistencia al impacto.<\/li>\n<li>Distancia de funcionamiento \u2265150 m<\/li>\n<li>Compatible con velocidades de rotaci\u00f3n de 300\/600\/1000 rpm<\/li>\n<li>Funciona con pilas alcalinas AA est\u00e1ndar.<\/li>\n<\/ul>","protected":false},"featured_media":4751,"comment_status":"open","ping_status":"closed","template":"","meta":[],"product_brand":[],"product_cat":[135,93],"product_tag":[],"class_list":{"0":"post-4750","1":"product","2":"type-product","3":"status-publish","4":"has-post-thumbnail","6":"product_cat-rotary-laser-remote-control","7":"product_cat-rotary-laser","9":"first","10":"instock","11":"shipping-taxable","12":"product-type-simple"},"_links":{"self":[{"href":"https:\/\/mountlaser.com\/es\/wp-json\/wp\/v2\/product\/4750","targetHints":{"allow":["GET"]}}],"collection":[{"href":"https:\/\/mountlaser.com\/es\/wp-json\/wp\/v2\/product"}],"about":[{"href":"https:\/\/mountlaser.com\/es\/wp-json\/wp\/v2\/types\/product"}],"replies":[{"embeddable":true,"href":"https:\/\/mountlaser.com\/es\/wp-json\/wp\/v2\/comments?post=4750"}],"wp:featuredmedia":[{"embeddable":true,"href":"https:\/\/mountlaser.com\/es\/wp-json\/wp\/v2\/media\/4751"}],"wp:attachment":[{"href":"https:\/\/mountlaser.com\/es\/wp-json\/wp\/v2\/media?parent=4750"}],"wp:term":[{"taxonomy":"product_brand","embeddable":true,"href":"https:\/\/mountlaser.com\/es\/wp-json\/wp\/v2\/product_brand?post=4750"},{"taxonomy":"product_cat","embeddable":true,"href":"https:\/\/mountlaser.com\/es\/wp-json\/wp\/v2\/product_cat?post=4750"},{"taxonomy":"product_tag","embeddable":true,"href":"https:\/\/mountlaser.com\/es\/wp-json\/wp\/v2\/product_tag?post=4750"}],"curies":[{"name":"wp","href":"https:\/\/api.w.org\/{rel}","templated":true}]}}