{"id":4746,"date":"2025-11-21T05:59:04","date_gmt":"2025-11-21T05:59:04","guid":{"rendered":"https:\/\/mountlaser.com\/?post_type=product&#038;p=4746"},"modified":"2025-11-25T08:44:18","modified_gmt":"2025-11-25T08:44:18","slug":"rc200p-rotary-laser-remote-control","status":"publish","type":"product","link":"https:\/\/mountlaser.com\/es\/producto\/rc200p-rotary-laser-remote-control\/","title":{"rendered":"Control remoto l\u00e1ser rotatorio RC200P"},"content":{"rendered":"<p>El <a href=\"https:\/\/mountlaser.com\/es\/categoria-producto\/rotary-laser\/\"><strong>Control remoto l\u00e1ser rotatorio RC200P<\/strong><\/a> Es un controlador de calidad profesional dise\u00f1ado para operar con precisi\u00f3n sistemas l\u00e1ser rotatorios a larga distancia. Dise\u00f1ado para entornos de trabajo exigentes, el control remoto l\u00e1ser rotatorio RC200P ofrece una comunicaci\u00f3n bidireccional fluida, lo que permite a los usuarios ajustar funciones y supervisar el estado del l\u00e1ser a distancias de 300 metros o m\u00e1s.<\/p>\n<p>Con su dise\u00f1o intuitivo de botones de funci\u00f3n independientes, este <a href=\"https:\/\/mountlaser.com\/es\/\"><strong>Control remoto de precisi\u00f3n<\/strong><\/a> Garantiza ajustes r\u00e1pidos y precisos sin men\u00fas complejos. La bater\u00eda de litio integrada ofrece una autonom\u00eda excepcionalmente larga, mientras que el cuerpo recubierto de goma mejora la durabilidad y la resistencia a los impactos, lo que lo hace... <a href=\"https:\/\/mountlaser.com\/es\/contact-us\/\">Control remoto l\u00e1ser rotatorio RC200P<\/a> Confiable para aplicaciones de construcci\u00f3n y topograf\u00eda dif\u00edciles.<\/p>\n<p><img fetchpriority=\"high\" decoding=\"async\" class=\"wp-image-4747 aligncenter\" src=\"https:\/\/mountlaser.com\/wp-content\/uploads\/2025\/11\/RC2001.webp\" alt=\"RC200P Rotary Laser Remote Control\" width=\"500\" height=\"500\" srcset=\"https:\/\/mountlaser.com\/wp-content\/uploads\/2025\/11\/RC2001.webp 800w, https:\/\/mountlaser.com\/wp-content\/uploads\/2025\/11\/RC2001-300x300.webp 300w, https:\/\/mountlaser.com\/wp-content\/uploads\/2025\/11\/RC2001-400x400.webp 400w, https:\/\/mountlaser.com\/wp-content\/uploads\/2025\/11\/RC2001-600x600.webp 600w, https:\/\/mountlaser.com\/wp-content\/uploads\/2025\/11\/RC2001-150x150.webp 150w, https:\/\/mountlaser.com\/wp-content\/uploads\/2025\/11\/RC2001-768x768.webp 768w, https:\/\/mountlaser.com\/wp-content\/uploads\/2025\/11\/RC2001-12x12.webp 12w\" sizes=\"(max-width: 500px) 100vw, 500px\" \/><\/p>\n<p>Las luces indicadoras de funci\u00f3n en tiempo real y un bot\u00f3n de encendido dedicado le permiten comprender al instante el estado de funcionamiento de la unidad principal. Con opciones de velocidad de rotaci\u00f3n del l\u00e1ser de 300\/600\/1000\/1500 rpm, este control remoto de precisi\u00f3n garantiza un control eficiente y preciso, tanto en interiores como en exteriores.<\/p>","protected":false},"excerpt":{"rendered":"<ul>\n<li>Comunicaci\u00f3n bidireccional para el control de l\u00e1ser rotatorio a larga distancia<\/li>\n<li>Botones de funci\u00f3n independientes para una operaci\u00f3n r\u00e1pida y precisa<\/li>\n<li>Distancia de funcionamiento \u2265300m<\/li>\n<li>Luces indicadoras en tiempo real para una informaci\u00f3n clara del estado<\/li>\n<li>Bot\u00f3n de encendido dedicado para monitorear f\u00e1cilmente el estado de la unidad principal<\/li>\n<li>Bater\u00eda de litio incorporada para un tiempo de trabajo prolongado.<\/li>\n<li>Dise\u00f1o resistente a los impactos y recubierto de goma.<\/li>\n<li>Velocidad de rotaci\u00f3n ajustable: 300\/600\/1000\/1500 rpm<\/li>\n<\/ul>","protected":false},"featured_media":4747,"comment_status":"open","ping_status":"closed","template":"","meta":[],"product_brand":[],"product_cat":[135,93],"product_tag":[],"class_list":{"0":"post-4746","1":"product","2":"type-product","3":"status-publish","4":"has-post-thumbnail","6":"product_cat-rotary-laser-remote-control","7":"product_cat-rotary-laser","9":"first","10":"instock","11":"shipping-taxable","12":"product-type-simple"},"_links":{"self":[{"href":"https:\/\/mountlaser.com\/es\/wp-json\/wp\/v2\/product\/4746","targetHints":{"allow":["GET"]}}],"collection":[{"href":"https:\/\/mountlaser.com\/es\/wp-json\/wp\/v2\/product"}],"about":[{"href":"https:\/\/mountlaser.com\/es\/wp-json\/wp\/v2\/types\/product"}],"replies":[{"embeddable":true,"href":"https:\/\/mountlaser.com\/es\/wp-json\/wp\/v2\/comments?post=4746"}],"wp:featuredmedia":[{"embeddable":true,"href":"https:\/\/mountlaser.com\/es\/wp-json\/wp\/v2\/media\/4747"}],"wp:attachment":[{"href":"https:\/\/mountlaser.com\/es\/wp-json\/wp\/v2\/media?parent=4746"}],"wp:term":[{"taxonomy":"product_brand","embeddable":true,"href":"https:\/\/mountlaser.com\/es\/wp-json\/wp\/v2\/product_brand?post=4746"},{"taxonomy":"product_cat","embeddable":true,"href":"https:\/\/mountlaser.com\/es\/wp-json\/wp\/v2\/product_cat?post=4746"},{"taxonomy":"product_tag","embeddable":true,"href":"https:\/\/mountlaser.com\/es\/wp-json\/wp\/v2\/product_tag?post=4746"}],"curies":[{"name":"wp","href":"https:\/\/api.w.org\/{rel}","templated":true}]}}