{"id":4738,"date":"2025-11-21T03:29:07","date_gmt":"2025-11-21T03:29:07","guid":{"rendered":"https:\/\/mountlaser.com\/?post_type=product&#038;p=4738"},"modified":"2025-11-25T08:54:51","modified_gmt":"2025-11-25T08:54:51","slug":"rc300p-rotary-laser-remote-control","status":"publish","type":"product","link":"https:\/\/mountlaser.com\/es\/producto\/rc300p-rotary-laser-remote-control\/","title":{"rendered":"Control remoto l\u00e1ser giratorio RC300P"},"content":{"rendered":"<p>El <a href=\"https:\/\/mountlaser.com\/es\/\"><strong>Control remoto l\u00e1ser giratorio RC300P<\/strong><\/a> Es un dispositivo de control avanzado dise\u00f1ado para el funcionamiento preciso y a larga distancia de sistemas l\u00e1ser rotativos. Dise\u00f1ado para aplicaciones profesionales de nivelaci\u00f3n, nivelaci\u00f3n y construcci\u00f3n, el control remoto l\u00e1ser rotativo RC300P cuenta con una pantalla LCD n\u00edtida que permite ajustar la pendiente y las funciones de forma r\u00e1pida e intuitiva. Gracias a su tecnolog\u00eda de comunicaci\u00f3n bidireccional, este control remoto garantiza un control estable y preciso incluso a largas distancias.<\/p>\n<p>Dise\u00f1ado para lugares de trabajo exigentes, el control remoto l\u00e1ser giratorio RC300P incorpora una robusta carcasa revestida de goma para una mayor resistencia a las ca\u00eddas y durabilidad. Como parte del potente... <a href=\"https:\/\/mountlaser.com\/es\/contact-us\/\"><strong>Control remoto digital RC300 para kit l\u00e1ser giratorio<\/strong><\/a>, proporciona indicadores en tiempo real que permiten a los usuarios comprender instant\u00e1neamente el estado de la m\u00e1quina principal, mejorando la seguridad y la eficiencia operativa.<\/p>\n<p><img fetchpriority=\"high\" decoding=\"async\" class=\"aligncenter wp-image-4736\" src=\"https:\/\/mountlaser.com\/wp-content\/uploads\/2025\/11\/RC3002.webp\" alt=\"RC300P Rotary Laser Remote Control\" width=\"500\" height=\"500\" srcset=\"https:\/\/mountlaser.com\/wp-content\/uploads\/2025\/11\/RC3002.webp 800w, https:\/\/mountlaser.com\/wp-content\/uploads\/2025\/11\/RC3002-300x300.webp 300w, https:\/\/mountlaser.com\/wp-content\/uploads\/2025\/11\/RC3002-400x400.webp 400w, https:\/\/mountlaser.com\/wp-content\/uploads\/2025\/11\/RC3002-600x600.webp 600w, https:\/\/mountlaser.com\/wp-content\/uploads\/2025\/11\/RC3002-150x150.webp 150w, https:\/\/mountlaser.com\/wp-content\/uploads\/2025\/11\/RC3002-768x768.webp 768w, https:\/\/mountlaser.com\/wp-content\/uploads\/2025\/11\/RC3002-12x12.webp 12w\" sizes=\"(max-width: 500px) 100vw, 500px\" \/><\/p>\n<p>Ya sea para controlar la velocidad de rotaci\u00f3n, la pendiente o la alineaci\u00f3n, el <a href=\"https:\/\/mountlaser.com\/es\/categoria-producto\/rotary-laser\/\">Control remoto digital RC300<\/a> El kit l\u00e1ser giratorio ofrece sincronizaci\u00f3n fluida, comunicaci\u00f3n a larga distancia y ajustes precisos. Los profesionales conf\u00edan en este control remoto digital RC300 para kit l\u00e1ser giratorio para optimizar su productividad y garantizar un rendimiento impecable en proyectos guiados por l\u00e1ser.<\/p>","protected":false},"excerpt":{"rendered":"<ul>\n<li>Pantalla LCD clara para una f\u00e1cil configuraci\u00f3n de la pendiente y ajustes r\u00e1pidos<\/li>\n<li>Comunicaci\u00f3n bidireccional para un control estable a larga distancia (\u2265300 m)<\/li>\n<li>Botones de funci\u00f3n independientes para un funcionamiento sencillo e intuitivo<\/li>\n<li>Luces indicadoras de funci\u00f3n en tiempo real para obtener informaci\u00f3n instant\u00e1nea sobre el estado de la m\u00e1quina<\/li>\n<li>Bot\u00f3n de encendido dedicado para monitorear el estado de funcionamiento del l\u00e1ser en cualquier momento<\/li>\n<li>Bater\u00eda de litio incorporada para un tiempo de trabajo ultralargo<\/li>\n<li>Carcasa revestida de goma para una mejor resistencia a impactos y ca\u00eddas.<\/li>\n<li>Velocidad de rotaci\u00f3n ajustable: 300 \/ 600 \/ 1000 \/ 1500 \/ 3000 rpm<\/li>\n<\/ul>","protected":false},"featured_media":4735,"comment_status":"open","ping_status":"closed","template":"","meta":[],"product_brand":[],"product_cat":[135,93],"product_tag":[],"class_list":{"0":"post-4738","1":"product","2":"type-product","3":"status-publish","4":"has-post-thumbnail","6":"product_cat-rotary-laser-remote-control","7":"product_cat-rotary-laser","9":"first","10":"instock","11":"shipping-taxable","12":"product-type-simple"},"_links":{"self":[{"href":"https:\/\/mountlaser.com\/es\/wp-json\/wp\/v2\/product\/4738","targetHints":{"allow":["GET"]}}],"collection":[{"href":"https:\/\/mountlaser.com\/es\/wp-json\/wp\/v2\/product"}],"about":[{"href":"https:\/\/mountlaser.com\/es\/wp-json\/wp\/v2\/types\/product"}],"replies":[{"embeddable":true,"href":"https:\/\/mountlaser.com\/es\/wp-json\/wp\/v2\/comments?post=4738"}],"wp:featuredmedia":[{"embeddable":true,"href":"https:\/\/mountlaser.com\/es\/wp-json\/wp\/v2\/media\/4735"}],"wp:attachment":[{"href":"https:\/\/mountlaser.com\/es\/wp-json\/wp\/v2\/media?parent=4738"}],"wp:term":[{"taxonomy":"product_brand","embeddable":true,"href":"https:\/\/mountlaser.com\/es\/wp-json\/wp\/v2\/product_brand?post=4738"},{"taxonomy":"product_cat","embeddable":true,"href":"https:\/\/mountlaser.com\/es\/wp-json\/wp\/v2\/product_cat?post=4738"},{"taxonomy":"product_tag","embeddable":true,"href":"https:\/\/mountlaser.com\/es\/wp-json\/wp\/v2\/product_tag?post=4738"}],"curies":[{"name":"wp","href":"https:\/\/api.w.org\/{rel}","templated":true}]}}