{"id":4731,"date":"2025-11-21T03:00:54","date_gmt":"2025-11-21T03:00:54","guid":{"rendered":"https:\/\/mountlaser.com\/?post_type=product&#038;p=4731"},"modified":"2025-11-25T08:56:34","modified_gmt":"2025-11-25T08:56:34","slug":"line-laser-kll-800-series","status":"publish","type":"product","link":"https:\/\/mountlaser.com\/es\/producto\/line-laser-kll-800-series\/","title":{"rendered":"L\u00e1ser de l\u00ednea serie KLL-800"},"content":{"rendered":"<p><a href=\"https:\/\/mountlaser.com\/es\/about-us\/\"><strong>L\u00e1ser de l\u00ednea serie KLL-800<\/strong><\/a> Dise\u00f1ado para profesionales que exigen un rendimiento inigualable y una larga autonom\u00eda en la obra. Esta serie premium ofrece soluciones vers\u00e1tiles, con los modelos KLL-D801 y D802 para dise\u00f1os 2D completos de 8 l\u00edneas y 360\u00b0, y el emblem\u00e1tico KLL-D803, un innovador nivel l\u00e1ser 3D de 12 l\u00edneas que proyecta sobre doce superficies para una planificaci\u00f3n espacial completa. Disponible en variantes de haz rojo de alta potencia y haz verde ultrabrillante, cada herramienta de esta serie es un nivel l\u00e1ser autonivelante de precisi\u00f3n que garantiza una precisi\u00f3n de \u00b13 mm a 10 metros en menos de 5 segundos.<\/p>\n<p>Lo que realmente distingue a la <a href=\"https:\/\/mountlaser.com\/es\/contact-us\/\">Serie KLL-800<\/a> Lo que lo distingue es su excepcional duraci\u00f3n de bater\u00eda, alimentada por una bater\u00eda de iones de litio de alta capacidad de 8000 mAh que ofrece hasta 8 horas de funcionamiento continuo. Esto se traduce en menos tiempo de inactividad y mayor productividad. Tanto si utiliza un dispositivo robusto como si...<strong><a href=\"https:\/\/mountlaser.com\/es\/categoria-producto\/line-laser\/\"> nivel l\u00e1ser autonivelante<\/a>l<\/strong> Ya sea de la gama 2D o del avanzado nivel l\u00e1ser 3D de 12 l\u00edneas para instalaciones complejas, cuenta con una herramienta dise\u00f1ada para ofrecer resistencia y precisi\u00f3n. Con una clasificaci\u00f3n de durabilidad IP54, la serie KLL-800 es la opci\u00f3n ideal para contratistas que no sacrifican fiabilidad ni rendimiento.<\/p>\n<p>&nbsp;<\/p>\n<p>&nbsp;<\/p>\n<p><img fetchpriority=\"high\" decoding=\"async\" class=\"aligncenter wp-image-4732\" src=\"https:\/\/mountlaser.com\/wp-content\/uploads\/2025\/11\/KLL-8001.webp\" alt=\"self-leveling laser level\" width=\"500\" height=\"500\" srcset=\"https:\/\/mountlaser.com\/wp-content\/uploads\/2025\/11\/KLL-8001.webp 800w, https:\/\/mountlaser.com\/wp-content\/uploads\/2025\/11\/KLL-8001-300x300.webp 300w, https:\/\/mountlaser.com\/wp-content\/uploads\/2025\/11\/KLL-8001-400x400.webp 400w, https:\/\/mountlaser.com\/wp-content\/uploads\/2025\/11\/KLL-8001-600x600.webp 600w, https:\/\/mountlaser.com\/wp-content\/uploads\/2025\/11\/KLL-8001-150x150.webp 150w, https:\/\/mountlaser.com\/wp-content\/uploads\/2025\/11\/KLL-8001-768x768.webp 768w, https:\/\/mountlaser.com\/wp-content\/uploads\/2025\/11\/KLL-8001-12x12.webp 12w\" sizes=\"(max-width: 500px) 100vw, 500px\" \/><\/p>\n<p><strong>Especificaciones del l\u00e1ser de l\u00ednea serie KLL-800<\/strong><\/p>\n<table style=\"height: 408px;\" width=\"800\">\n<tbody>\n<tr>\n<td>Modelo N\u00b0.<\/td>\n<td>KLL-D801R\/802R\/803R<\/td>\n<td>KLL-D801G\/802G\/803G<\/td>\n<\/tr>\n<tr>\n<td>Fuente de luz<\/td>\n<td>Rayo rojo<\/td>\n<td>Rayo verde<\/td>\n<\/tr>\n<tr>\n<td>Longitud de onda del l\u00e1ser<\/td>\n<td>635 nm<\/td>\n<td>520 nm<\/td>\n<\/tr>\n<tr>\n<td>Diodo l\u00e1ser<\/td>\n<td>100 MW<\/td>\n<td>30 MW<\/td>\n<\/tr>\n<tr>\n<td>Clase de seguridad l\u00e1ser<\/td>\n<td colspan=\"2\">Clase 2<\/td>\n<\/tr>\n<tr>\n<td>Rango de nivelaci\u00f3n:<\/td>\n<td colspan=\"2\">\u00b13\u00b0<\/td>\n<\/tr>\n<tr>\n<td>Tiempo de nivelaci\u00f3n<\/td>\n<td colspan=\"2\">&lt;5 segundos<\/td>\n<\/tr>\n<tr>\n<td>Precisi\u00f3n de nivelaci\u00f3n<\/td>\n<td colspan=\"2\">\u00b13 mm\/10 m<\/td>\n<\/tr>\n<tr>\n<td>Fuerza<\/td>\n<td colspan=\"2\">Bater\u00eda de iones de litio 21700 de 3,7 V y 8000 mAh<\/td>\n<\/tr>\n<tr>\n<td>Tiempo de operaci\u00f3n<\/td>\n<td colspan=\"2\">Unas 8h<\/td>\n<\/tr>\n<tr>\n<td>Temperatura de funcionamiento<\/td>\n<td colspan=\"2\">-10\u2103\uff5e+50\u2103<\/td>\n<\/tr>\n<tr>\n<td>Rosca de montaje<\/td>\n<td colspan=\"2\">1\/4\u2033-20<\/td>\n<\/tr>\n<tr>\n<td>Impermeable<\/td>\n<td colspan=\"2\">IP54<\/td>\n<\/tr>\n<\/tbody>\n<\/table>","protected":false},"excerpt":{"rendered":"<ul>\n<li>Modos de proyecci\u00f3n avanzados: incluye modelos 2D de 8 l\u00edneas (D801\/802) para una cobertura de 360\u00b0 y un modelo 3D de 12 l\u00edneas (D803) para el dise\u00f1o espacial de todo el sitio.<\/li>\n<li>Nivel l\u00e1ser autonivelante: nivela autom\u00e1ticamente dentro de un rango de \u00b13\u00b0 en menos de 5 segundos, lo que garantiza una configuraci\u00f3n inmediata y precisa.<\/li>\n<li>Duraci\u00f3n de bater\u00eda l\u00edder en la industria: funciona con una bater\u00eda de iones de litio 21700 de 8000 mAh para hasta 8 horas de funcionamiento continuo.<\/li>\n<\/ul>","protected":false},"featured_media":4734,"comment_status":"open","ping_status":"closed","template":"","meta":[],"product_brand":[],"product_cat":[92],"product_tag":[],"class_list":{"0":"post-4731","1":"product","2":"type-product","3":"status-publish","4":"has-post-thumbnail","6":"product_cat-line-laser","8":"first","9":"instock","10":"shipping-taxable","11":"product-type-simple"},"_links":{"self":[{"href":"https:\/\/mountlaser.com\/es\/wp-json\/wp\/v2\/product\/4731","targetHints":{"allow":["GET"]}}],"collection":[{"href":"https:\/\/mountlaser.com\/es\/wp-json\/wp\/v2\/product"}],"about":[{"href":"https:\/\/mountlaser.com\/es\/wp-json\/wp\/v2\/types\/product"}],"replies":[{"embeddable":true,"href":"https:\/\/mountlaser.com\/es\/wp-json\/wp\/v2\/comments?post=4731"}],"wp:featuredmedia":[{"embeddable":true,"href":"https:\/\/mountlaser.com\/es\/wp-json\/wp\/v2\/media\/4734"}],"wp:attachment":[{"href":"https:\/\/mountlaser.com\/es\/wp-json\/wp\/v2\/media?parent=4731"}],"wp:term":[{"taxonomy":"product_brand","embeddable":true,"href":"https:\/\/mountlaser.com\/es\/wp-json\/wp\/v2\/product_brand?post=4731"},{"taxonomy":"product_cat","embeddable":true,"href":"https:\/\/mountlaser.com\/es\/wp-json\/wp\/v2\/product_cat?post=4731"},{"taxonomy":"product_tag","embeddable":true,"href":"https:\/\/mountlaser.com\/es\/wp-json\/wp\/v2\/product_tag?post=4731"}],"curies":[{"name":"wp","href":"https:\/\/api.w.org\/{rel}","templated":true}]}}