{"id":4726,"date":"2025-11-21T02:33:06","date_gmt":"2025-11-21T02:33:06","guid":{"rendered":"https:\/\/mountlaser.com\/?post_type=product&#038;p=4726"},"modified":"2025-11-25T09:27:24","modified_gmt":"2025-11-25T09:27:24","slug":"line-laser-kll-600-series","status":"publish","type":"product","link":"https:\/\/mountlaser.com\/es\/producto\/line-laser-kll-600-series\/","title":{"rendered":"L\u00e1ser de l\u00ednea serie KLL-600"},"content":{"rendered":"<p>El <a href=\"https:\/\/mountlaser.com\/es\/categoria-producto\/line-laser\/\"><strong>L\u00e1ser de l\u00ednea serie KLL-600<\/strong><\/a> Representa la tecnolog\u00eda de nivelaci\u00f3n l\u00e1ser m\u00e1s avanzada, dise\u00f1ada para satisfacer las diversas necesidades de los proyectos modernos de construcci\u00f3n y renovaci\u00f3n. Esta potente serie incluye los modelos KLL-D601 y D602, avanzados niveles l\u00e1ser de 2 l\u00edneas que proyectan sobre ocho superficies para una cobertura completa de 360 grados, y el revolucionario KLL-D603, un nivel l\u00e1ser de alta gama. <a href=\"https:\/\/mountlaser.com\/es\/about-us\/\">Nivel l\u00e1ser de l\u00ednea cruzada verde 3D<\/a> que se proyecta sobre doce superficies para lograr un dise\u00f1o espacial de sitio completo sin igual.<\/p>\n<p>Disponible tanto en opciones de haz rojo de alta potencia como de haz verde ultrabrillante, la serie garantiza una visibilidad superior en cualquier condici\u00f3n de iluminaci\u00f3n. La clave de los modelos D601 y D602 reside en su precisi\u00f3n como nivel l\u00e1ser de 2 l\u00edneas, con un sistema de autonivelaci\u00f3n r\u00e1pido que ofrece una precisi\u00f3n de \u00b13 mm a 10 metros en menos de 5 segundos.<\/p>\n<p>&nbsp;<\/p>\n<p><img fetchpriority=\"high\" decoding=\"async\" class=\"aligncenter wp-image-4729\" src=\"https:\/\/mountlaser.com\/wp-content\/uploads\/2025\/11\/KLL-6003.webp\" alt=\"3D Green Cross Line Laser Level\" width=\"500\" height=\"500\" srcset=\"https:\/\/mountlaser.com\/wp-content\/uploads\/2025\/11\/KLL-6003.webp 800w, https:\/\/mountlaser.com\/wp-content\/uploads\/2025\/11\/KLL-6003-300x300.webp 300w, https:\/\/mountlaser.com\/wp-content\/uploads\/2025\/11\/KLL-6003-400x400.webp 400w, https:\/\/mountlaser.com\/wp-content\/uploads\/2025\/11\/KLL-6003-600x600.webp 600w, https:\/\/mountlaser.com\/wp-content\/uploads\/2025\/11\/KLL-6003-150x150.webp 150w, https:\/\/mountlaser.com\/wp-content\/uploads\/2025\/11\/KLL-6003-768x768.webp 768w, https:\/\/mountlaser.com\/wp-content\/uploads\/2025\/11\/KLL-6003-12x12.webp 12w\" sizes=\"(max-width: 500px) 100vw, 500px\" \/><\/p>\n<p>Para profesionales que abordan proyectos complejos, el KLL-D603 <a href=\"https:\/\/mountlaser.com\/es\/\"><strong>Nivel l\u00e1ser de l\u00ednea cruzada verde 3D<\/strong><\/a> Proporciona la herramienta definitiva para la alineaci\u00f3n multiplano, manteniendo al mismo tiempo su robusta construcci\u00f3n con clasificaci\u00f3n IP54, que garantiza la fiabilidad en cualquier lugar de trabajo. Esta serie es la opci\u00f3n definitiva para quienes buscan un nivel l\u00e1ser de 2 l\u00edneas vers\u00e1til y de alto rendimiento o una soluci\u00f3n integral de nivel l\u00e1ser de l\u00edneas cruzadas verdes 3D.<\/p>\n<p><strong>Especificaciones del l\u00e1ser de l\u00ednea serie KLL-600<\/strong><\/p>\n<table>\n<tbody>\n<tr>\n<td>Modelo N\u00b0.<\/td>\n<td>KLL-D601R\/602R\/603R<\/td>\n<td>KLL-D601G\/602G\/603G<\/td>\n<\/tr>\n<tr>\n<td>Fuente de luz<\/td>\n<td>Rayo rojo<\/td>\n<td>Rayo verde<\/td>\n<\/tr>\n<tr>\n<td>Longitud de onda del l\u00e1ser<\/td>\n<td>635 nm<\/td>\n<td>520 nm<\/td>\n<\/tr>\n<tr>\n<td>Diodo l\u00e1ser<\/td>\n<td>100 MW<\/td>\n<td>30 MW<\/td>\n<\/tr>\n<tr>\n<td>Clase de seguridad l\u00e1ser<\/td>\n<td colspan=\"2\">Clase 2<\/td>\n<\/tr>\n<tr>\n<td>Rango de nivelaci\u00f3n:<\/td>\n<td colspan=\"2\">\u00b13\u00b0<\/td>\n<\/tr>\n<tr>\n<td>Tiempo de nivelaci\u00f3n<\/td>\n<td colspan=\"2\">&lt;5 segundos<\/td>\n<\/tr>\n<tr>\n<td>Precisi\u00f3n de nivelaci\u00f3n<\/td>\n<td colspan=\"2\">\u00b13 mm\/10 m<\/td>\n<\/tr>\n<tr>\n<td>Fuerza<\/td>\n<td colspan=\"2\">Bater\u00eda de iones de litio 18650 de 3,7 V y 4000 mAh<\/td>\n<\/tr>\n<tr>\n<td>Tiempo de operaci\u00f3n<\/td>\n<td colspan=\"2\">Aproximadamente 4 horas<\/td>\n<\/tr>\n<tr>\n<td>Temperatura de funcionamiento<\/td>\n<td colspan=\"2\">-10\u2103\uff5e+50\u2103<\/td>\n<\/tr>\n<tr>\n<td>Rosca de montaje<\/td>\n<td>1\/4\u2033-20\/1\/4\u2033-20\/1\/4\u2033-20 y 5\/8\u2033-11<\/td>\n<td>1\/4\u2033-20 y 5\/8\u2033-11<\/td>\n<\/tr>\n<tr>\n<td>Impermeable<\/td>\n<td colspan=\"2\">IP54<\/td>\n<\/tr>\n<\/tbody>\n<\/table>","protected":false},"excerpt":{"rendered":"<ul>\n<li>Opciones de color l\u00e1ser dual: seleccione un haz rojo de alta potencia o un haz verde significativamente m\u00e1s brillante para una excelente visibilidad.<\/li>\n<li>Nivelaci\u00f3n autom\u00e1tica r\u00e1pida: se nivela autom\u00e1ticamente dentro de \u00b13\u00b0 en menos de 5 segundos para una configuraci\u00f3n inmediata y precisa.<\/li>\n<li>Bater\u00eda recargable de larga duraci\u00f3n: funciona con una bater\u00eda de iones de litio de 4000 mAh para un funcionamiento inal\u00e1mbrico prolongado.<\/li>\n<\/ul>","protected":false},"featured_media":4727,"comment_status":"open","ping_status":"closed","template":"","meta":[],"product_brand":[],"product_cat":[92],"product_tag":[],"class_list":{"0":"post-4726","1":"product","2":"type-product","3":"status-publish","4":"has-post-thumbnail","6":"product_cat-line-laser","8":"first","9":"instock","10":"shipping-taxable","11":"product-type-simple"},"_links":{"self":[{"href":"https:\/\/mountlaser.com\/es\/wp-json\/wp\/v2\/product\/4726","targetHints":{"allow":["GET"]}}],"collection":[{"href":"https:\/\/mountlaser.com\/es\/wp-json\/wp\/v2\/product"}],"about":[{"href":"https:\/\/mountlaser.com\/es\/wp-json\/wp\/v2\/types\/product"}],"replies":[{"embeddable":true,"href":"https:\/\/mountlaser.com\/es\/wp-json\/wp\/v2\/comments?post=4726"}],"wp:featuredmedia":[{"embeddable":true,"href":"https:\/\/mountlaser.com\/es\/wp-json\/wp\/v2\/media\/4727"}],"wp:attachment":[{"href":"https:\/\/mountlaser.com\/es\/wp-json\/wp\/v2\/media?parent=4726"}],"wp:term":[{"taxonomy":"product_brand","embeddable":true,"href":"https:\/\/mountlaser.com\/es\/wp-json\/wp\/v2\/product_brand?post=4726"},{"taxonomy":"product_cat","embeddable":true,"href":"https:\/\/mountlaser.com\/es\/wp-json\/wp\/v2\/product_cat?post=4726"},{"taxonomy":"product_tag","embeddable":true,"href":"https:\/\/mountlaser.com\/es\/wp-json\/wp\/v2\/product_tag?post=4726"}],"curies":[{"name":"wp","href":"https:\/\/api.w.org\/{rel}","templated":true}]}}