{"id":4722,"date":"2025-11-21T02:05:02","date_gmt":"2025-11-21T02:05:02","guid":{"rendered":"https:\/\/mountlaser.com\/?post_type=product&#038;p=4722"},"modified":"2025-11-26T06:31:42","modified_gmt":"2025-11-26T06:31:42","slug":"line-laser-kll-d300-series","status":"publish","type":"product","link":"https:\/\/mountlaser.com\/es\/producto\/line-laser-kll-d300-series\/","title":{"rendered":"L\u00e1ser de l\u00ednea serie KLL-D300"},"content":{"rendered":"<p><strong>Descripci\u00f3n general del l\u00e1ser de l\u00ednea serie KLL-D300<\/strong><\/p>\n<p>El <a href=\"https:\/\/mountlaser.com\/es\/about-us\/\"><strong>L\u00e1ser de l\u00ednea serie KLL-D300<\/strong><\/a> Redefine la precisi\u00f3n y la versatilidad para el trabajo profesional de dise\u00f1o. Esta completa serie incluye el KLL-D301\/302, niveles l\u00e1ser de l\u00ednea avanzados que proyectan sobre ocho superficies para una cobertura total de 360\u00b0, y el innovador...<a href=\"https:\/\/mountlaser.com\/es\/contact-us\/\"> KLL-D303<\/a>, Un modelo 3D que se proyecta sobre doce superficies para una planificaci\u00f3n espacial de vanguardia. Disponibles en variantes de haz verde de alta visibilidad y haz rojo est\u00e1ndar, estas herramientas est\u00e1n dise\u00f1adas para las obras m\u00e1s exigentes.<\/p>\n<p>La funci\u00f3n principal de los modelos D301 y D302 es su funci\u00f3n de l\u00e1ser autonivelante de l\u00edneas cruzadas de alta eficiencia. Nivelan autom\u00e1ticamente con un margen de error de \u00b13\u00b0 en menos de 5 segundos, lo que garantiza una precisi\u00f3n de \u00b13 mm\/10 m para una alineaci\u00f3n horizontal y vertical impecable. Este robusto... <a href=\"https:\/\/mountlaser.com\/es\/categoria-producto\/line-laser\/\"><strong>L\u00e1ser de l\u00edneas cruzadas autonivelante<\/strong><\/a> El sistema, combinado con una clasificaci\u00f3n IP54, garantiza la fiabilidad en condiciones dif\u00edciles. Para los profesionales que buscan la tecnolog\u00eda de dise\u00f1o m\u00e1s avanzada, la serie KLL-D300 ofrece una gama de niveles l\u00e1ser de l\u00ednea que se adaptan a cualquier complejidad de proyecto, desde alineaciones b\u00e1sicas hasta modelado 3D completo.<\/p>\n<p>&nbsp;<\/p>\n<p><img fetchpriority=\"high\" decoding=\"async\" class=\"aligncenter wp-image-4723\" src=\"https:\/\/mountlaser.com\/wp-content\/uploads\/2025\/11\/KLL-3001.webp\" alt=\"Self-Leveling Cross Line Laser\" width=\"500\" height=\"500\" srcset=\"https:\/\/mountlaser.com\/wp-content\/uploads\/2025\/11\/KLL-3001.webp 800w, https:\/\/mountlaser.com\/wp-content\/uploads\/2025\/11\/KLL-3001-300x300.webp 300w, https:\/\/mountlaser.com\/wp-content\/uploads\/2025\/11\/KLL-3001-400x400.webp 400w, https:\/\/mountlaser.com\/wp-content\/uploads\/2025\/11\/KLL-3001-600x600.webp 600w, https:\/\/mountlaser.com\/wp-content\/uploads\/2025\/11\/KLL-3001-150x150.webp 150w, https:\/\/mountlaser.com\/wp-content\/uploads\/2025\/11\/KLL-3001-768x768.webp 768w, https:\/\/mountlaser.com\/wp-content\/uploads\/2025\/11\/KLL-3001-12x12.webp 12w\" sizes=\"(max-width: 500px) 100vw, 500px\" \/><\/p>\n<p>&nbsp;<\/p>\n<p><strong>Especificaciones del l\u00e1ser de l\u00ednea serie KLL-D300<\/strong><\/p>\n<table>\n<tbody>\n<tr>\n<td>Modelo N\u00b0.<\/td>\n<td>KLL-D301R\/D302R\/303R<\/td>\n<td>KLL-D301G\/D302G\/303G<\/td>\n<\/tr>\n<tr>\n<td>Fuente de luz<\/td>\n<td>Rayo rojo<\/td>\n<td>Rayo verde<\/td>\n<\/tr>\n<tr>\n<td>Longitud de onda del l\u00e1ser<\/td>\n<td>635 nm<\/td>\n<td>520 nm<\/td>\n<\/tr>\n<tr>\n<td>Diodo l\u00e1ser<\/td>\n<td>100 MW<\/td>\n<td>30 MW<\/td>\n<\/tr>\n<tr>\n<td>Clase de seguridad l\u00e1ser<\/td>\n<td colspan=\"2\">Clase 2<\/td>\n<\/tr>\n<tr>\n<td>Rango de nivelaci\u00f3n:<\/td>\n<td colspan=\"2\">\u00b13\u00b0<\/td>\n<\/tr>\n<tr>\n<td>Tiempo de nivelaci\u00f3n<\/td>\n<td colspan=\"2\">&lt;5 segundos<\/td>\n<\/tr>\n<tr>\n<td>Precisi\u00f3n de nivelaci\u00f3n<\/td>\n<td colspan=\"2\">\u00b13 mm\/10 m<\/td>\n<\/tr>\n<tr>\n<td>Fuerza<\/td>\n<td colspan=\"2\">Bater\u00eda de iones de litio 18650 de 3,7 V y 4000 mAh<\/td>\n<\/tr>\n<tr>\n<td>Tiempo de operaci\u00f3n<\/td>\n<td colspan=\"2\">Aproximadamente 4 horas<\/td>\n<\/tr>\n<tr>\n<td>Temperatura de funcionamiento<\/td>\n<td colspan=\"2\">-10\u2103\uff5e+50\u2103<\/td>\n<\/tr>\n<tr>\n<td>Rosca de montaje<\/td>\n<td colspan=\"2\">1\/4\u2033-20<\/td>\n<\/tr>\n<tr>\n<td>Impermeable<\/td>\n<td colspan=\"2\">IP54<\/td>\n<\/tr>\n<\/tbody>\n<\/table>","protected":false},"excerpt":{"rendered":"<ul>\n<li>Proyecci\u00f3n multisuperficie: elija entre modelos 2D de 8 l\u00edneas (D301\/302) para una cobertura de 360\u00b0 o el modelo 3D de 12 l\u00edneas (D303) para un dise\u00f1o espacial completo.<\/li>\n<li>Opciones de l\u00e1ser dual: seleccione el haz rojo para uso est\u00e1ndar o un haz verde 6 veces m\u00e1s brillante para una visibilidad superior.<\/li>\n<li>Nivelaci\u00f3n autom\u00e1tica: se nivela autom\u00e1ticamente dentro de un rango de \u00b13\u00b0 para una configuraci\u00f3n instant\u00e1nea y precisa (&lt;5 segundos).<\/li>\n<\/ul>","protected":false},"featured_media":4725,"comment_status":"open","ping_status":"closed","template":"","meta":[],"product_brand":[],"product_cat":[92],"product_tag":[],"class_list":{"0":"post-4722","1":"product","2":"type-product","3":"status-publish","4":"has-post-thumbnail","6":"product_cat-line-laser","8":"first","9":"instock","10":"shipping-taxable","11":"product-type-simple"},"_links":{"self":[{"href":"https:\/\/mountlaser.com\/es\/wp-json\/wp\/v2\/product\/4722","targetHints":{"allow":["GET"]}}],"collection":[{"href":"https:\/\/mountlaser.com\/es\/wp-json\/wp\/v2\/product"}],"about":[{"href":"https:\/\/mountlaser.com\/es\/wp-json\/wp\/v2\/types\/product"}],"replies":[{"embeddable":true,"href":"https:\/\/mountlaser.com\/es\/wp-json\/wp\/v2\/comments?post=4722"}],"wp:featuredmedia":[{"embeddable":true,"href":"https:\/\/mountlaser.com\/es\/wp-json\/wp\/v2\/media\/4725"}],"wp:attachment":[{"href":"https:\/\/mountlaser.com\/es\/wp-json\/wp\/v2\/media?parent=4722"}],"wp:term":[{"taxonomy":"product_brand","embeddable":true,"href":"https:\/\/mountlaser.com\/es\/wp-json\/wp\/v2\/product_brand?post=4722"},{"taxonomy":"product_cat","embeddable":true,"href":"https:\/\/mountlaser.com\/es\/wp-json\/wp\/v2\/product_cat?post=4722"},{"taxonomy":"product_tag","embeddable":true,"href":"https:\/\/mountlaser.com\/es\/wp-json\/wp\/v2\/product_tag?post=4722"}],"curies":[{"name":"wp","href":"https:\/\/api.w.org\/{rel}","templated":true}]}}