{"id":4721,"date":"2025-11-21T02:17:17","date_gmt":"2025-11-21T02:17:17","guid":{"rendered":"https:\/\/mountlaser.com\/?post_type=product&#038;p=4721"},"modified":"2025-11-26T06:29:06","modified_gmt":"2025-11-26T06:29:06","slug":"lp700-rotary-laser-receiver","status":"publish","type":"product","link":"https:\/\/mountlaser.com\/es\/producto\/lp700-rotary-laser-receiver\/","title":{"rendered":"Receptor l\u00e1ser rotatorio LP700"},"content":{"rendered":"<p>El<a href=\"https:\/\/mountlaser.com\/es\/\"><strong> Receptor l\u00e1ser rotatorio LP700<\/strong><\/a> es de alta precisi\u00f3n<a href=\"https:\/\/mountlaser.com\/es\/about-us\/\"> <strong>Detector de nivel l\u00e1ser<\/strong> <\/a>Dise\u00f1ado para proporcionar lecturas estables y precisas en una amplia gama de aplicaciones de construcci\u00f3n, topograf\u00eda y nivelaci\u00f3n en exteriores. Con un dise\u00f1o duradero recubierto de goma, el receptor l\u00e1ser rotatorio LP700 ofrece una mayor resistencia a los impactos, lo que lo hace fiable para entornos de obra exigentes.<\/p>\n<p>Equipado con un potente dise\u00f1o magn\u00e9tico en la parte superior, este detector de nivel l\u00e1ser ofrece una excelente usabilidad, permitiendo su f\u00e1cil instalaci\u00f3n en superficies met\u00e1licas para un funcionamiento manos libres. El receptor l\u00e1ser rotatorio LP700 admite un radio de uso de 600 a 800 m cuando se combina con l\u00e1seres rotatorios MountLaser, y de \u2265600 m cuando se utiliza con otros l\u00e1seres rotatorios, lo que garantiza una detecci\u00f3n a larga distancia y un rendimiento constante.<\/p>\n<p><img fetchpriority=\"high\" decoding=\"async\" class=\"aligncenter wp-image-4710\" src=\"https:\/\/mountlaser.com\/wp-content\/uploads\/2025\/11\/LP7004.webp\" alt=\"LP700 Rotary Laser Receiver\" width=\"500\" height=\"500\" srcset=\"https:\/\/mountlaser.com\/wp-content\/uploads\/2025\/11\/LP7004.webp 800w, https:\/\/mountlaser.com\/wp-content\/uploads\/2025\/11\/LP7004-300x300.webp 300w, https:\/\/mountlaser.com\/wp-content\/uploads\/2025\/11\/LP7004-400x400.webp 400w, https:\/\/mountlaser.com\/wp-content\/uploads\/2025\/11\/LP7004-600x600.webp 600w, https:\/\/mountlaser.com\/wp-content\/uploads\/2025\/11\/LP7004-150x150.webp 150w, https:\/\/mountlaser.com\/wp-content\/uploads\/2025\/11\/LP7004-768x768.webp 768w, https:\/\/mountlaser.com\/wp-content\/uploads\/2025\/11\/LP7004-12x12.webp 12w\" sizes=\"(max-width: 500px) 100vw, 500px\" \/><\/p>\n<p>Con su pantalla clara que muestra informaci\u00f3n de distancia, abrazadera incluida para un f\u00e1cil montaje y funcionamiento con pilas AA, este <a href=\"https:\/\/mountlaser.com\/es\/products\/\">Detector de nivel l\u00e1ser<\/a> Est\u00e1 dise\u00f1ado para brindar comodidad, eficiencia y rendimiento confiable en el campo.<\/p>","protected":false},"excerpt":{"rendered":"<ul>\n<li>Detecta se\u00f1ales l\u00e1ser rotatorias de forma r\u00e1pida y precisa<\/li>\n<li>La carcasa revestida de goma mejora la durabilidad y la resistencia al impacto.<\/li>\n<li>Dise\u00f1o superior magn\u00e9tico fuerte para montaje con manos libres en superficies met\u00e1licas<\/li>\n<li>Muestra informaci\u00f3n de distancia para ajustes de nivelaci\u00f3n precisos<\/li>\n<li>Gran di\u00e1metro de trabajo: 600\u2013800 m con l\u00e1seres rotativos MountLaser; \u2265600 m con otros<\/li>\n<li>Viene con una abrazadera de montaje para una f\u00e1cil instalaci\u00f3n.<\/li>\n<li>Funciona con pilas alcalinas AA est\u00e1ndar.<\/li>\n<\/ul>","protected":false},"featured_media":4707,"comment_status":"open","ping_status":"closed","template":"","meta":[],"product_brand":[],"product_cat":[134,93],"product_tag":[],"class_list":{"0":"post-4721","1":"product","2":"type-product","3":"status-publish","4":"has-post-thumbnail","6":"product_cat-rotary-laser-receiver","7":"product_cat-rotary-laser","9":"first","10":"instock","11":"shipping-taxable","12":"product-type-simple"},"_links":{"self":[{"href":"https:\/\/mountlaser.com\/es\/wp-json\/wp\/v2\/product\/4721","targetHints":{"allow":["GET"]}}],"collection":[{"href":"https:\/\/mountlaser.com\/es\/wp-json\/wp\/v2\/product"}],"about":[{"href":"https:\/\/mountlaser.com\/es\/wp-json\/wp\/v2\/types\/product"}],"replies":[{"embeddable":true,"href":"https:\/\/mountlaser.com\/es\/wp-json\/wp\/v2\/comments?post=4721"}],"wp:featuredmedia":[{"embeddable":true,"href":"https:\/\/mountlaser.com\/es\/wp-json\/wp\/v2\/media\/4707"}],"wp:attachment":[{"href":"https:\/\/mountlaser.com\/es\/wp-json\/wp\/v2\/media?parent=4721"}],"wp:term":[{"taxonomy":"product_brand","embeddable":true,"href":"https:\/\/mountlaser.com\/es\/wp-json\/wp\/v2\/product_brand?post=4721"},{"taxonomy":"product_cat","embeddable":true,"href":"https:\/\/mountlaser.com\/es\/wp-json\/wp\/v2\/product_cat?post=4721"},{"taxonomy":"product_tag","embeddable":true,"href":"https:\/\/mountlaser.com\/es\/wp-json\/wp\/v2\/product_tag?post=4721"}],"curies":[{"name":"wp","href":"https:\/\/api.w.org\/{rel}","templated":true}]}}