{"id":4717,"date":"2025-11-21T01:51:49","date_gmt":"2025-11-21T01:51:49","guid":{"rendered":"https:\/\/mountlaser.com\/?post_type=product&#038;p=4717"},"modified":"2025-11-26T06:33:01","modified_gmt":"2025-11-26T06:33:01","slug":"line-laser-kll-012","status":"publish","type":"product","link":"https:\/\/mountlaser.com\/es\/producto\/line-laser-kll-012\/","title":{"rendered":"L\u00e1ser de l\u00ednea KLL-012"},"content":{"rendered":"<p>El l\u00e1ser de montaje <a href=\"https:\/\/mountlaser.com\/es\/products\/\"><strong>L\u00e1ser de l\u00ednea KLL-012<\/strong><\/a> Es vers\u00e1til y f\u00e1cil de usar. <a href=\"https:\/\/mountlaser.com\/es\/about-us\/\"><strong>Niveles l\u00e1ser 2D<\/strong><\/a>, Dise\u00f1ado para ofrecer precisi\u00f3n y simplicidad en una gran variedad de proyectos de nivelaci\u00f3n y alineaci\u00f3n. Esta herramienta est\u00e1 disponible en dos modelos: el KLL-012R con haz rojo est\u00e1ndar y el KLL-012G con haz verde de alta visibilidad, significativamente m\u00e1s brillante para su uso en entornos bien iluminados. En esencia, el KLL-012 funciona como un nivel l\u00e1ser de l\u00edneas cruzadas de alta precisi\u00f3n, proyectando l\u00edneas horizontales y verticales n\u00edtidas para tareas esenciales como colgar cuadros, instalar estanter\u00edas o colocar azulejos.<\/p>\n<p>\u00bfQu\u00e9 hace que este instrumento destaque en la categor\u00eda de <a href=\"https:\/\/mountlaser.com\/es\/contact-us\/\">Niveles l\u00e1ser 2D<\/a> Su robusto mecanismo de autonivelaci\u00f3n lo convierte en el nivel l\u00e1ser m\u00e1s robusto del mercado. Se nivela autom\u00e1ticamente en un rango de \u00b13\u00b0 en menos de 5 segundos, garantizando una precisi\u00f3n de \u00b13 mm\/10 m para obtener resultados fiables en todo momento. Su construcci\u00f3n duradera, con clasificaci\u00f3n IP54 de resistencia al polvo y al agua, garantiza que este nivel l\u00e1ser de l\u00edneas cruzadas est\u00e9 dise\u00f1ado para soportar las exigencias del lugar de trabajo. Para cualquier profesional o aficionado que busque un nivel l\u00e1ser 2D fiable y preciso, el KLL-012 ofrece la funcionalidad esencial para realizar el trabajo correctamente.<\/p>\n<p><img fetchpriority=\"high\" decoding=\"async\" class=\"aligncenter wp-image-4718\" src=\"https:\/\/mountlaser.com\/wp-content\/uploads\/2025\/11\/KLL-0121.webp\" alt=\"2D Laser Levels\" width=\"500\" height=\"500\" srcset=\"https:\/\/mountlaser.com\/wp-content\/uploads\/2025\/11\/KLL-0121.webp 800w, https:\/\/mountlaser.com\/wp-content\/uploads\/2025\/11\/KLL-0121-300x300.webp 300w, https:\/\/mountlaser.com\/wp-content\/uploads\/2025\/11\/KLL-0121-400x400.webp 400w, https:\/\/mountlaser.com\/wp-content\/uploads\/2025\/11\/KLL-0121-600x600.webp 600w, https:\/\/mountlaser.com\/wp-content\/uploads\/2025\/11\/KLL-0121-150x150.webp 150w, https:\/\/mountlaser.com\/wp-content\/uploads\/2025\/11\/KLL-0121-768x768.webp 768w, https:\/\/mountlaser.com\/wp-content\/uploads\/2025\/11\/KLL-0121-12x12.webp 12w\" sizes=\"(max-width: 500px) 100vw, 500px\" \/><\/p>\n<p>&nbsp;<\/p>\n<p><strong>Especificaciones del l\u00e1ser de l\u00ednea KLL-012<\/strong><\/p>\n<table style=\"height: 423px;\" border=\"0\" width=\"704\">\n<tbody>\n<tr>\n<td class=\"et2\">Modelo N\u00b0.<\/td>\n<td class=\"et2\">KLL-012R<\/td>\n<td class=\"et2\">KLL-012G<\/td>\n<\/tr>\n<tr>\n<td class=\"et2\">Fuente de luz<\/td>\n<td class=\"et2\">Rayo rojo<\/td>\n<td class=\"et2\">Rayo verde<\/td>\n<\/tr>\n<tr>\n<td class=\"et2\">Longitud de onda del l\u00e1ser<\/td>\n<td class=\"et2\">635 nm<\/td>\n<td class=\"et2\">520 nm<\/td>\n<\/tr>\n<tr>\n<td class=\"et2\">Diodo l\u00e1ser<\/td>\n<td class=\"et2\">10 MW<\/td>\n<td class=\"et2\">30 MW<\/td>\n<\/tr>\n<tr>\n<td class=\"et2\">Clase de seguridad l\u00e1ser<\/td>\n<td class=\"et4\" colspan=\"2\">Clase 2<\/td>\n<\/tr>\n<tr>\n<td class=\"et2\">Rango de nivelaci\u00f3n:<\/td>\n<td class=\"et4\" colspan=\"2\">\u00b13\u00b0<\/td>\n<\/tr>\n<tr>\n<td class=\"et2\">Tiempo de nivelaci\u00f3n<\/td>\n<td class=\"et4\" colspan=\"2\">&lt;5 segundos<\/td>\n<\/tr>\n<tr>\n<td class=\"et2\">Precisi\u00f3n de nivelaci\u00f3n<\/td>\n<td class=\"et4\" colspan=\"2\">\u00b13 mm\/10 m<\/td>\n<\/tr>\n<tr>\n<td class=\"et2\">Fuerza<\/td>\n<td class=\"et4\" colspan=\"2\">3 pilas alcalinas AAA<\/td>\n<\/tr>\n<tr>\n<td class=\"et2\">Tiempo de operaci\u00f3n<\/td>\n<td class=\"et2\">Unas 8h<\/td>\n<td class=\"et2\">Unas 6h<\/td>\n<\/tr>\n<tr>\n<td class=\"et2\">Temperatura de funcionamiento<\/td>\n<td class=\"et4\" colspan=\"2\">-10\u2103-+50\u2103<\/td>\n<\/tr>\n<tr>\n<td class=\"et2\">Rosca de montaje<\/td>\n<td class=\"et4\" colspan=\"2\">1\/4\u2033-20<\/td>\n<\/tr>\n<tr>\n<td class=\"et2\">Impermeable<\/td>\n<td class=\"et4\" colspan=\"2\">IP54<\/td>\n<\/tr>\n<\/tbody>\n<\/table>","protected":false},"excerpt":{"rendered":"<ul>\n<li>Proyecci\u00f3n de l\u00ednea cruzada: proyecta una l\u00ednea horizontal clara y una l\u00ednea vertical para tareas de alineaci\u00f3n esenciales.<\/li>\n<li>Autonivelaci\u00f3n: se nivela autom\u00e1ticamente dentro de un rango de \u00b13\u00b0 para una configuraci\u00f3n inmediata y precisa.<\/li>\n<li>Modo manual: el bloqueo del p\u00e9ndulo permite realizar l\u00edneas en \u00e1ngulo o un transporte seguro.<\/li>\n<li>Bater\u00eda de larga duraci\u00f3n: funciona con 3 pilas AAA, que ofrecen hasta 8 horas (rojo) o 6 horas (verde) de funcionamiento.<\/li>\n<\/ul>","protected":false},"featured_media":4720,"comment_status":"open","ping_status":"closed","template":"","meta":[],"product_brand":[],"product_cat":[92],"product_tag":[],"class_list":{"0":"post-4717","1":"product","2":"type-product","3":"status-publish","4":"has-post-thumbnail","6":"product_cat-line-laser","8":"first","9":"instock","10":"shipping-taxable","11":"product-type-simple"},"_links":{"self":[{"href":"https:\/\/mountlaser.com\/es\/wp-json\/wp\/v2\/product\/4717","targetHints":{"allow":["GET"]}}],"collection":[{"href":"https:\/\/mountlaser.com\/es\/wp-json\/wp\/v2\/product"}],"about":[{"href":"https:\/\/mountlaser.com\/es\/wp-json\/wp\/v2\/types\/product"}],"replies":[{"embeddable":true,"href":"https:\/\/mountlaser.com\/es\/wp-json\/wp\/v2\/comments?post=4717"}],"wp:featuredmedia":[{"embeddable":true,"href":"https:\/\/mountlaser.com\/es\/wp-json\/wp\/v2\/media\/4720"}],"wp:attachment":[{"href":"https:\/\/mountlaser.com\/es\/wp-json\/wp\/v2\/media?parent=4717"}],"wp:term":[{"taxonomy":"product_brand","embeddable":true,"href":"https:\/\/mountlaser.com\/es\/wp-json\/wp\/v2\/product_brand?post=4717"},{"taxonomy":"product_cat","embeddable":true,"href":"https:\/\/mountlaser.com\/es\/wp-json\/wp\/v2\/product_cat?post=4717"},{"taxonomy":"product_tag","embeddable":true,"href":"https:\/\/mountlaser.com\/es\/wp-json\/wp\/v2\/product_tag?post=4717"}],"curies":[{"name":"wp","href":"https:\/\/api.w.org\/{rel}","templated":true}]}}