{"id":4713,"date":"2025-11-21T01:37:15","date_gmt":"2025-11-21T01:37:15","guid":{"rendered":"https:\/\/mountlaser.com\/?post_type=product&#038;p=4713"},"modified":"2025-11-26T06:44:16","modified_gmt":"2025-11-26T06:44:16","slug":"line-laser-kll-015","status":"publish","type":"product","link":"https:\/\/mountlaser.com\/es\/producto\/line-laser-kll-015\/","title":{"rendered":"L\u00e1ser de l\u00ednea KLL-015"},"content":{"rendered":"<p>El <a href=\"https:\/\/mountlaser.com\/es\/products\/\"><strong>L\u00e1ser de l\u00ednea KLL-015<\/strong><\/a> Mount Laser es una herramienta vers\u00e1til y de alta precisi\u00f3n dise\u00f1ada para profesionales que exigen precisi\u00f3n y eficiencia. Este avanzado nivel l\u00e1ser de p\u00e9ndulo proyecta cinco l\u00edneas l\u00e1ser n\u00edtidas (tres verticales y dos horizontales) sobre cualquier superficie de trabajo, creando un plano de referencia completo de 360 grados para tareas de dise\u00f1o complejas. El innovador sistema l\u00e1ser de 5 l\u00edneas agiliza significativamente las instalaciones de azulejos, techos, tabiques y m\u00e1s.<\/p>\n<p>Equipado con un p\u00e9ndulo autonivelante, este <a href=\"https:\/\/mountlaser.com\/es\/\"><strong>Nivel l\u00e1ser de nivelaci\u00f3n de p\u00e9ndulo<\/strong><\/a> Garantiza una precisi\u00f3n excepcional de \u00b13 mm a 10 metros, nivel\u00e1ndose autom\u00e1ticamente en menos de 5 segundos. Para mayor flexibilidad, el p\u00e9ndulo se puede bloquear en modo manual, lo que permite crear l\u00edneas angulares. La caracter\u00edstica destacada de este... <a href=\"https:\/\/mountlaser.com\/es\/about-us\/\"><strong>L\u00e1ser de l\u00ednea de 5 l\u00edneas<\/strong><\/a> es su brillante haz verde, que es seis veces m\u00e1s brillante que los l\u00e1seres rojos est\u00e1ndar, lo que garantiza una visibilidad clara incluso en condiciones de iluminaci\u00f3n interior intensa y en distancias m\u00e1s largas.<\/p>\n<p><img fetchpriority=\"high\" decoding=\"async\" class=\"aligncenter wp-image-4714\" src=\"https:\/\/mountlaser.com\/wp-content\/uploads\/2025\/11\/KLL-0151.webp\" alt=\"5 line Line Laser\" width=\"500\" height=\"500\" srcset=\"https:\/\/mountlaser.com\/wp-content\/uploads\/2025\/11\/KLL-0151.webp 800w, https:\/\/mountlaser.com\/wp-content\/uploads\/2025\/11\/KLL-0151-300x300.webp 300w, https:\/\/mountlaser.com\/wp-content\/uploads\/2025\/11\/KLL-0151-400x400.webp 400w, https:\/\/mountlaser.com\/wp-content\/uploads\/2025\/11\/KLL-0151-600x600.webp 600w, https:\/\/mountlaser.com\/wp-content\/uploads\/2025\/11\/KLL-0151-150x150.webp 150w, https:\/\/mountlaser.com\/wp-content\/uploads\/2025\/11\/KLL-0151-768x768.webp 768w, https:\/\/mountlaser.com\/wp-content\/uploads\/2025\/11\/KLL-0151-12x12.webp 12w\" sizes=\"(max-width: 500px) 100vw, 500px\" \/><\/p>\n<p>&nbsp;<\/p>\n<p><strong>Especificaciones del l\u00e1ser de l\u00ednea KLL-015<\/strong><\/p>\n<table style=\"border-collapse: collapse; width: 544px; height: 406px;\" border=\"0\" width=\"346\" cellspacing=\"0\" cellpadding=\"0\">\n<tbody>\n<tr style=\"height: 19.50pt;\">\n<td class=\"et2\" style=\"height: 19.50pt; width: 135.00pt;\" width=\"180\" height=\"26\">Modelo N\u00b0.<\/td>\n<td class=\"et3\" style=\"width: 124.50pt;\" width=\"166\">KLL-015G<\/td>\n<\/tr>\n<tr style=\"height: 19.50pt;\">\n<td class=\"et4\" style=\"height: 19.50pt; width: 135.00pt;\" width=\"180\" height=\"26\">Fuente de luz<\/td>\n<td class=\"et5\" style=\"width: 124.50pt;\" width=\"166\">Rayo verde<\/td>\n<\/tr>\n<tr style=\"height: 19.50pt;\">\n<td class=\"et4\" style=\"height: 19.50pt; width: 135.00pt;\" width=\"180\" height=\"26\">Longitud de onda del l\u00e1ser<\/td>\n<td class=\"et5\" style=\"width: 124.50pt;\" width=\"166\">520 nm<\/td>\n<\/tr>\n<tr style=\"height: 19.50pt;\">\n<td class=\"et4\" style=\"height: 19.50pt; width: 135.00pt;\" width=\"180\" height=\"26\">Potencia del l\u00e1ser<\/td>\n<td class=\"et5\" style=\"width: 124.50pt;\" width=\"166\">30 MW<\/td>\n<\/tr>\n<tr style=\"height: 19.50pt;\">\n<td class=\"et4\" style=\"height: 19.50pt; width: 135.00pt;\" width=\"180\" height=\"26\">Diodo l\u00e1ser de punto descendente<\/td>\n<td class=\"et5\" style=\"width: 124.50pt;\" width=\"166\">Rojo 650 nm 5 mw<\/td>\n<\/tr>\n<tr style=\"height: 19.50pt;\">\n<td class=\"et4\" style=\"height: 19.50pt; width: 135.00pt;\" width=\"180\" height=\"26\">Clase de seguridad l\u00e1ser<\/td>\n<td class=\"et5\" style=\"width: 124.50pt;\" width=\"166\">Clase 2<\/td>\n<\/tr>\n<tr style=\"height: 19.50pt;\">\n<td class=\"et4\" style=\"height: 19.50pt; width: 135.00pt;\" width=\"180\" height=\"26\">Rango de nivelaci\u00f3n<\/td>\n<td class=\"et5\" style=\"width: 124.50pt;\" width=\"166\">\u00b13\u00b0<\/td>\n<\/tr>\n<tr style=\"height: 19.50pt;\">\n<td class=\"et4\" style=\"height: 19.50pt; width: 135.00pt;\" width=\"180\" height=\"26\">Tiempo de nivelaci\u00f3n<\/td>\n<td class=\"et5\" style=\"width: 124.50pt;\" width=\"166\">&lt;5 segundos<\/td>\n<\/tr>\n<tr style=\"height: 19.50pt;\">\n<td class=\"et4\" style=\"height: 19.50pt; width: 135.00pt;\" width=\"180\" height=\"26\">Precisi\u00f3n de nivelaci\u00f3n<\/td>\n<td class=\"et5\" style=\"width: 124.50pt;\" width=\"166\">\u00b13 mm\/10 m<\/td>\n<\/tr>\n<tr style=\"height: 38.25pt;\">\n<td class=\"et4\" style=\"height: 38.25pt; width: 135.00pt;\" width=\"180\" height=\"51\">Fuerza<\/td>\n<td class=\"et5\" style=\"width: 124.50pt;\" width=\"166\">Bater\u00eda de iones de litio 18650 de 3,7 V y 4000 mAh<\/td>\n<\/tr>\n<tr style=\"height: 19.50pt;\">\n<td class=\"et4\" style=\"height: 19.50pt; width: 135.00pt;\" width=\"180\" height=\"26\">Tiempo de operaci\u00f3n<\/td>\n<td class=\"et5\" style=\"width: 124.50pt;\" width=\"166\">Unas 6h<\/td>\n<\/tr>\n<tr style=\"height: 19.50pt;\">\n<td class=\"et4\" style=\"height: 19.50pt; width: 135.00pt;\" width=\"180\" height=\"26\">Temperatura de funcionamiento<\/td>\n<td class=\"et5\" style=\"width: 124.50pt;\" width=\"166\">-10\u2103\uff5e+50\u2103<\/td>\n<\/tr>\n<tr style=\"height: 19.50pt;\">\n<td class=\"et4\" style=\"height: 19.50pt; width: 135.00pt;\" width=\"180\" height=\"26\">Rosca de montaje<\/td>\n<td class=\"et5\" style=\"width: 124.50pt;\" width=\"166\">5\/8\u2033-11<\/td>\n<\/tr>\n<tr style=\"height: 19.50pt;\">\n<td class=\"et4\" style=\"height: 19.50pt; width: 135.00pt;\" width=\"180\" height=\"26\">Impermeable<\/td>\n<td class=\"et5\" style=\"width: 124.50pt;\" width=\"166\">IP54<\/td>\n<\/tr>\n<\/tbody>\n<\/table>","protected":false},"excerpt":{"rendered":"<ul>\n<li>L\u00e1ser de l\u00ednea de 5 l\u00edneas: proyecta dos l\u00edneas horizontales y tres verticales para una cobertura de dise\u00f1o integral.<\/li>\n<li>Tecnolog\u00eda l\u00e1ser verde: cuenta con un haz verde de 520 nm que es 6 veces m\u00e1s brillante que los l\u00e1seres rojos para una visibilidad superior.<\/li>\n<li>P\u00e9ndulo autonivelante: se nivela autom\u00e1ticamente dentro de un rango de \u00b13\u00b0 para configuraciones inmediatas y precisas.<\/li>\n<\/ul>","protected":false},"featured_media":4716,"comment_status":"open","ping_status":"closed","template":"","meta":[],"product_brand":[],"product_cat":[92],"product_tag":[],"class_list":{"0":"post-4713","1":"product","2":"type-product","3":"status-publish","4":"has-post-thumbnail","6":"product_cat-line-laser","8":"first","9":"instock","10":"shipping-taxable","11":"product-type-simple"},"_links":{"self":[{"href":"https:\/\/mountlaser.com\/es\/wp-json\/wp\/v2\/product\/4713","targetHints":{"allow":["GET"]}}],"collection":[{"href":"https:\/\/mountlaser.com\/es\/wp-json\/wp\/v2\/product"}],"about":[{"href":"https:\/\/mountlaser.com\/es\/wp-json\/wp\/v2\/types\/product"}],"replies":[{"embeddable":true,"href":"https:\/\/mountlaser.com\/es\/wp-json\/wp\/v2\/comments?post=4713"}],"wp:featuredmedia":[{"embeddable":true,"href":"https:\/\/mountlaser.com\/es\/wp-json\/wp\/v2\/media\/4716"}],"wp:attachment":[{"href":"https:\/\/mountlaser.com\/es\/wp-json\/wp\/v2\/media?parent=4713"}],"wp:term":[{"taxonomy":"product_brand","embeddable":true,"href":"https:\/\/mountlaser.com\/es\/wp-json\/wp\/v2\/product_brand?post=4713"},{"taxonomy":"product_cat","embeddable":true,"href":"https:\/\/mountlaser.com\/es\/wp-json\/wp\/v2\/product_cat?post=4713"},{"taxonomy":"product_tag","embeddable":true,"href":"https:\/\/mountlaser.com\/es\/wp-json\/wp\/v2\/product_tag?post=4713"}],"curies":[{"name":"wp","href":"https:\/\/api.w.org\/{rel}","templated":true}]}}