{"id":4712,"date":"2025-11-21T01:29:23","date_gmt":"2025-11-21T01:29:23","guid":{"rendered":"https:\/\/mountlaser.com\/?post_type=product&#038;p=4712"},"modified":"2025-11-26T06:45:39","modified_gmt":"2025-11-26T06:45:39","slug":"lp500-rotary-laser-receiver","status":"publish","type":"product","link":"https:\/\/mountlaser.com\/es\/producto\/lp500-rotary-laser-receiver\/","title":{"rendered":"Receptor l\u00e1ser rotatorio LP500"},"content":{"rendered":"<p>El <a href=\"https:\/\/mountlaser.com\/es\/\"><strong>Receptor l\u00e1ser rotatorio LP500<\/strong> <\/a>es de alto rendimiento <a href=\"https:\/\/mountlaser.com\/es\/products\/\"><strong>Receptor de nivel l\u00e1ser universal<\/strong><\/a> Dise\u00f1ado para detecci\u00f3n de largo alcance y funcionamiento fiable en exteriores. Con una robusta carcasa revestida de goma, el receptor l\u00e1ser giratorio LP500 ofrece una resistencia superior a los impactos, lo que garantiza un rendimiento fiable en lugares de trabajo dif\u00edciles.<\/p>\n<p>Con un potente dise\u00f1o magn\u00e9tico en la parte superior, este receptor de nivel l\u00e1ser universal se fija de forma segura a superficies met\u00e1licas para un funcionamiento manos libres, lo que mejora la eficiencia del trabajo. Al combinarse con un l\u00e1ser rotatorio MountLaser, el... <a href=\"https:\/\/mountlaser.com\/es\/about-us\/\">Receptor l\u00e1ser rotatorio LP500<\/a> Proporciona un di\u00e1metro de uso de 800 a 1000 m y \u2265600 m con otros l\u00e1seres rotatorios, ideal para construcci\u00f3n, topograf\u00eda y nivelaci\u00f3n de \u00e1reas grandes.<\/p>\n<p><img fetchpriority=\"high\" decoding=\"async\" class=\"aligncenter wp-image-4703\" src=\"https:\/\/mountlaser.com\/wp-content\/uploads\/2025\/11\/LP5002.webp\" alt=\"LP500 Rotary Laser Receiver\" width=\"500\" height=\"500\" srcset=\"https:\/\/mountlaser.com\/wp-content\/uploads\/2025\/11\/LP5002.webp 800w, https:\/\/mountlaser.com\/wp-content\/uploads\/2025\/11\/LP5002-300x300.webp 300w, https:\/\/mountlaser.com\/wp-content\/uploads\/2025\/11\/LP5002-400x400.webp 400w, https:\/\/mountlaser.com\/wp-content\/uploads\/2025\/11\/LP5002-600x600.webp 600w, https:\/\/mountlaser.com\/wp-content\/uploads\/2025\/11\/LP5002-150x150.webp 150w, https:\/\/mountlaser.com\/wp-content\/uploads\/2025\/11\/LP5002-768x768.webp 768w, https:\/\/mountlaser.com\/wp-content\/uploads\/2025\/11\/LP5002-12x12.webp 12w\" sizes=\"(max-width: 500px) 100vw, 500px\" \/><\/p>\n<p>El receptor de nivel l\u00e1ser universal viene equipado con una abrazadera para una f\u00e1cil fijaci\u00f3n a las varillas de nivelaci\u00f3n y funciona con bater\u00edas alcalinas AA est\u00e1ndar, lo que lo hace conveniente y confiable para el uso en campo durante todo el d\u00eda.<\/p>","protected":false},"excerpt":{"rendered":"<ul>\n<li>Detecci\u00f3n de largo alcance: 800\u20131000 m con l\u00e1seres rotatorios MountLaser \u2265600 m de alcance de detecci\u00f3n con otros l\u00e1seres rotatorios<\/li>\n<li>Cuerpo recubierto de goma para una mayor resistencia al impacto.<\/li>\n<li>Dise\u00f1o superior magn\u00e9tico fuerte para un montaje seguro<\/li>\n<li>Incluye abrazadera para varillas y aplicaciones de nivelaci\u00f3n.<\/li>\n<li>Funciona con pilas alcalinas AA, ampliamente disponibles.<\/li>\n<li>Adecuado para construcci\u00f3n al aire libre, nivelaci\u00f3n y topograf\u00eda.<\/li>\n<\/ul>","protected":false},"featured_media":4702,"comment_status":"open","ping_status":"closed","template":"","meta":[],"product_brand":[],"product_cat":[134,93],"product_tag":[],"class_list":{"0":"post-4712","1":"product","2":"type-product","3":"status-publish","4":"has-post-thumbnail","6":"product_cat-rotary-laser-receiver","7":"product_cat-rotary-laser","9":"first","10":"instock","11":"shipping-taxable","12":"product-type-simple"},"_links":{"self":[{"href":"https:\/\/mountlaser.com\/es\/wp-json\/wp\/v2\/product\/4712","targetHints":{"allow":["GET"]}}],"collection":[{"href":"https:\/\/mountlaser.com\/es\/wp-json\/wp\/v2\/product"}],"about":[{"href":"https:\/\/mountlaser.com\/es\/wp-json\/wp\/v2\/types\/product"}],"replies":[{"embeddable":true,"href":"https:\/\/mountlaser.com\/es\/wp-json\/wp\/v2\/comments?post=4712"}],"wp:featuredmedia":[{"embeddable":true,"href":"https:\/\/mountlaser.com\/es\/wp-json\/wp\/v2\/media\/4702"}],"wp:attachment":[{"href":"https:\/\/mountlaser.com\/es\/wp-json\/wp\/v2\/media?parent=4712"}],"wp:term":[{"taxonomy":"product_brand","embeddable":true,"href":"https:\/\/mountlaser.com\/es\/wp-json\/wp\/v2\/product_brand?post=4712"},{"taxonomy":"product_cat","embeddable":true,"href":"https:\/\/mountlaser.com\/es\/wp-json\/wp\/v2\/product_cat?post=4712"},{"taxonomy":"product_tag","embeddable":true,"href":"https:\/\/mountlaser.com\/es\/wp-json\/wp\/v2\/product_tag?post=4712"}],"curies":[{"name":"wp","href":"https:\/\/api.w.org\/{rel}","templated":true}]}}