{"id":4649,"date":"2025-11-20T07:14:18","date_gmt":"2025-11-20T07:14:18","guid":{"rendered":"https:\/\/mountlaser.com\/?post_type=product&#038;p=4649"},"modified":"2025-11-26T06:56:10","modified_gmt":"2025-11-26T06:56:10","slug":"rltb01-rotary-laser-tilting-base","status":"publish","type":"product","link":"https:\/\/mountlaser.com\/es\/producto\/rltb01-rotary-laser-tilting-base\/","title":{"rendered":"Base inclinable l\u00e1ser giratoria RLTB01"},"content":{"rendered":"<p>El <a href=\"https:\/\/mountlaser.com\/es\/\"><strong>Base inclinable l\u00e1ser giratoria RLTB01<\/strong><\/a> Es un accesorio de calidad profesional dise\u00f1ado para aplicaciones precisas de inclinaci\u00f3n y \u00e1ngulo. Dise\u00f1ada para ofrecer fiabilidad, la base inclinable para l\u00e1ser rotatorio RLTB01 permite transformar pr\u00e1cticamente cualquier l\u00e1ser rotatorio en un l\u00e1ser de inclinaci\u00f3n de un solo eje, ideal para nivelaci\u00f3n, alineaci\u00f3n y trabajos de dise\u00f1o avanzados.<\/p>\n<p>Como uno de los m\u00e1s confiables <a href=\"https:\/\/mountlaser.com\/es\/products\/\"><strong>Proveedores de bases inclinables para l\u00e1ser<\/strong><\/a>, Garantizamos que la base inclinable l\u00e1ser giratoria RLTB01 ofrece una estabilidad excepcional y un control de inclinaci\u00f3n ajustable para entornos de trabajo exigentes. Esta resistente soluci\u00f3n de proveedores de bases inclinables l\u00e1ser proporciona ajustes de \u00e1ngulo suaves y precisos, lo que permite a los usuarios lograr ajustes de pendiente precisos con el m\u00ednimo esfuerzo.<\/p>\n<p><img fetchpriority=\"high\" decoding=\"async\" class=\"aligncenter wp-image-4650\" src=\"https:\/\/mountlaser.com\/wp-content\/uploads\/2025\/11\/RLTB011.webp\" alt=\"RLTB01 Rotary Laser Tilting Base\" width=\"500\" height=\"500\" srcset=\"https:\/\/mountlaser.com\/wp-content\/uploads\/2025\/11\/RLTB011.webp 800w, https:\/\/mountlaser.com\/wp-content\/uploads\/2025\/11\/RLTB011-300x300.webp 300w, https:\/\/mountlaser.com\/wp-content\/uploads\/2025\/11\/RLTB011-400x400.webp 400w, https:\/\/mountlaser.com\/wp-content\/uploads\/2025\/11\/RLTB011-600x600.webp 600w, https:\/\/mountlaser.com\/wp-content\/uploads\/2025\/11\/RLTB011-150x150.webp 150w, https:\/\/mountlaser.com\/wp-content\/uploads\/2025\/11\/RLTB011-768x768.webp 768w, https:\/\/mountlaser.com\/wp-content\/uploads\/2025\/11\/RLTB011-12x12.webp 12w\" sizes=\"(max-width: 500px) 100vw, 500px\" \/><\/p>\n<p>Construido con <a href=\"https:\/\/mountlaser.com\/es\/about-us\/\">materiales de alta calidad<\/a> y dise\u00f1ado para una f\u00e1cil compatibilidad con una amplia gama de l\u00e1seres rotatorios, este producto de proveedores de base inclinable l\u00e1ser mejora la eficiencia y ampl\u00eda significativamente las capacidades de los niveles l\u00e1ser rotatorios est\u00e1ndar.<\/p>","protected":false},"excerpt":{"rendered":"<ul>\n<li>Convierte un l\u00e1ser rotatorio est\u00e1ndar en un l\u00e1ser de pendiente de un solo eje<\/li>\n<li>Proporciona un ajuste de inclinaci\u00f3n preciso para trabajos en \u00e1ngulos y pendientes.<\/li>\n<li>Construcci\u00f3n duradera dise\u00f1ada para uso profesional en el lugar de trabajo.<\/li>\n<li>Compatible con la mayor\u00eda de los l\u00e1seres rotatorios para una mayor versatilidad.<\/li>\n<\/ul>","protected":false},"featured_media":4654,"comment_status":"open","ping_status":"closed","template":"","meta":[],"product_brand":[],"product_cat":[94,133],"product_tag":[],"class_list":{"0":"post-4649","1":"product","2":"type-product","3":"status-publish","4":"has-post-thumbnail","6":"product_cat-laser-level-accessory","7":"product_cat-rotary-laser-tilting-base","9":"first","10":"instock","11":"shipping-taxable","12":"product-type-simple"},"_links":{"self":[{"href":"https:\/\/mountlaser.com\/es\/wp-json\/wp\/v2\/product\/4649","targetHints":{"allow":["GET"]}}],"collection":[{"href":"https:\/\/mountlaser.com\/es\/wp-json\/wp\/v2\/product"}],"about":[{"href":"https:\/\/mountlaser.com\/es\/wp-json\/wp\/v2\/types\/product"}],"replies":[{"embeddable":true,"href":"https:\/\/mountlaser.com\/es\/wp-json\/wp\/v2\/comments?post=4649"}],"wp:featuredmedia":[{"embeddable":true,"href":"https:\/\/mountlaser.com\/es\/wp-json\/wp\/v2\/media\/4654"}],"wp:attachment":[{"href":"https:\/\/mountlaser.com\/es\/wp-json\/wp\/v2\/media?parent=4649"}],"wp:term":[{"taxonomy":"product_brand","embeddable":true,"href":"https:\/\/mountlaser.com\/es\/wp-json\/wp\/v2\/product_brand?post=4649"},{"taxonomy":"product_cat","embeddable":true,"href":"https:\/\/mountlaser.com\/es\/wp-json\/wp\/v2\/product_cat?post=4649"},{"taxonomy":"product_tag","embeddable":true,"href":"https:\/\/mountlaser.com\/es\/wp-json\/wp\/v2\/product_tag?post=4649"}],"curies":[{"name":"wp","href":"https:\/\/api.w.org\/{rel}","templated":true}]}}