{"id":4634,"date":"2025-11-20T05:21:31","date_gmt":"2025-11-20T05:21:31","guid":{"rendered":"https:\/\/mountlaser.com\/?post_type=product&#038;p=4634"},"modified":"2025-11-26T07:08:50","modified_gmt":"2025-11-26T07:08:50","slug":"llra02-line-laser-rotating-adapter","status":"publish","type":"product","link":"https:\/\/mountlaser.com\/es\/producto\/llra02-line-laser-rotating-adapter\/","title":{"rendered":"Adaptador giratorio para l\u00e1ser de l\u00ednea LLRA02"},"content":{"rendered":"<p>El <a href=\"https:\/\/mountlaser.com\/es\/products\/\"><strong>LLRA02 <!--StartFragment --><span class=\"cf0\">Adaptador giratorio para l\u00e1ser de l\u00ednea<\/span><\/strong><\/a><!--EndFragment --> Es una soluci\u00f3n de montaje de precisi\u00f3n dise\u00f1ada para profesionales que requieren un posicionamiento preciso de herramientas de medici\u00f3n l\u00e1ser. <a href=\"https:\/\/mountlaser.com\/es\/about-us\/\"><strong>Soporte de tr\u00edpode met\u00e1lico para nivel l\u00e1ser con rotaci\u00f3n ajustable<\/strong><\/a> Permite una rotaci\u00f3n suave de 360\u00b0, brindando a los usuarios total flexibilidad direccional para tareas de alineaci\u00f3n, dise\u00f1o y nivelaci\u00f3n. Con una estructura met\u00e1lica duradera, el LLRA02 <!--StartFragment --><span class=\"cf0\">Adaptador giratorio para l\u00e1ser de l\u00ednea<\/span><!--EndFragment --> garantiza estabilidad a largo plazo y un rendimiento confiable en los lugares de trabajo.<\/p>\n<p>Equipado con una rosca giratoria universal de 1\/4\u2033-20, este soporte met\u00e1lico para tr\u00edpode de nivel l\u00e1ser con rotaci\u00f3n ajustable se acopla f\u00e1cilmente a la mayor\u00eda de los sistemas de tr\u00edpode, niveles l\u00e1ser e instrumentos de medici\u00f3n. El LLRA02 <!--StartFragment --><span class=\"cf0\">Adaptador giratorio para l\u00e1ser de l\u00ednea<\/span><!--EndFragment --> Permite un ajuste fino de la orientaci\u00f3n del l\u00e1ser, lo que lo hace perfecto para aplicaciones de construcci\u00f3n de interiores, enmarcado, alicatado y topograf\u00eda.<\/p>\n<p><img fetchpriority=\"high\" decoding=\"async\" class=\"aligncenter wp-image-4636\" src=\"https:\/\/mountlaser.com\/wp-content\/uploads\/2025\/11\/LLRA022.webp\" alt=\"LLRA02 Line Laser Rotating Adapter\" width=\"500\" height=\"500\" srcset=\"https:\/\/mountlaser.com\/wp-content\/uploads\/2025\/11\/LLRA022.webp 800w, https:\/\/mountlaser.com\/wp-content\/uploads\/2025\/11\/LLRA022-300x300.webp 300w, https:\/\/mountlaser.com\/wp-content\/uploads\/2025\/11\/LLRA022-400x400.webp 400w, https:\/\/mountlaser.com\/wp-content\/uploads\/2025\/11\/LLRA022-600x600.webp 600w, https:\/\/mountlaser.com\/wp-content\/uploads\/2025\/11\/LLRA022-150x150.webp 150w, https:\/\/mountlaser.com\/wp-content\/uploads\/2025\/11\/LLRA022-768x768.webp 768w, https:\/\/mountlaser.com\/wp-content\/uploads\/2025\/11\/LLRA022-12x12.webp 12w\" sizes=\"(max-width: 500px) 100vw, 500px\" \/><\/p>\n<p>Dise\u00f1ado para la practicidad y precisi\u00f3n, este <a href=\"https:\/\/mountlaser.com\/es\/contact-us\/\">Soporte de tr\u00edpode met\u00e1lico para nivel l\u00e1ser con rotaci\u00f3n ajustable<\/a> Mejora la adaptabilidad de la herramienta manteniendo un formato compacto y f\u00e1cil de usar.<\/p>\n<p>&nbsp;<\/p>","protected":false},"excerpt":{"rendered":"<ul>\n<li>Adaptador giratorio de 360\u00b0 para una orientaci\u00f3n flexible del l\u00e1ser<\/li>\n<li>Rosca universal de 1\/4\u2033-20 compatible con la mayor\u00eda de niveles l\u00e1ser y tr\u00edpodes<\/li>\n<li>Construcci\u00f3n de metal para una mayor durabilidad y estabilidad.<\/li>\n<li>Adecuado para tareas de construcci\u00f3n, dise\u00f1o, dise\u00f1o de interiores y topograf\u00eda.<\/li>\n<\/ul>","protected":false},"featured_media":4635,"comment_status":"open","ping_status":"closed","template":"","meta":[],"product_brand":[],"product_cat":[94,130],"product_tag":[],"class_list":{"0":"post-4634","1":"product","2":"type-product","3":"status-publish","4":"has-post-thumbnail","6":"product_cat-laser-level-accessory","7":"product_cat-line-laser-rotating-adapter","9":"first","10":"instock","11":"shipping-taxable","12":"product-type-simple"},"_links":{"self":[{"href":"https:\/\/mountlaser.com\/es\/wp-json\/wp\/v2\/product\/4634","targetHints":{"allow":["GET"]}}],"collection":[{"href":"https:\/\/mountlaser.com\/es\/wp-json\/wp\/v2\/product"}],"about":[{"href":"https:\/\/mountlaser.com\/es\/wp-json\/wp\/v2\/types\/product"}],"replies":[{"embeddable":true,"href":"https:\/\/mountlaser.com\/es\/wp-json\/wp\/v2\/comments?post=4634"}],"wp:featuredmedia":[{"embeddable":true,"href":"https:\/\/mountlaser.com\/es\/wp-json\/wp\/v2\/media\/4635"}],"wp:attachment":[{"href":"https:\/\/mountlaser.com\/es\/wp-json\/wp\/v2\/media?parent=4634"}],"wp:term":[{"taxonomy":"product_brand","embeddable":true,"href":"https:\/\/mountlaser.com\/es\/wp-json\/wp\/v2\/product_brand?post=4634"},{"taxonomy":"product_cat","embeddable":true,"href":"https:\/\/mountlaser.com\/es\/wp-json\/wp\/v2\/product_cat?post=4634"},{"taxonomy":"product_tag","embeddable":true,"href":"https:\/\/mountlaser.com\/es\/wp-json\/wp\/v2\/product_tag?post=4634"}],"curies":[{"name":"wp","href":"https:\/\/api.w.org\/{rel}","templated":true}]}}