{"id":4627,"date":"2025-11-20T02:18:38","date_gmt":"2025-11-20T02:18:38","guid":{"rendered":"https:\/\/mountlaser.com\/?post_type=product&#038;p=4627"},"modified":"2025-11-26T07:11:19","modified_gmt":"2025-11-26T07:11:19","slug":"llra09-line-laser-rotating-adapter","status":"publish","type":"product","link":"https:\/\/mountlaser.com\/es\/producto\/llra09-line-laser-rotating-adapter\/","title":{"rendered":"Adaptador giratorio para l\u00e1ser de l\u00ednea LLRA09"},"content":{"rendered":"<p>El <strong><a href=\"https:\/\/mountlaser.com\/es\/categoria-producto\/laser-level-accessory\/\">LLRA09 <!--StartFragment --><span class=\"cf0\">Adaptador giratorio para l\u00e1ser de l\u00ednea<\/span><\/a><!--EndFragment --><\/strong>\u00a0Es un producto duradero y dise\u00f1ado con precisi\u00f3n.<a href=\"https:\/\/mountlaser.com\/es\/about-us\/\"> <strong>Adaptador de nivel l\u00e1ser de metal con base giratoria de 360\u00b0<\/strong><\/a> Dise\u00f1ado para profesionales que requieren un posicionamiento l\u00e1ser estable, fluido y de alta precisi\u00f3n. Fabricado con una robusta estructura met\u00e1lica, este adaptador de nivel l\u00e1ser con base giratoria de 360\u00b0 ofrece una rotaci\u00f3n fluida, lo que permite a los usuarios ajustar la alineaci\u00f3n con precisi\u00f3n excepcional durante tareas de nivelaci\u00f3n, dise\u00f1o y construcci\u00f3n.<\/p>\n<p>El LLRA09 <!--StartFragment --><span class=\"cf0\">Adaptador giratorio para l\u00e1ser de l\u00ednea<\/span><!--EndFragment --> Est\u00e1 disponible en dos versiones compatibles con diferentes est\u00e1ndares de montaje: LLRA09A con rosca de 1\/4\u2033-20 y LLRA09B con rosca de 5\/8\u2033-11, lo que lo hace compatible con una amplia gama de niveles l\u00e1ser y tr\u00edpodes. Gracias a su suave mecanismo de rotaci\u00f3n, el adaptador de nivel l\u00e1ser con base giratoria de 360\u00b0 garantiza ajustes de \u00e1ngulo precisos y un rendimiento estable en cualquier lugar de trabajo.<\/p>\n<p><img fetchpriority=\"high\" decoding=\"async\" class=\"aligncenter wp-image-4628\" src=\"https:\/\/mountlaser.com\/wp-content\/uploads\/2025\/11\/LLRA091.webp\" alt=\"LLRA09 Line Laser Adapter\" width=\"500\" height=\"500\" srcset=\"https:\/\/mountlaser.com\/wp-content\/uploads\/2025\/11\/LLRA091.webp 800w, https:\/\/mountlaser.com\/wp-content\/uploads\/2025\/11\/LLRA091-300x300.webp 300w, https:\/\/mountlaser.com\/wp-content\/uploads\/2025\/11\/LLRA091-400x400.webp 400w, https:\/\/mountlaser.com\/wp-content\/uploads\/2025\/11\/LLRA091-600x600.webp 600w, https:\/\/mountlaser.com\/wp-content\/uploads\/2025\/11\/LLRA091-150x150.webp 150w, https:\/\/mountlaser.com\/wp-content\/uploads\/2025\/11\/LLRA091-768x768.webp 768w, https:\/\/mountlaser.com\/wp-content\/uploads\/2025\/11\/LLRA091-12x12.webp 12w\" sizes=\"(max-width: 500px) 100vw, 500px\" \/><\/p>\n<p>Dise\u00f1ado para usuarios que exigen confiabilidad y versatilidad, el <a href=\"https:\/\/mountlaser.com\/es\/contact-us\/\">LLRA09 <!--StartFragment --><span class=\"cf0\">Adaptador giratorio para l\u00e1ser de l\u00ednea<\/span><\/a><!--EndFragment --> Mejora la eficiencia del flujo de trabajo al ofrecer una instalaci\u00f3n r\u00e1pida, un montaje seguro y un control de rotaci\u00f3n preciso.<\/p>","protected":false},"excerpt":{"rendered":"<ul>\n<li>Proporciona una rotaci\u00f3n estable y suave de 360\u00b0 para una alineaci\u00f3n l\u00e1ser precisa<\/li>\n<li>Disponible en opciones de rosca de 1\/4\u2033-20 (LLRA09A) y 5\/8\u2033-11 (LLRA09B)<\/li>\n<li>Compatible con la mayor\u00eda de niveles l\u00e1ser, tr\u00edpodes y plataformas de montaje.<\/li>\n<li>Ideal para nivelaci\u00f3n, dise\u00f1o y ajustes de \u00e1ngulos detallados.<\/li>\n<\/ul>","protected":false},"featured_media":4628,"comment_status":"open","ping_status":"closed","template":"","meta":[],"product_brand":[],"product_cat":[130,94],"product_tag":[],"class_list":{"0":"post-4627","1":"product","2":"type-product","3":"status-publish","4":"has-post-thumbnail","6":"product_cat-line-laser-rotating-adapter","7":"product_cat-laser-level-accessory","9":"first","10":"instock","11":"shipping-taxable","12":"product-type-simple"},"_links":{"self":[{"href":"https:\/\/mountlaser.com\/es\/wp-json\/wp\/v2\/product\/4627","targetHints":{"allow":["GET"]}}],"collection":[{"href":"https:\/\/mountlaser.com\/es\/wp-json\/wp\/v2\/product"}],"about":[{"href":"https:\/\/mountlaser.com\/es\/wp-json\/wp\/v2\/types\/product"}],"replies":[{"embeddable":true,"href":"https:\/\/mountlaser.com\/es\/wp-json\/wp\/v2\/comments?post=4627"}],"wp:featuredmedia":[{"embeddable":true,"href":"https:\/\/mountlaser.com\/es\/wp-json\/wp\/v2\/media\/4628"}],"wp:attachment":[{"href":"https:\/\/mountlaser.com\/es\/wp-json\/wp\/v2\/media?parent=4627"}],"wp:term":[{"taxonomy":"product_brand","embeddable":true,"href":"https:\/\/mountlaser.com\/es\/wp-json\/wp\/v2\/product_brand?post=4627"},{"taxonomy":"product_cat","embeddable":true,"href":"https:\/\/mountlaser.com\/es\/wp-json\/wp\/v2\/product_cat?post=4627"},{"taxonomy":"product_tag","embeddable":true,"href":"https:\/\/mountlaser.com\/es\/wp-json\/wp\/v2\/product_tag?post=4627"}],"curies":[{"name":"wp","href":"https:\/\/api.w.org\/{rel}","templated":true}]}}