{"id":4623,"date":"2025-11-20T01:45:28","date_gmt":"2025-11-20T01:45:28","guid":{"rendered":"https:\/\/mountlaser.com\/?post_type=product&#038;p=4623"},"modified":"2025-11-26T07:13:10","modified_gmt":"2025-11-26T07:13:10","slug":"llra04-line-laser-rotating-adapter","status":"publish","type":"product","link":"https:\/\/mountlaser.com\/es\/producto\/llra04-line-laser-rotating-adapter\/","title":{"rendered":"Adaptador giratorio para l\u00e1ser de l\u00ednea LLRA04"},"content":{"rendered":"<p>El <strong><a href=\"https:\/\/mountlaser.com\/es\/\">LLRA04 <!--StartFragment --><span class=\"cf0\">Adaptador giratorio para l\u00e1ser de l\u00ednea<\/span><\/a><!--EndFragment --><\/strong>\u00a0Es un accesorio profesional dise\u00f1ado para proporcionar un ajuste rotatorio suave y un posicionamiento preciso para herramientas de medici\u00f3n l\u00e1ser. Dise\u00f1ado para ser vers\u00e1til.<a href=\"https:\/\/mountlaser.com\/es\/contact-us\/\"> <strong>Base giratoria de 360 grados para tr\u00edpode de nivel l\u00e1ser<\/strong><\/a>, Permite a los usuarios ajustar la direcci\u00f3n y el \u00e1ngulo de su nivel l\u00e1ser con precisi\u00f3n y facilidad.<\/p>\n<p>Con su construcci\u00f3n duradera y rosca universal de 1\/4\u2033-20, el LLRA04 <!--StartFragment --><span class=\"cf0\">Adaptador giratorio para l\u00e1ser de l\u00ednea<\/span><!--EndFragment --> Compatible con una amplia gama de niveles l\u00e1ser y dispositivos de medici\u00f3n. Esta robusta base giratoria de 360 grados para tr\u00edpode de nivel l\u00e1ser ofrece un funcionamiento estable y una rotaci\u00f3n fluida, lo que la hace ideal para aplicaciones de alineaci\u00f3n, dise\u00f1o y nivelaci\u00f3n que requieren un control direccional preciso.<\/p>\n<p><img fetchpriority=\"high\" decoding=\"async\" class=\"aligncenter wp-image-4625\" src=\"https:\/\/mountlaser.com\/wp-content\/uploads\/2025\/11\/LLRA042.webp\" alt=\"LLRA04 Line Laser Rotating Adapter\" width=\"500\" height=\"500\" srcset=\"https:\/\/mountlaser.com\/wp-content\/uploads\/2025\/11\/LLRA042.webp 800w, https:\/\/mountlaser.com\/wp-content\/uploads\/2025\/11\/LLRA042-300x300.webp 300w, https:\/\/mountlaser.com\/wp-content\/uploads\/2025\/11\/LLRA042-400x400.webp 400w, https:\/\/mountlaser.com\/wp-content\/uploads\/2025\/11\/LLRA042-600x600.webp 600w, https:\/\/mountlaser.com\/wp-content\/uploads\/2025\/11\/LLRA042-150x150.webp 150w, https:\/\/mountlaser.com\/wp-content\/uploads\/2025\/11\/LLRA042-768x768.webp 768w, https:\/\/mountlaser.com\/wp-content\/uploads\/2025\/11\/LLRA042-12x12.webp 12w\" sizes=\"(max-width: 500px) 100vw, 500px\" \/><\/p>\n<p>Los profesionales que trabajan en construcci\u00f3n, topograf\u00eda y dise\u00f1o de interiores apreciar\u00e1n la confiabilidad y flexibilidad que ofrece este <a href=\"https:\/\/mountlaser.com\/es\/products\/\">LLRA04 <!--StartFragment --><span class=\"cf0\">Adaptador giratorio para l\u00e1ser de l\u00ednea<\/span><\/a><!--EndFragment -->, garantizando un rendimiento constante en cualquier lugar de trabajo.<\/p>","protected":false},"excerpt":{"rendered":"<ul>\n<li>Proporciona una rotaci\u00f3n suave de 360\u00b0 para un ajuste direccional preciso.<\/li>\n<li>Rosca universal de 1\/4\u2033-20 compatible con la mayor\u00eda de los niveles l\u00e1ser<\/li>\n<li>Mejora la precisi\u00f3n durante las tareas de alineaci\u00f3n, nivelaci\u00f3n y dise\u00f1o.<\/li>\n<li>Ideal para usar en tr\u00edpodes y sistemas de montaje.<\/li>\n<\/ul>","protected":false},"featured_media":4624,"comment_status":"open","ping_status":"closed","template":"","meta":[],"product_brand":[],"product_cat":[130,94],"product_tag":[],"class_list":{"0":"post-4623","1":"product","2":"type-product","3":"status-publish","4":"has-post-thumbnail","6":"product_cat-line-laser-rotating-adapter","7":"product_cat-laser-level-accessory","9":"first","10":"instock","11":"shipping-taxable","12":"product-type-simple"},"_links":{"self":[{"href":"https:\/\/mountlaser.com\/es\/wp-json\/wp\/v2\/product\/4623","targetHints":{"allow":["GET"]}}],"collection":[{"href":"https:\/\/mountlaser.com\/es\/wp-json\/wp\/v2\/product"}],"about":[{"href":"https:\/\/mountlaser.com\/es\/wp-json\/wp\/v2\/types\/product"}],"replies":[{"embeddable":true,"href":"https:\/\/mountlaser.com\/es\/wp-json\/wp\/v2\/comments?post=4623"}],"wp:featuredmedia":[{"embeddable":true,"href":"https:\/\/mountlaser.com\/es\/wp-json\/wp\/v2\/media\/4624"}],"wp:attachment":[{"href":"https:\/\/mountlaser.com\/es\/wp-json\/wp\/v2\/media?parent=4623"}],"wp:term":[{"taxonomy":"product_brand","embeddable":true,"href":"https:\/\/mountlaser.com\/es\/wp-json\/wp\/v2\/product_brand?post=4623"},{"taxonomy":"product_cat","embeddable":true,"href":"https:\/\/mountlaser.com\/es\/wp-json\/wp\/v2\/product_cat?post=4623"},{"taxonomy":"product_tag","embeddable":true,"href":"https:\/\/mountlaser.com\/es\/wp-json\/wp\/v2\/product_tag?post=4623"}],"curies":[{"name":"wp","href":"https:\/\/api.w.org\/{rel}","templated":true}]}}