{"id":4621,"date":"2025-11-19T08:52:30","date_gmt":"2025-11-19T08:52:30","guid":{"rendered":"https:\/\/mountlaser.com\/?post_type=product&#038;p=4621"},"modified":"2025-11-26T07:36:46","modified_gmt":"2025-11-26T07:36:46","slug":"llra01-line-laser-rotating-adapter","status":"publish","type":"product","link":"https:\/\/mountlaser.com\/es\/producto\/llra01-line-laser-rotating-adapter\/","title":{"rendered":"Adaptador giratorio para l\u00e1ser de l\u00ednea LLRA01"},"content":{"rendered":"<p>El <a href=\"https:\/\/mountlaser.com\/es\/\"><strong>LLRA01 <!--StartFragment --><span class=\"cf0\">Adaptador giratorio para l\u00e1ser de l\u00ednea<\/span><\/strong><\/a><!--EndFragment --> Es un accesorio vers\u00e1til y de precisi\u00f3n, dise\u00f1ado para proporcionar un montaje estable y un ajuste preciso de herramientas l\u00e1ser. Fabricado con un sistema de doble rosca (1\/4\u2033-20 en la parte superior y 5\/8\u2033-11 en la inferior, di\u00e1metro exterior de 65 mm), el LLRA01 <!--StartFragment --><span class=\"cf0\">Adaptador giratorio para l\u00e1ser de l\u00ednea<\/span><!--EndFragment --> Es compatible con una amplia gama de niveles l\u00e1ser y tr\u00edpodes.<\/p>\n<p>Con un adaptador de nivel l\u00e1ser suave con perilla giratoria de 360\u00b0, este adaptador permite a los usuarios realizar ajustes de rotaci\u00f3n precisos para una alineaci\u00f3n y un trabajo de dise\u00f1o precisos. <strong>Nivel l\u00e1ser <a href=\"https:\/\/mountlaser.com\/es\/about-us\/\">Adaptador con perilla giratoria de 360\u00b0<\/a><\/strong> asegura un ajuste de \u00e1ngulo f\u00e1cil y controlado, lo que lo hace ideal para tareas de construcci\u00f3n, dise\u00f1o de interiores, enmarcado y topograf\u00eda.<\/p>\n<p><img fetchpriority=\"high\" decoding=\"async\" class=\"aligncenter wp-image-4622\" src=\"https:\/\/mountlaser.com\/wp-content\/uploads\/2025\/11\/LLRA011.webp\" alt=\"LLRA01 Line Laser Adapter\" width=\"500\" height=\"500\" srcset=\"https:\/\/mountlaser.com\/wp-content\/uploads\/2025\/11\/LLRA011.webp 800w, https:\/\/mountlaser.com\/wp-content\/uploads\/2025\/11\/LLRA011-300x300.webp 300w, https:\/\/mountlaser.com\/wp-content\/uploads\/2025\/11\/LLRA011-400x400.webp 400w, https:\/\/mountlaser.com\/wp-content\/uploads\/2025\/11\/LLRA011-600x600.webp 600w, https:\/\/mountlaser.com\/wp-content\/uploads\/2025\/11\/LLRA011-150x150.webp 150w, https:\/\/mountlaser.com\/wp-content\/uploads\/2025\/11\/LLRA011-768x768.webp 768w, https:\/\/mountlaser.com\/wp-content\/uploads\/2025\/11\/LLRA011-12x12.webp 12w\" sizes=\"(max-width: 500px) 100vw, 500px\" \/><\/p>\n<p>Ya sea que se utilicen en tr\u00edpodes de obra o en soportes de suelo, el <a href=\"https:\/\/mountlaser.com\/es\/products\/\">LLRA01 <!--StartFragment --><span class=\"cf0\">Adaptador giratorio para l\u00e1ser de l\u00ednea<\/span><\/a><!--EndFragment --> Ofrece un soporte estable, posicionamiento flexible y rotaci\u00f3n fluida. Este confiable adaptador de nivel l\u00e1ser con perilla giratoria de 360\u00b0 optimiza el flujo de trabajo y garantiza proyecciones l\u00e1ser perfectamente alineadas en todo momento.<\/p>","protected":false},"excerpt":{"rendered":"<ul>\n<li>Ajuste giratorio suave de 360\u00b0 mediante el adaptador de nivel l\u00e1ser con perilla giratoria de 360\u00b0<\/li>\n<li>Rosca superior de 1\/4\u2033-20 para compatibilidad con nivel l\u00e1ser universal<\/li>\n<li>Montura inferior de 5\/8\u2033-11 (DE 65 mm) para tr\u00edpodes y bases<\/li>\n<li>Permite una alineaci\u00f3n precisa para tareas de dise\u00f1o, nivelaci\u00f3n y enmarcado.<\/li>\n<\/ul>","protected":false},"featured_media":4622,"comment_status":"open","ping_status":"closed","template":"","meta":[],"product_brand":[],"product_cat":[94,130],"product_tag":[],"class_list":{"0":"post-4621","1":"product","2":"type-product","3":"status-publish","4":"has-post-thumbnail","6":"product_cat-laser-level-accessory","7":"product_cat-line-laser-rotating-adapter","9":"first","10":"instock","11":"shipping-taxable","12":"product-type-simple"},"_links":{"self":[{"href":"https:\/\/mountlaser.com\/es\/wp-json\/wp\/v2\/product\/4621","targetHints":{"allow":["GET"]}}],"collection":[{"href":"https:\/\/mountlaser.com\/es\/wp-json\/wp\/v2\/product"}],"about":[{"href":"https:\/\/mountlaser.com\/es\/wp-json\/wp\/v2\/types\/product"}],"replies":[{"embeddable":true,"href":"https:\/\/mountlaser.com\/es\/wp-json\/wp\/v2\/comments?post=4621"}],"wp:featuredmedia":[{"embeddable":true,"href":"https:\/\/mountlaser.com\/es\/wp-json\/wp\/v2\/media\/4622"}],"wp:attachment":[{"href":"https:\/\/mountlaser.com\/es\/wp-json\/wp\/v2\/media?parent=4621"}],"wp:term":[{"taxonomy":"product_brand","embeddable":true,"href":"https:\/\/mountlaser.com\/es\/wp-json\/wp\/v2\/product_brand?post=4621"},{"taxonomy":"product_cat","embeddable":true,"href":"https:\/\/mountlaser.com\/es\/wp-json\/wp\/v2\/product_cat?post=4621"},{"taxonomy":"product_tag","embeddable":true,"href":"https:\/\/mountlaser.com\/es\/wp-json\/wp\/v2\/product_tag?post=4621"}],"curies":[{"name":"wp","href":"https:\/\/api.w.org\/{rel}","templated":true}]}}