{"id":4613,"date":"2025-11-19T07:36:25","date_gmt":"2025-11-19T07:36:25","guid":{"rendered":"https:\/\/mountlaser.com\/?post_type=product&#038;p=4613"},"modified":"2025-11-26T08:12:13","modified_gmt":"2025-11-26T08:12:13","slug":"llra05-line-laser-rotating-adapter","status":"publish","type":"product","link":"https:\/\/mountlaser.com\/es\/producto\/llra05-line-laser-rotating-adapter\/","title":{"rendered":"Adaptador giratorio para l\u00e1ser de l\u00ednea LLRA05"},"content":{"rendered":"<p>El <a href=\"https:\/\/mountlaser.com\/es\/products\/\"><strong>Base l\u00e1ser giratoria<\/strong><\/a> LLRA05 es un sensor de alta precisi\u00f3n <a href=\"https:\/\/mountlaser.com\/es\/about-us\/\"><strong>Base giratoria de 360 grados<\/strong><\/a> Dise\u00f1ada para un posicionamiento suave y preciso de todo tipo de niveles l\u00e1ser. Dise\u00f1ada para tareas de medici\u00f3n profesionales, esta base l\u00e1ser giratoria proporciona un control de rotaci\u00f3n preciso, lo que permite a los usuarios ajustar la alineaci\u00f3n y el dise\u00f1o con una precisi\u00f3n excepcional.<\/p>\n<p>Con una construcci\u00f3n duradera y un adaptador giratorio universal para nivel l\u00e1ser de 1\/4\u2033-20, la base giratoria de 360 grados es compatible con una amplia gama de l\u00e1seres de l\u00ednea y de punto. Su dise\u00f1o fiable y estable garantiza un rendimiento constante en cualquier lugar de trabajo. Ya sea para nivelaci\u00f3n, alineaci\u00f3n o dise\u00f1o, esta base giratoria para l\u00e1ser ofrece una suavidad y repetibilidad excepcionales al ajustar \u00e1ngulos o girar el instrumento.<\/p>\n<p><img fetchpriority=\"high\" decoding=\"async\" class=\"aligncenter wp-image-4616\" src=\"https:\/\/mountlaser.com\/wp-content\/uploads\/2025\/11\/LLRA053.webp\" alt=\"LLRA05 Rotating laser base\" width=\"500\" height=\"500\" srcset=\"https:\/\/mountlaser.com\/wp-content\/uploads\/2025\/11\/LLRA053.webp 1000w, https:\/\/mountlaser.com\/wp-content\/uploads\/2025\/11\/LLRA053-300x300.webp 300w, https:\/\/mountlaser.com\/wp-content\/uploads\/2025\/11\/LLRA053-400x400.webp 400w, https:\/\/mountlaser.com\/wp-content\/uploads\/2025\/11\/LLRA053-800x800.webp 800w, https:\/\/mountlaser.com\/wp-content\/uploads\/2025\/11\/LLRA053-600x600.webp 600w, https:\/\/mountlaser.com\/wp-content\/uploads\/2025\/11\/LLRA053-150x150.webp 150w, https:\/\/mountlaser.com\/wp-content\/uploads\/2025\/11\/LLRA053-768x768.webp 768w, https:\/\/mountlaser.com\/wp-content\/uploads\/2025\/11\/LLRA053-12x12.webp 12w\" sizes=\"(max-width: 500px) 100vw, 500px\" \/><\/p>\n<p>Dise\u00f1ado para usuarios exigentes, el <a href=\"https:\/\/mountlaser.com\/es\/contact-us\/\">LLRA05 Base giratoria de 360 grados<\/a> Proporciona el control necesario para tareas de construcci\u00f3n, estructuraci\u00f3n, dise\u00f1o interior y topograf\u00eda donde la rotaci\u00f3n y el posicionamiento precisos son esenciales.<\/p>","protected":false},"excerpt":{"rendered":"<ul>\n<li>Proporciona una rotaci\u00f3n suave de 360\u00b0 para un posicionamiento preciso del l\u00e1ser.<\/li>\n<li>La estructura de alta precisi\u00f3n garantiza una alineaci\u00f3n y un dise\u00f1o precisos.<\/li>\n<li>Adaptador giratorio universal de 1\/4\u2033-20 compatible con la mayor\u00eda de los niveles l\u00e1ser<\/li>\n<\/ul>","protected":false},"featured_media":4614,"comment_status":"open","ping_status":"closed","template":"","meta":[],"product_brand":[],"product_cat":[94,130],"product_tag":[],"class_list":{"0":"post-4613","1":"product","2":"type-product","3":"status-publish","4":"has-post-thumbnail","6":"product_cat-laser-level-accessory","7":"product_cat-line-laser-rotating-adapter","9":"first","10":"instock","11":"shipping-taxable","12":"product-type-simple"},"_links":{"self":[{"href":"https:\/\/mountlaser.com\/es\/wp-json\/wp\/v2\/product\/4613","targetHints":{"allow":["GET"]}}],"collection":[{"href":"https:\/\/mountlaser.com\/es\/wp-json\/wp\/v2\/product"}],"about":[{"href":"https:\/\/mountlaser.com\/es\/wp-json\/wp\/v2\/types\/product"}],"replies":[{"embeddable":true,"href":"https:\/\/mountlaser.com\/es\/wp-json\/wp\/v2\/comments?post=4613"}],"wp:featuredmedia":[{"embeddable":true,"href":"https:\/\/mountlaser.com\/es\/wp-json\/wp\/v2\/media\/4614"}],"wp:attachment":[{"href":"https:\/\/mountlaser.com\/es\/wp-json\/wp\/v2\/media?parent=4613"}],"wp:term":[{"taxonomy":"product_brand","embeddable":true,"href":"https:\/\/mountlaser.com\/es\/wp-json\/wp\/v2\/product_brand?post=4613"},{"taxonomy":"product_cat","embeddable":true,"href":"https:\/\/mountlaser.com\/es\/wp-json\/wp\/v2\/product_cat?post=4613"},{"taxonomy":"product_tag","embeddable":true,"href":"https:\/\/mountlaser.com\/es\/wp-json\/wp\/v2\/product_tag?post=4613"}],"curies":[{"name":"wp","href":"https:\/\/api.w.org\/{rel}","templated":true}]}}