{"id":4581,"date":"2025-11-19T01:38:59","date_gmt":"2025-11-19T01:38:59","guid":{"rendered":"https:\/\/mountlaser.com\/?post_type=product&#038;p=4581"},"modified":"2025-11-26T08:29:30","modified_gmt":"2025-11-26T08:29:30","slug":"llb23a-line-laser-bracket","status":"publish","type":"product","link":"https:\/\/mountlaser.com\/es\/producto\/llb23a-line-laser-bracket\/","title":{"rendered":"Soporte para l\u00e1ser de l\u00ednea LLB23A"},"content":{"rendered":"<p>El <a href=\"https:\/\/mountlaser.com\/es\/about-us\/\"><strong>Soporte magn\u00e9tico LLB23A<\/strong><\/a> Es duradero y vers\u00e1til. <a href=\"https:\/\/mountlaser.com\/es\/categoria-producto\/laser-level-accessory\/\"><strong>Nivel l\u00e1ser con soporte magn\u00e9tico en forma de L<\/strong><\/a> Dise\u00f1ado para proporcionar un montaje seguro y un posicionamiento preciso para una amplia gama de herramientas l\u00e1ser de l\u00ednea. Fabricado con una robusta estructura de barra magn\u00e9tica en L, el soporte magn\u00e9tico LLB23A se fija firmemente a superficies met\u00e1licas, ofreciendo un soporte estable durante tareas de nivelaci\u00f3n, alineaci\u00f3n y dise\u00f1o.<\/p>\n<p>Con una rosca universal de 1\/4\u2033-20, este nivel l\u00e1ser con soporte magn\u00e9tico en forma de L es compatible con la mayor\u00eda de los l\u00e1seres de l\u00ednea utilizados en construcci\u00f3n, renovaci\u00f3n y dise\u00f1o de interiores. Su dise\u00f1o compacto y robusto garantiza un rendimiento fiable en entornos de obra exigentes.<\/p>\n<p><img fetchpriority=\"high\" decoding=\"async\" class=\"aligncenter wp-image-4582\" src=\"https:\/\/mountlaser.com\/wp-content\/uploads\/2025\/11\/WB23A1.webp\" alt=\"LLB23A Magnetic Bracket\" width=\"500\" height=\"500\" srcset=\"https:\/\/mountlaser.com\/wp-content\/uploads\/2025\/11\/WB23A1.webp 1000w, https:\/\/mountlaser.com\/wp-content\/uploads\/2025\/11\/WB23A1-300x300.webp 300w, https:\/\/mountlaser.com\/wp-content\/uploads\/2025\/11\/WB23A1-400x400.webp 400w, https:\/\/mountlaser.com\/wp-content\/uploads\/2025\/11\/WB23A1-800x800.webp 800w, https:\/\/mountlaser.com\/wp-content\/uploads\/2025\/11\/WB23A1-600x600.webp 600w, https:\/\/mountlaser.com\/wp-content\/uploads\/2025\/11\/WB23A1-150x150.webp 150w, https:\/\/mountlaser.com\/wp-content\/uploads\/2025\/11\/WB23A1-768x768.webp 768w, https:\/\/mountlaser.com\/wp-content\/uploads\/2025\/11\/WB23A1-12x12.webp 12w\" sizes=\"(max-width: 500px) 100vw, 500px\" \/><\/p>\n<p>Dise\u00f1ado para brindar comodidad y flexibilidad, el <a href=\"https:\/\/mountlaser.com\/es\/contact-us\/\">Soporte magn\u00e9tico LLB23A<\/a> permite a los usuarios ajustar f\u00e1cilmente la altura y la posici\u00f3n de su dispositivo l\u00e1ser, lo que lo convierte en un accesorio esencial para lograr resultados precisos y consistentes con cualquier configuraci\u00f3n de nivel l\u00e1ser con soporte magn\u00e9tico en forma de L.<\/p>","protected":false},"excerpt":{"rendered":"<ul>\n<li>Proporciona una fuerte fijaci\u00f3n magn\u00e9tica para un montaje l\u00e1ser estable.<\/li>\n<li>Rosca universal de 1\/4\u2033-20 compatible con la mayor\u00eda de los niveles l\u00e1ser de l\u00ednea<\/li>\n<li>El dise\u00f1o en forma de L garantiza un posicionamiento seguro y una f\u00e1cil instalaci\u00f3n.<\/li>\n<li>Mejora la precisi\u00f3n al permitir la colocaci\u00f3n flexible de herramientas l\u00e1ser<\/li>\n<\/ul>","protected":false},"featured_media":4582,"comment_status":"open","ping_status":"closed","template":"","meta":[],"product_brand":[],"product_cat":[129,94],"product_tag":[],"class_list":{"0":"post-4581","1":"product","2":"type-product","3":"status-publish","4":"has-post-thumbnail","6":"product_cat-line-laser-bracket","7":"product_cat-laser-level-accessory","9":"first","10":"instock","11":"shipping-taxable","12":"product-type-simple"},"_links":{"self":[{"href":"https:\/\/mountlaser.com\/es\/wp-json\/wp\/v2\/product\/4581","targetHints":{"allow":["GET"]}}],"collection":[{"href":"https:\/\/mountlaser.com\/es\/wp-json\/wp\/v2\/product"}],"about":[{"href":"https:\/\/mountlaser.com\/es\/wp-json\/wp\/v2\/types\/product"}],"replies":[{"embeddable":true,"href":"https:\/\/mountlaser.com\/es\/wp-json\/wp\/v2\/comments?post=4581"}],"wp:featuredmedia":[{"embeddable":true,"href":"https:\/\/mountlaser.com\/es\/wp-json\/wp\/v2\/media\/4582"}],"wp:attachment":[{"href":"https:\/\/mountlaser.com\/es\/wp-json\/wp\/v2\/media?parent=4581"}],"wp:term":[{"taxonomy":"product_brand","embeddable":true,"href":"https:\/\/mountlaser.com\/es\/wp-json\/wp\/v2\/product_brand?post=4581"},{"taxonomy":"product_cat","embeddable":true,"href":"https:\/\/mountlaser.com\/es\/wp-json\/wp\/v2\/product_cat?post=4581"},{"taxonomy":"product_tag","embeddable":true,"href":"https:\/\/mountlaser.com\/es\/wp-json\/wp\/v2\/product_tag?post=4581"}],"curies":[{"name":"wp","href":"https:\/\/api.w.org\/{rel}","templated":true}]}}