{"id":4571,"date":"2025-11-18T09:05:23","date_gmt":"2025-11-18T09:05:23","guid":{"rendered":"https:\/\/mountlaser.com\/?post_type=product&#038;p=4571"},"modified":"2025-11-26T08:38:05","modified_gmt":"2025-11-26T08:38:05","slug":"llb22a-line-laser-bracket","status":"publish","type":"product","link":"https:\/\/mountlaser.com\/es\/producto\/llb22a-line-laser-bracket\/","title":{"rendered":"Soporte para l\u00e1ser de l\u00ednea LLB22A"},"content":{"rendered":"<p>El <a href=\"https:\/\/mountlaser.com\/es\/\"><strong>Soporte de nivelaci\u00f3n magn\u00e9tico<\/strong> <\/a>Es una soluci\u00f3n de montaje vers\u00e1til dise\u00f1ada para proporcionar un posicionamiento estable y preciso para herramientas l\u00e1ser. Dise\u00f1ado para tareas de alineaci\u00f3n profesionales, el <a href=\"https:\/\/mountlaser.com\/es\/categoria-producto\/laser-level-accessory\/\"><strong>Soporte para l\u00e1ser de l\u00ednea LLB22A<\/strong><\/a> Ofrece un soporte fiable gracias a su robusta estructura magn\u00e9tica en L, lo que garantiza una fijaci\u00f3n segura a superficies met\u00e1licas en obras. Este resistente soporte de nivelaci\u00f3n magn\u00e9tico cuenta con una rosca universal de 1\/4\u2033-20, lo que permite su compatibilidad con una amplia gama de l\u00e1seres de l\u00ednea e instrumentos de medici\u00f3n.<\/p>\n<p><img fetchpriority=\"high\" decoding=\"async\" class=\"aligncenter wp-image-4572\" src=\"https:\/\/mountlaser.com\/wp-content\/uploads\/2025\/11\/WB22A1.webp\" alt=\"LLB22A Magnetic leveling support bracket\" width=\"500\" height=\"500\" srcset=\"https:\/\/mountlaser.com\/wp-content\/uploads\/2025\/11\/WB22A1.webp 1000w, https:\/\/mountlaser.com\/wp-content\/uploads\/2025\/11\/WB22A1-300x300.webp 300w, https:\/\/mountlaser.com\/wp-content\/uploads\/2025\/11\/WB22A1-400x400.webp 400w, https:\/\/mountlaser.com\/wp-content\/uploads\/2025\/11\/WB22A1-800x800.webp 800w, https:\/\/mountlaser.com\/wp-content\/uploads\/2025\/11\/WB22A1-600x600.webp 600w, https:\/\/mountlaser.com\/wp-content\/uploads\/2025\/11\/WB22A1-150x150.webp 150w, https:\/\/mountlaser.com\/wp-content\/uploads\/2025\/11\/WB22A1-768x768.webp 768w, https:\/\/mountlaser.com\/wp-content\/uploads\/2025\/11\/WB22A1-12x12.webp 12w\" sizes=\"(max-width: 500px) 100vw, 500px\" \/><\/p>\n<p>Con su dise\u00f1o compacto y robusto, el <a href=\"https:\/\/mountlaser.com\/es\/contact-us\/\">Soporte para l\u00e1ser de l\u00ednea LLB22A<\/a> Ofrece un f\u00e1cil ajuste de altura y opciones de montaje flexibles, lo que lo hace ideal para aplicaciones de construcci\u00f3n, renovaci\u00f3n y dise\u00f1o de interiores. Ya sea que necesite una alineaci\u00f3n l\u00e1ser uniforme o l\u00edneas de referencia horizontales y verticales estables, este soporte de nivelaci\u00f3n magn\u00e9tica garantiza precisi\u00f3n, comodidad y una colocaci\u00f3n l\u00e1ser fiable en todo su proyecto.<\/p>","protected":false},"excerpt":{"rendered":"<ul>\n<li>Base magn\u00e9tica fuerte para un montaje seguro en superficies met\u00e1licas.<\/li>\n<li>Rosca universal de 1\/4\u2033-20 compatible con la mayor\u00eda de los niveles l\u00e1ser<\/li>\n<li>Ideal para tareas de construcci\u00f3n, dise\u00f1o e instalaci\u00f3n de interiores.<\/li>\n<li>Dise\u00f1o de barra en L duradero para uso a largo plazo<\/li>\n<\/ul>","protected":false},"featured_media":4572,"comment_status":"open","ping_status":"closed","template":"","meta":[],"product_brand":[],"product_cat":[94,129],"product_tag":[],"class_list":{"0":"post-4571","1":"product","2":"type-product","3":"status-publish","4":"has-post-thumbnail","6":"product_cat-laser-level-accessory","7":"product_cat-line-laser-bracket","9":"first","10":"instock","11":"shipping-taxable","12":"product-type-simple"},"_links":{"self":[{"href":"https:\/\/mountlaser.com\/es\/wp-json\/wp\/v2\/product\/4571","targetHints":{"allow":["GET"]}}],"collection":[{"href":"https:\/\/mountlaser.com\/es\/wp-json\/wp\/v2\/product"}],"about":[{"href":"https:\/\/mountlaser.com\/es\/wp-json\/wp\/v2\/types\/product"}],"replies":[{"embeddable":true,"href":"https:\/\/mountlaser.com\/es\/wp-json\/wp\/v2\/comments?post=4571"}],"wp:featuredmedia":[{"embeddable":true,"href":"https:\/\/mountlaser.com\/es\/wp-json\/wp\/v2\/media\/4572"}],"wp:attachment":[{"href":"https:\/\/mountlaser.com\/es\/wp-json\/wp\/v2\/media?parent=4571"}],"wp:term":[{"taxonomy":"product_brand","embeddable":true,"href":"https:\/\/mountlaser.com\/es\/wp-json\/wp\/v2\/product_brand?post=4571"},{"taxonomy":"product_cat","embeddable":true,"href":"https:\/\/mountlaser.com\/es\/wp-json\/wp\/v2\/product_cat?post=4571"},{"taxonomy":"product_tag","embeddable":true,"href":"https:\/\/mountlaser.com\/es\/wp-json\/wp\/v2\/product_tag?post=4571"}],"curies":[{"name":"wp","href":"https:\/\/api.w.org\/{rel}","templated":true}]}}