{"id":4563,"date":"2025-11-18T07:33:34","date_gmt":"2025-11-18T07:33:34","guid":{"rendered":"https:\/\/mountlaser.com\/?post_type=product&#038;p=4563"},"modified":"2025-11-26T08:38:58","modified_gmt":"2025-11-26T08:38:58","slug":"llb19-line-laser-bracket","status":"publish","type":"product","link":"https:\/\/mountlaser.com\/es\/producto\/llb19-line-laser-bracket\/","title":{"rendered":"Soporte para l\u00e1ser de l\u00ednea LLB19"},"content":{"rendered":"<p>El <a href=\"https:\/\/mountlaser.com\/es\/\"><strong>Soporte magn\u00e9tico de 360 grados para nivel l\u00e1ser<\/strong><\/a> Es un accesorio de montaje vers\u00e1til, dise\u00f1ado para una instalaci\u00f3n l\u00e1ser precisa y flexible. Dise\u00f1ado con una resistente estructura de barra magn\u00e9tica en L, garantiza una fijaci\u00f3n segura a superficies met\u00e1licas, lo que agiliza y optimiza las tareas de alineaci\u00f3n. <a href=\"https:\/\/mountlaser.com\/es\/about-us\/\"><strong>Plataforma elevadora l\u00e1ser de l\u00ednea LLB19<\/strong><\/a> Funciona a la perfecci\u00f3n con este soporte magn\u00e9tico de 360 grados para nivel l\u00e1ser, ofreciendo un ajuste de altura estable y un posicionamiento adaptable para diversas necesidades del lugar de trabajo.<\/p>\n<p>Con un resistente soporte de barra en L con im\u00e1n y una rosca de 1\/4\u2033-20, la plataforma elevadora l\u00e1ser de l\u00ednea LLB19 admite una amplia gama de herramientas l\u00e1ser de l\u00ednea. Al combinarse con el soporte magn\u00e9tico de 360 grados para nivel l\u00e1ser, los usuarios pueden lograr una colocaci\u00f3n en \u00e1ngulo completo, una mayor precisi\u00f3n de nivelaci\u00f3n y un montaje fiable incluso en entornos dif\u00edciles. Dise\u00f1ado para trabajos de construcci\u00f3n, dise\u00f1o e instalaci\u00f3n en interiores, este sistema proporciona una estabilidad excepcional y un posicionamiento sencillo.<\/p>\n<p><img fetchpriority=\"high\" decoding=\"async\" class=\"aligncenter wp-image-4564\" src=\"https:\/\/mountlaser.com\/wp-content\/uploads\/2025\/11\/WB-19A1.webp\" alt=\"LLB19 360 degree magnetic bracket for laser level\" width=\"500\" height=\"500\" srcset=\"https:\/\/mountlaser.com\/wp-content\/uploads\/2025\/11\/WB-19A1.webp 1000w, https:\/\/mountlaser.com\/wp-content\/uploads\/2025\/11\/WB-19A1-300x300.webp 300w, https:\/\/mountlaser.com\/wp-content\/uploads\/2025\/11\/WB-19A1-400x400.webp 400w, https:\/\/mountlaser.com\/wp-content\/uploads\/2025\/11\/WB-19A1-800x800.webp 800w, https:\/\/mountlaser.com\/wp-content\/uploads\/2025\/11\/WB-19A1-600x600.webp 600w, https:\/\/mountlaser.com\/wp-content\/uploads\/2025\/11\/WB-19A1-150x150.webp 150w, https:\/\/mountlaser.com\/wp-content\/uploads\/2025\/11\/WB-19A1-768x768.webp 768w, https:\/\/mountlaser.com\/wp-content\/uploads\/2025\/11\/WB-19A1-12x12.webp 12w\" sizes=\"(max-width: 500px) 100vw, 500px\" \/><\/p>\n<p>El <a href=\"https:\/\/mountlaser.com\/es\/products\/\">Plataforma elevadora l\u00e1ser de l\u00ednea LLB19<\/a> y su combinaci\u00f3n de soporte magn\u00e9tico ofrece a los usuarios profesionales una soluci\u00f3n conveniente, ajustable y segura para elevar y posicionar los niveles l\u00e1ser con confianza y precisi\u00f3n.<\/p>","protected":false},"excerpt":{"rendered":"<ul>\n<li>Proporciona montaje magn\u00e9tico de 360 grados en superficies met\u00e1licas.<\/li>\n<li>Admite ajuste de altura a trav\u00e9s de la plataforma elevadora l\u00e1ser de l\u00ednea LLB19<\/li>\n<li>El fuerte soporte magn\u00e9tico en forma de L garantiza una fijaci\u00f3n firme y estable.<\/li>\n<li>Equipado con rosca de 1\/4\u2033-20 para compatibilidad l\u00e1ser universal<\/li>\n<li>Ideal para aplicaciones de construcci\u00f3n, dise\u00f1o interior y alineaci\u00f3n.<\/li>\n<\/ul>","protected":false},"featured_media":4564,"comment_status":"open","ping_status":"closed","template":"","meta":[],"product_brand":[],"product_cat":[129,94],"product_tag":[],"class_list":{"0":"post-4563","1":"product","2":"type-product","3":"status-publish","4":"has-post-thumbnail","6":"product_cat-line-laser-bracket","7":"product_cat-laser-level-accessory","9":"first","10":"instock","11":"shipping-taxable","12":"product-type-simple"},"_links":{"self":[{"href":"https:\/\/mountlaser.com\/es\/wp-json\/wp\/v2\/product\/4563","targetHints":{"allow":["GET"]}}],"collection":[{"href":"https:\/\/mountlaser.com\/es\/wp-json\/wp\/v2\/product"}],"about":[{"href":"https:\/\/mountlaser.com\/es\/wp-json\/wp\/v2\/types\/product"}],"replies":[{"embeddable":true,"href":"https:\/\/mountlaser.com\/es\/wp-json\/wp\/v2\/comments?post=4563"}],"wp:featuredmedia":[{"embeddable":true,"href":"https:\/\/mountlaser.com\/es\/wp-json\/wp\/v2\/media\/4564"}],"wp:attachment":[{"href":"https:\/\/mountlaser.com\/es\/wp-json\/wp\/v2\/media?parent=4563"}],"wp:term":[{"taxonomy":"product_brand","embeddable":true,"href":"https:\/\/mountlaser.com\/es\/wp-json\/wp\/v2\/product_brand?post=4563"},{"taxonomy":"product_cat","embeddable":true,"href":"https:\/\/mountlaser.com\/es\/wp-json\/wp\/v2\/product_cat?post=4563"},{"taxonomy":"product_tag","embeddable":true,"href":"https:\/\/mountlaser.com\/es\/wp-json\/wp\/v2\/product_tag?post=4563"}],"curies":[{"name":"wp","href":"https:\/\/api.w.org\/{rel}","templated":true}]}}