{"id":4548,"date":"2025-11-18T03:08:35","date_gmt":"2025-11-18T03:08:35","guid":{"rendered":"https:\/\/mountlaser.com\/?post_type=product&#038;p=4548"},"modified":"2025-11-26T08:40:58","modified_gmt":"2025-11-26T08:40:58","slug":"llb06-line-laser-bracket-2","status":"publish","type":"product","link":"https:\/\/mountlaser.com\/es\/producto\/llb06-line-laser-bracket-2\/","title":{"rendered":"Soporte para l\u00e1ser de l\u00ednea LLB06"},"content":{"rendered":"<p>El <a href=\"https:\/\/mountlaser.com\/es\/products\/\"><strong>Plataforma elevadora l\u00e1ser de l\u00ednea LLB06<\/strong><\/a> es un vers\u00e1til <a href=\"https:\/\/mountlaser.com\/es\/\"><strong>soporte de \u00e1ngulo ajustable<\/strong><\/a> Dise\u00f1ada para ofrecer la m\u00e1xima flexibilidad de posicionamiento para una amplia gama de aplicaciones de nivel l\u00e1ser. Fabricada con una s\u00f3lida base magn\u00e9tica, la plataforma elevadora l\u00e1ser de l\u00ednea LLB06 garantiza una fijaci\u00f3n segura a superficies met\u00e1licas, permitiendo a los usuarios realizar tareas de nivelaci\u00f3n, alineaci\u00f3n y replanteo con mayor estabilidad.<\/p>\n<p>Dise\u00f1ado para una precisi\u00f3n profesional, este soporte angular ajustable admite \u00e1ngulos de trabajo de 0\u00b0 a 90\u00b0, lo que permite un posicionamiento preciso incluso en espacios complejos o reducidos. La plataforma elevadora l\u00e1ser de l\u00ednea LLB06 tambi\u00e9n incluye un adaptador de 1\/4\u2033-20 y otro de 5\/8\u2033-11, lo que la hace compatible con la mayor\u00eda de los niveles l\u00e1ser comerciales del mercado.<\/p>\n<p><img fetchpriority=\"high\" decoding=\"async\" class=\"aligncenter wp-image-4549\" src=\"https:\/\/mountlaser.com\/wp-content\/uploads\/2025\/11\/WB-061.webp\" alt=\"LLB06 Line Laser Lifting Platform\" width=\"500\" height=\"500\" srcset=\"https:\/\/mountlaser.com\/wp-content\/uploads\/2025\/11\/WB-061.webp 1000w, https:\/\/mountlaser.com\/wp-content\/uploads\/2025\/11\/WB-061-300x300.webp 300w, https:\/\/mountlaser.com\/wp-content\/uploads\/2025\/11\/WB-061-400x400.webp 400w, https:\/\/mountlaser.com\/wp-content\/uploads\/2025\/11\/WB-061-800x800.webp 800w, https:\/\/mountlaser.com\/wp-content\/uploads\/2025\/11\/WB-061-600x600.webp 600w, https:\/\/mountlaser.com\/wp-content\/uploads\/2025\/11\/WB-061-150x150.webp 150w, https:\/\/mountlaser.com\/wp-content\/uploads\/2025\/11\/WB-061-768x768.webp 768w, https:\/\/mountlaser.com\/wp-content\/uploads\/2025\/11\/WB-061-12x12.webp 12w\" sizes=\"(max-width: 500px) 100vw, 500px\" \/><\/p>\n<p>Durable, estable y f\u00e1cil de usar, este soporte angular ajustable es ideal para profesionales de la construcci\u00f3n, la renovaci\u00f3n y el dise\u00f1o de interiores que requieren soluciones de montaje fiables para sus herramientas l\u00e1ser. Ya sea para paredes, columnas o estructuras met\u00e1licas, el... <a href=\"https:\/\/mountlaser.com\/es\/contact-us\/\">Plataforma elevadora l\u00e1ser de l\u00ednea LLB06<\/a> Ofrece un rendimiento constante y una gran adaptabilidad.<\/p>","protected":false},"excerpt":{"rendered":"<ul>\n<li>Proporciona un posicionamiento flexible de la herramienta l\u00e1ser con un \u00e1ngulo ajustable de 0\u00b0 a 90\u00b0<\/li>\n<li>Base magn\u00e9tica fuerte para un montaje seguro en superficies met\u00e1licas.<\/li>\n<li>Compatible con la mayor\u00eda de los niveles l\u00e1ser mediante adaptadores de 1\/4\u2033-20 y 5\/8\u2033-11<\/li>\n<li>Admite tareas precisas de alineaci\u00f3n, dise\u00f1o y nivelaci\u00f3n.<\/li>\n<li>La estructura duradera garantiza un rendimiento estable y constante.<\/li>\n<\/ul>","protected":false},"featured_media":4549,"comment_status":"open","ping_status":"closed","template":"","meta":[],"product_brand":[],"product_cat":[94,129],"product_tag":[],"class_list":{"0":"post-4548","1":"product","2":"type-product","3":"status-publish","4":"has-post-thumbnail","6":"product_cat-laser-level-accessory","7":"product_cat-line-laser-bracket","9":"first","10":"instock","11":"shipping-taxable","12":"product-type-simple"},"_links":{"self":[{"href":"https:\/\/mountlaser.com\/es\/wp-json\/wp\/v2\/product\/4548","targetHints":{"allow":["GET"]}}],"collection":[{"href":"https:\/\/mountlaser.com\/es\/wp-json\/wp\/v2\/product"}],"about":[{"href":"https:\/\/mountlaser.com\/es\/wp-json\/wp\/v2\/types\/product"}],"replies":[{"embeddable":true,"href":"https:\/\/mountlaser.com\/es\/wp-json\/wp\/v2\/comments?post=4548"}],"wp:featuredmedia":[{"embeddable":true,"href":"https:\/\/mountlaser.com\/es\/wp-json\/wp\/v2\/media\/4549"}],"wp:attachment":[{"href":"https:\/\/mountlaser.com\/es\/wp-json\/wp\/v2\/media?parent=4548"}],"wp:term":[{"taxonomy":"product_brand","embeddable":true,"href":"https:\/\/mountlaser.com\/es\/wp-json\/wp\/v2\/product_brand?post=4548"},{"taxonomy":"product_cat","embeddable":true,"href":"https:\/\/mountlaser.com\/es\/wp-json\/wp\/v2\/product_cat?post=4548"},{"taxonomy":"product_tag","embeddable":true,"href":"https:\/\/mountlaser.com\/es\/wp-json\/wp\/v2\/product_tag?post=4548"}],"curies":[{"name":"wp","href":"https:\/\/api.w.org\/{rel}","templated":true}]}}