{"id":4524,"date":"2025-11-18T01:31:54","date_gmt":"2025-11-18T01:31:54","guid":{"rendered":"https:\/\/mountlaser.com\/?post_type=product&#038;p=4524"},"modified":"2025-11-26T08:46:28","modified_gmt":"2025-11-26T08:46:28","slug":"alp02-line-laser-lifting-platform","status":"publish","type":"product","link":"https:\/\/mountlaser.com\/es\/producto\/alp02-line-laser-lifting-platform\/","title":{"rendered":"Plataforma elevadora l\u00e1ser de l\u00ednea ALP02"},"content":{"rendered":"<p>El ALP02 es un sistema duradero y construido con precisi\u00f3n. <a href=\"https:\/\/mountlaser.com\/es\/\"><strong>Soporte de gato de laboratorio<\/strong> <\/a>Dise\u00f1ado para elevar y ajustar la altura de las herramientas l\u00e1ser para una alineaci\u00f3n precisa. Fabricado en aluminio de alta calidad y equipado con una almohadilla protectora, este soporte de gato de laboratorio proporciona un soporte estable y sin rayones para instrumentos l\u00e1ser sensibles. Con su suave mecanismo de elevaci\u00f3n, el <a href=\"https:\/\/mountlaser.com\/es\/about-us\/\"><strong>Ajuste de la plataforma elevadora del nivel l\u00e1ser<\/strong><\/a> Permite a los usuarios realizar cambios de altura precisos sin esfuerzo, lo que garantiza un posicionamiento \u00f3ptimo para tareas de dise\u00f1o, nivelaci\u00f3n y medici\u00f3n.<\/p>\n<p>Con una altura de trabajo de 90 mm, la plataforma elevadora de nivel l\u00e1ser ajustable ofrece una excelente capacidad de ajuste para proyectos tanto en interiores como en exteriores. Ya sea para construcci\u00f3n, renovaci\u00f3n o dise\u00f1o de interiores, este soporte de gato de laboratorio garantiza un rendimiento fiable y una precisi\u00f3n repetible. Su robusta construcci\u00f3n y dise\u00f1o antideslizante lo convierten en el accesorio ideal para profesionales que requieren un control constante de la altura del l\u00e1ser en cualquier obra.<\/p>\n<p><img fetchpriority=\"high\" decoding=\"async\" class=\"aligncenter wp-image-4529\" src=\"https:\/\/mountlaser.com\/wp-content\/uploads\/2025\/11\/APL025.webp\" alt=\"ALP02 Lab Jack Stand\" width=\"500\" height=\"500\" srcset=\"https:\/\/mountlaser.com\/wp-content\/uploads\/2025\/11\/APL025.webp 1000w, https:\/\/mountlaser.com\/wp-content\/uploads\/2025\/11\/APL025-300x300.webp 300w, https:\/\/mountlaser.com\/wp-content\/uploads\/2025\/11\/APL025-400x400.webp 400w, https:\/\/mountlaser.com\/wp-content\/uploads\/2025\/11\/APL025-800x800.webp 800w, https:\/\/mountlaser.com\/wp-content\/uploads\/2025\/11\/APL025-600x600.webp 600w, https:\/\/mountlaser.com\/wp-content\/uploads\/2025\/11\/APL025-150x150.webp 150w, https:\/\/mountlaser.com\/wp-content\/uploads\/2025\/11\/APL025-768x768.webp 768w, https:\/\/mountlaser.com\/wp-content\/uploads\/2025\/11\/APL025-12x12.webp 12w\" sizes=\"(max-width: 500px) 100vw, 500px\" \/><\/p>\n<p>Dise\u00f1ada para brindar simplicidad, durabilidad y precisi\u00f3n, la plataforma elevadora de nivel l\u00e1ser de ajuste mejora la eficiencia del flujo de trabajo y garantiza su <a href=\"https:\/\/mountlaser.com\/es\/products\/\">nivel l\u00e1ser<\/a> permanece estable y perfectamente alineado durante el funcionamiento.<\/p>","protected":false},"excerpt":{"rendered":"<ul>\n<li>La construcci\u00f3n de aluminio garantiza resistencia, estabilidad y una larga vida \u00fatil.<\/li>\n<li>La almohadilla protectora evita resbalones y protege los instrumentos l\u00e1ser.<\/li>\n<li>Altura de trabajo fija de 90 mm con control de elevaci\u00f3n suave<\/li>\n<li>Adecuado para construcci\u00f3n, dise\u00f1o de interiores, topograf\u00eda y uso profesional en el lugar de trabajo.<\/li>\n<\/ul>","protected":false},"featured_media":4525,"comment_status":"open","ping_status":"closed","template":"","meta":[],"product_brand":[],"product_cat":[128,94],"product_tag":[],"class_list":{"0":"post-4524","1":"product","2":"type-product","3":"status-publish","4":"has-post-thumbnail","6":"product_cat-line-laser-lifting-platform","7":"product_cat-laser-level-accessory","9":"first","10":"instock","11":"shipping-taxable","12":"product-type-simple"},"_links":{"self":[{"href":"https:\/\/mountlaser.com\/es\/wp-json\/wp\/v2\/product\/4524","targetHints":{"allow":["GET"]}}],"collection":[{"href":"https:\/\/mountlaser.com\/es\/wp-json\/wp\/v2\/product"}],"about":[{"href":"https:\/\/mountlaser.com\/es\/wp-json\/wp\/v2\/types\/product"}],"replies":[{"embeddable":true,"href":"https:\/\/mountlaser.com\/es\/wp-json\/wp\/v2\/comments?post=4524"}],"wp:featuredmedia":[{"embeddable":true,"href":"https:\/\/mountlaser.com\/es\/wp-json\/wp\/v2\/media\/4525"}],"wp:attachment":[{"href":"https:\/\/mountlaser.com\/es\/wp-json\/wp\/v2\/media?parent=4524"}],"wp:term":[{"taxonomy":"product_brand","embeddable":true,"href":"https:\/\/mountlaser.com\/es\/wp-json\/wp\/v2\/product_brand?post=4524"},{"taxonomy":"product_cat","embeddable":true,"href":"https:\/\/mountlaser.com\/es\/wp-json\/wp\/v2\/product_cat?post=4524"},{"taxonomy":"product_tag","embeddable":true,"href":"https:\/\/mountlaser.com\/es\/wp-json\/wp\/v2\/product_tag?post=4524"}],"curies":[{"name":"wp","href":"https:\/\/api.w.org\/{rel}","templated":true}]}}