{"id":4516,"date":"2025-11-17T09:10:31","date_gmt":"2025-11-17T09:10:31","guid":{"rendered":"https:\/\/mountlaser.com\/?post_type=product&#038;p=4516"},"modified":"2025-11-26T08:47:32","modified_gmt":"2025-11-26T08:47:32","slug":"gls112-aluminum-prism-pole","status":"publish","type":"product","link":"https:\/\/mountlaser.com\/es\/producto\/gls112-aluminum-prism-pole\/","title":{"rendered":"Poste de prisma de aluminio GLS112"},"content":{"rendered":"<p>Presentando el<a href=\"https:\/\/mountlaser.com\/es\/\"> <strong>Poste de prisma de aluminio GLS112<\/strong><\/a>, Dise\u00f1ado para profesionales de la topograf\u00eda que requieren un alcance excepcional sin sacrificar la estabilidad ni la precisi\u00f3n. Este robusto jal\u00f3n de alta resistencia est\u00e1 fabricado con aluminio duradero, lo que lo convierte en la opci\u00f3n ideal para proyectos donde la altura y la fiabilidad son cruciales.<\/p>\n<p>Este modelo ejemplifica el dise\u00f1o superior de un <a href=\"https:\/\/mountlaser.com\/es\/products\/\"><strong>Poste de prisma de estilo suizo de aluminio<\/strong><\/a>, Incluye un adaptador suizo de precisi\u00f3n que garantiza una conexi\u00f3n segura y universal a su prisma. La construcci\u00f3n del poste de prisma de aluminio estilo suizo garantiza un ajuste perfecto, eliminando holgura y asegurando mediciones precisas. La fiabilidad de este poste de prisma de aluminio estilo suizo se ve reforzada por su construcci\u00f3n de aluminio de alta resistencia, que proporciona la rigidez necesaria para un uso prolongado a su altura m\u00e1xima de 3,6 metros (12 pies).<\/p>\n<p>Para mantener la precisi\u00f3n a cualquier altura, el GLS112 est\u00e1 equipado con una burbuja circular de 76 cm para una nivelaci\u00f3n precisa. Cuenta con gradaciones claras de dos unidades en cent\u00edmetros y pies para una lectura vers\u00e1til, y est\u00e1 disponible en di\u00e1metros de 19, 25 y 32 mm para adaptarse a diversas necesidades de aplicaci\u00f3n.<\/p>\n<p>&nbsp;<\/p>\n<p>&nbsp;<\/p>\n<p><img fetchpriority=\"high\" decoding=\"async\" class=\"aligncenter wp-image-4518\" src=\"https:\/\/mountlaser.com\/wp-content\/uploads\/2025\/11\/GLS112\uff082\uff09.webp\" alt=\"Aluminum Swiss Style Prism Pole\" width=\"500\" height=\"500\" srcset=\"https:\/\/mountlaser.com\/wp-content\/uploads\/2025\/11\/GLS112\uff082\uff09.webp 1000w, https:\/\/mountlaser.com\/wp-content\/uploads\/2025\/11\/GLS112\uff082\uff09-300x300.webp 300w, https:\/\/mountlaser.com\/wp-content\/uploads\/2025\/11\/GLS112\uff082\uff09-400x400.webp 400w, https:\/\/mountlaser.com\/wp-content\/uploads\/2025\/11\/GLS112\uff082\uff09-800x800.webp 800w, https:\/\/mountlaser.com\/wp-content\/uploads\/2025\/11\/GLS112\uff082\uff09-600x600.webp 600w, https:\/\/mountlaser.com\/wp-content\/uploads\/2025\/11\/GLS112\uff082\uff09-150x150.webp 150w, https:\/\/mountlaser.com\/wp-content\/uploads\/2025\/11\/GLS112\uff082\uff09-768x768.webp 768w, https:\/\/mountlaser.com\/wp-content\/uploads\/2025\/11\/GLS112\uff082\uff09-12x12.webp 12w\" sizes=\"(max-width: 500px) 100vw, 500px\" \/><\/p>\n<p><a href=\"https:\/\/mountlaser.com\/es\/contact-us\/\"><strong>Especificaciones del poste de prisma de aluminio GLS112<\/strong><\/a><\/p>\n<table style=\"border-collapse: collapse; width: 741.77pt;\" border=\"0\" width=\"989\" cellspacing=\"0\" cellpadding=\"0\">\n<tbody>\n<tr style=\"height: 14.25pt;\">\n<td class=\"et2\" style=\"height: 14.25pt; width: 142.50pt;\" width=\"190\" height=\"19\">N\u00daMERO<\/td>\n<td class=\"et2\" style=\"width: 127.50pt;\" width=\"170\">LONGITUD<\/td>\n<td class=\"et2\" style=\"width: 126.00pt;\" width=\"168\">MATERIAL<\/td>\n<td class=\"et2\" style=\"width: 135.00pt;\" width=\"180\">GRADUADOS<\/td>\n<td class=\"et2\" style=\"width: 124.50pt;\" width=\"166\">ADAPTADOR<\/td>\n<td class=\"et2\" style=\"width: 86.25pt;\" width=\"115\">DI\u00c1METRO<\/td>\n<\/tr>\n<tr style=\"height: 14.25pt;\">\n<td class=\"et2\" style=\"height: 14.25pt;\" height=\"19\">GLS112<\/td>\n<td class=\"et2\">3,6 m (12 pies)<\/td>\n<td class=\"et2\">Aluminio<\/td>\n<td class=\"et3\">cm\/pie<\/td>\n<td class=\"et3\">suizo<\/td>\n<td class=\"et3\">19\/25\/32 mm<\/td>\n<\/tr>\n<\/tbody>\n<\/table>","protected":false},"excerpt":{"rendered":"<ul>\n<li>Proporciona una plataforma estable y de alto alcance (3,6 m\/12 pies) para inspeccionar prismas.<\/li>\n<li>Asegura una alineaci\u00f3n vertical precisa con un vial circular de 30 pulgadas.<\/li>\n<li>Ofrece un ajuste universal seguro con su adaptador suizo compatible con prismas est\u00e1ndar.<\/li>\n<\/ul>","protected":false},"featured_media":4517,"comment_status":"open","ping_status":"closed","template":"","meta":[],"product_brand":[],"product_cat":[89,124],"product_tag":[],"class_list":{"0":"post-4516","1":"product","2":"type-product","3":"status-publish","4":"has-post-thumbnail","6":"product_cat-surveying-pole-rod","7":"product_cat-aluminum-fiberglass-prism-pole","9":"first","10":"instock","11":"shipping-taxable","12":"product-type-simple"},"_links":{"self":[{"href":"https:\/\/mountlaser.com\/es\/wp-json\/wp\/v2\/product\/4516","targetHints":{"allow":["GET"]}}],"collection":[{"href":"https:\/\/mountlaser.com\/es\/wp-json\/wp\/v2\/product"}],"about":[{"href":"https:\/\/mountlaser.com\/es\/wp-json\/wp\/v2\/types\/product"}],"replies":[{"embeddable":true,"href":"https:\/\/mountlaser.com\/es\/wp-json\/wp\/v2\/comments?post=4516"}],"wp:featuredmedia":[{"embeddable":true,"href":"https:\/\/mountlaser.com\/es\/wp-json\/wp\/v2\/media\/4517"}],"wp:attachment":[{"href":"https:\/\/mountlaser.com\/es\/wp-json\/wp\/v2\/media?parent=4516"}],"wp:term":[{"taxonomy":"product_brand","embeddable":true,"href":"https:\/\/mountlaser.com\/es\/wp-json\/wp\/v2\/product_brand?post=4516"},{"taxonomy":"product_cat","embeddable":true,"href":"https:\/\/mountlaser.com\/es\/wp-json\/wp\/v2\/product_cat?post=4516"},{"taxonomy":"product_tag","embeddable":true,"href":"https:\/\/mountlaser.com\/es\/wp-json\/wp\/v2\/product_tag?post=4516"}],"curies":[{"name":"wp","href":"https:\/\/api.w.org\/{rel}","templated":true}]}}