{"id":4498,"date":"2025-11-17T08:56:11","date_gmt":"2025-11-17T08:56:11","guid":{"rendered":"https:\/\/mountlaser.com\/?post_type=product&#038;p=4498"},"modified":"2025-11-26T08:50:16","modified_gmt":"2025-11-26T08:50:16","slug":"gls111-aluminum-prism-pole","status":"publish","type":"product","link":"https:\/\/mountlaser.com\/es\/producto\/gls111-aluminum-prism-pole\/","title":{"rendered":"Poste de prisma de aluminio GLS111"},"content":{"rendered":"<p>Conoce a los <a href=\"https:\/\/mountlaser.com\/es\/products\/\"><strong>Poste de prisma de aluminio GLS111<\/strong><\/a>, La soluci\u00f3n vers\u00e1til y robusta para top\u00f3grafos que requieren adaptabilidad sin sacrificar la precisi\u00f3n. Este jal\u00f3n ligero y de alta resistencia est\u00e1 dise\u00f1ado para ofrecer durabilidad y un rendimiento preciso en diversas condiciones de campo, lo que lo convierte en una herramienta indispensable para cualquier proyecto de medici\u00f3n.<\/p>\n<p>La caracter\u00edstica m\u00e1s destacada de este modelo es su innovador dise\u00f1o telesc\u00f3pico. La p\u00e9rtiga telesc\u00f3pica prism\u00e1tica GLS111 se extiende f\u00e1cilmente hasta una altura m\u00e1xima de 2,6 metros (8,5 pies), lo que permite ajustarla r\u00e1pidamente a la altura de trabajo requerida. Cuando no se utiliza, se pliega para un transporte f\u00e1cil y compacto. La comodidad del dise\u00f1o de la p\u00e9rtiga telesc\u00f3pica prism\u00e1tica GLS111 permite llevar una sola p\u00e9rtiga al lugar de trabajo en lugar de varias de longitud fija.<\/p>\n<p>Para garantizar la precisi\u00f3n vertical, el <a href=\"https:\/\/mountlaser.com\/es\/about-us\/\"><strong>Poste de prisma telesc\u00f3pico GLS111<\/strong><\/a> Viene equipado con una burbuja circular confiable de 76 cm, lo que garantiza que su prisma est\u00e9 perfectamente nivelado para cada medici\u00f3n. Fabricado en aluminio de alta resistencia, resiste el uso diario y es lo suficientemente ligero para una comodidad \u00f3ptima durante todo el d\u00eda. Cuenta con un adaptador suizo est\u00e1ndar para una amplia compatibilidad y est\u00e1 disponible en di\u00e1metros de 25\/32 mm, con gradaciones claras en cent\u00edmetros y pies para un uso vers\u00e1til.<\/p>\n<p>&nbsp;<\/p>\n<p><img fetchpriority=\"high\" decoding=\"async\" class=\"aligncenter wp-image-4503\" src=\"https:\/\/mountlaser.com\/wp-content\/uploads\/2025\/11\/GLS1113.webp\" alt=\"GLS111 Telescopic Prism Pole\" width=\"500\" height=\"500\" srcset=\"https:\/\/mountlaser.com\/wp-content\/uploads\/2025\/11\/GLS1113.webp 1000w, https:\/\/mountlaser.com\/wp-content\/uploads\/2025\/11\/GLS1113-300x300.webp 300w, https:\/\/mountlaser.com\/wp-content\/uploads\/2025\/11\/GLS1113-400x400.webp 400w, https:\/\/mountlaser.com\/wp-content\/uploads\/2025\/11\/GLS1113-800x800.webp 800w, https:\/\/mountlaser.com\/wp-content\/uploads\/2025\/11\/GLS1113-600x600.webp 600w, https:\/\/mountlaser.com\/wp-content\/uploads\/2025\/11\/GLS1113-150x150.webp 150w, https:\/\/mountlaser.com\/wp-content\/uploads\/2025\/11\/GLS1113-768x768.webp 768w, https:\/\/mountlaser.com\/wp-content\/uploads\/2025\/11\/GLS1113-12x12.webp 12w\" sizes=\"(max-width: 500px) 100vw, 500px\" \/><\/p>\n<p><a href=\"https:\/\/mountlaser.com\/es\/contact-us\/\"><strong>Especificaciones del poste de prisma de aluminio GLS111<\/strong><\/a><\/p>\n<table style=\"border-collapse: collapse; width: 741.77pt;\" border=\"0\" width=\"989\" cellspacing=\"0\" cellpadding=\"0\">\n<tbody>\n<tr style=\"height: 14.25pt;\">\n<td class=\"et2\" style=\"height: 14.25pt; width: 142.50pt;\" width=\"190\" height=\"19\">N\u00daMERO<\/td>\n<td class=\"et2\" style=\"width: 127.50pt;\" width=\"170\">LONGITUD<\/td>\n<td class=\"et2\" style=\"width: 126.00pt;\" width=\"168\">MATERIAL<\/td>\n<td class=\"et2\" style=\"width: 135.00pt;\" width=\"180\">GRADUADOS<\/td>\n<td class=\"et2\" style=\"width: 124.50pt;\" width=\"166\">ADAPTADOR<\/td>\n<td class=\"et2\" style=\"width: 86.25pt;\" width=\"115\">DI\u00c1METRO<\/td>\n<\/tr>\n<tr style=\"height: 14.25pt;\">\n<td class=\"et2\" style=\"height: 14.25pt;\" height=\"19\">GLS111<\/td>\n<td class=\"et2\">2,6 m (8,5 pies)<\/td>\n<td class=\"et2\">Aluminio<\/td>\n<td class=\"et3\">cm\/pie<\/td>\n<td class=\"et3\">suizo<\/td>\n<td class=\"et3\">25\/32 mm<\/td>\n<\/tr>\n<\/tbody>\n<\/table>","protected":false},"excerpt":{"rendered":"<ul>\n<li>Proporciona una plataforma ajustable y estable para la medici\u00f3n de prismas con su dise\u00f1o telesc\u00f3pico.<\/li>\n<li>Garantiza una alineaci\u00f3n vertical precisa con un vial circular incorporado de 30 pulgadas.<\/li>\n<li>Ofrece ajustes de altura f\u00e1ciles desde un tama\u00f1o de transporte compacto hasta una altura de trabajo completa de 2,6 m (8,5 pies).<\/li>\n<\/ul>","protected":false},"featured_media":4499,"comment_status":"open","ping_status":"closed","template":"","meta":[],"product_brand":[],"product_cat":[89,124],"product_tag":[],"class_list":{"0":"post-4498","1":"product","2":"type-product","3":"status-publish","4":"has-post-thumbnail","6":"product_cat-surveying-pole-rod","7":"product_cat-aluminum-fiberglass-prism-pole","9":"first","10":"instock","11":"shipping-taxable","12":"product-type-simple"},"_links":{"self":[{"href":"https:\/\/mountlaser.com\/es\/wp-json\/wp\/v2\/product\/4498","targetHints":{"allow":["GET"]}}],"collection":[{"href":"https:\/\/mountlaser.com\/es\/wp-json\/wp\/v2\/product"}],"about":[{"href":"https:\/\/mountlaser.com\/es\/wp-json\/wp\/v2\/types\/product"}],"replies":[{"embeddable":true,"href":"https:\/\/mountlaser.com\/es\/wp-json\/wp\/v2\/comments?post=4498"}],"wp:featuredmedia":[{"embeddable":true,"href":"https:\/\/mountlaser.com\/es\/wp-json\/wp\/v2\/media\/4499"}],"wp:attachment":[{"href":"https:\/\/mountlaser.com\/es\/wp-json\/wp\/v2\/media?parent=4498"}],"wp:term":[{"taxonomy":"product_brand","embeddable":true,"href":"https:\/\/mountlaser.com\/es\/wp-json\/wp\/v2\/product_brand?post=4498"},{"taxonomy":"product_cat","embeddable":true,"href":"https:\/\/mountlaser.com\/es\/wp-json\/wp\/v2\/product_cat?post=4498"},{"taxonomy":"product_tag","embeddable":true,"href":"https:\/\/mountlaser.com\/es\/wp-json\/wp\/v2\/product_tag?post=4498"}],"curies":[{"name":"wp","href":"https:\/\/api.w.org\/{rel}","templated":true}]}}