{"id":4497,"date":"2025-11-17T08:56:31","date_gmt":"2025-11-17T08:56:31","guid":{"rendered":"https:\/\/mountlaser.com\/?post_type=product&#038;p=4497"},"modified":"2025-11-26T08:49:16","modified_gmt":"2025-11-26T08:49:16","slug":"alp01-line-laser-lifting-platform","status":"publish","type":"product","link":"https:\/\/mountlaser.com\/es\/producto\/alp01-line-laser-lifting-platform\/","title":{"rendered":"Plataforma elevadora l\u00e1ser de l\u00ednea ALP01"},"content":{"rendered":"<p>El <a href=\"https:\/\/mountlaser.com\/es\/\"><strong>Plataforma elevadora ALP01 para nivel l\u00e1ser<\/strong><\/a> Es un dise\u00f1o de precisi\u00f3n <a href=\"https:\/\/mountlaser.com\/es\/about-us\/\"><strong>gato de laboratorio<\/strong><\/a> Dise\u00f1ado para proporcionar un soporte estable y ajustable en altura para herramientas de nivelaci\u00f3n l\u00e1ser. Fabricado en aluminio resistente, este gato de laboratorio ofrece un control de elevaci\u00f3n suave y fiable, ideal para ajustar la altura del l\u00e1ser durante tareas de construcci\u00f3n, dise\u00f1o y alineaci\u00f3n de interiores.<\/p>\n<p>Con su dise\u00f1o compacto y una altura de trabajo de 90 mm, la plataforma elevadora ALP01 para nivel l\u00e1ser permite realizar ajustes verticales precisos, asegurando que las l\u00edneas l\u00e1ser se ubiquen exactamente donde se necesitan. Su robusta estructura de aluminio garantiza una larga durabilidad y, al mismo tiempo, permite una portabilidad ligera en la obra.<\/p>\n<p><img fetchpriority=\"high\" decoding=\"async\" class=\"aligncenter wp-image-4514\" src=\"https:\/\/mountlaser.com\/wp-content\/uploads\/2025\/11\/APL019.webp\" alt=\"ALP01 lab jack\" width=\"500\" height=\"500\" srcset=\"https:\/\/mountlaser.com\/wp-content\/uploads\/2025\/11\/APL019.webp 1000w, https:\/\/mountlaser.com\/wp-content\/uploads\/2025\/11\/APL019-300x300.webp 300w, https:\/\/mountlaser.com\/wp-content\/uploads\/2025\/11\/APL019-400x400.webp 400w, https:\/\/mountlaser.com\/wp-content\/uploads\/2025\/11\/APL019-800x800.webp 800w, https:\/\/mountlaser.com\/wp-content\/uploads\/2025\/11\/APL019-600x600.webp 600w, https:\/\/mountlaser.com\/wp-content\/uploads\/2025\/11\/APL019-150x150.webp 150w, https:\/\/mountlaser.com\/wp-content\/uploads\/2025\/11\/APL019-768x768.webp 768w, https:\/\/mountlaser.com\/wp-content\/uploads\/2025\/11\/APL019-12x12.webp 12w\" sizes=\"(max-width: 500px) 100vw, 500px\" \/><\/p>\n<p>Dise\u00f1ado para profesionales que exigen precisi\u00f3n, el <a href=\"https:\/\/mountlaser.com\/es\/contact-us\/\">Plataforma elevadora ALP01 para nivel l\u00e1ser<\/a> Ofrece un rendimiento constante y un soporte estable, lo que lo convierte en un gato de laboratorio esencial para herramientas l\u00e1ser utilizadas en trabajos de medici\u00f3n y nivelaci\u00f3n.<\/p>","protected":false},"excerpt":{"rendered":"<ul>\n<li>Proporciona un posicionamiento de altura ajustable para los niveles l\u00e1ser.<\/li>\n<li>Mecanismo de elevaci\u00f3n suave y estable para una alineaci\u00f3n vertical precisa<\/li>\n<li>Construcci\u00f3n de aluminio resistente para mayor durabilidad y portabilidad.<\/li>\n<li>Altura de trabajo: 90 mm<\/li>\n<li>Ideal para nivelaci\u00f3n, dise\u00f1o, instalaci\u00f3n de baldosas y alineaci\u00f3n interior.<\/li>\n<li>Mejora la precisi\u00f3n al permitir ajustes finos de altura.<\/li>\n<\/ul>","protected":false},"featured_media":4510,"comment_status":"open","ping_status":"closed","template":"","meta":[],"product_brand":[],"product_cat":[94,128],"product_tag":[],"class_list":{"0":"post-4497","1":"product","2":"type-product","3":"status-publish","4":"has-post-thumbnail","6":"product_cat-laser-level-accessory","7":"product_cat-line-laser-lifting-platform","9":"first","10":"instock","11":"shipping-taxable","12":"product-type-simple"},"_links":{"self":[{"href":"https:\/\/mountlaser.com\/es\/wp-json\/wp\/v2\/product\/4497","targetHints":{"allow":["GET"]}}],"collection":[{"href":"https:\/\/mountlaser.com\/es\/wp-json\/wp\/v2\/product"}],"about":[{"href":"https:\/\/mountlaser.com\/es\/wp-json\/wp\/v2\/types\/product"}],"replies":[{"embeddable":true,"href":"https:\/\/mountlaser.com\/es\/wp-json\/wp\/v2\/comments?post=4497"}],"wp:featuredmedia":[{"embeddable":true,"href":"https:\/\/mountlaser.com\/es\/wp-json\/wp\/v2\/media\/4510"}],"wp:attachment":[{"href":"https:\/\/mountlaser.com\/es\/wp-json\/wp\/v2\/media?parent=4497"}],"wp:term":[{"taxonomy":"product_brand","embeddable":true,"href":"https:\/\/mountlaser.com\/es\/wp-json\/wp\/v2\/product_brand?post=4497"},{"taxonomy":"product_cat","embeddable":true,"href":"https:\/\/mountlaser.com\/es\/wp-json\/wp\/v2\/product_cat?post=4497"},{"taxonomy":"product_tag","embeddable":true,"href":"https:\/\/mountlaser.com\/es\/wp-json\/wp\/v2\/product_tag?post=4497"}],"curies":[{"name":"wp","href":"https:\/\/api.w.org\/{rel}","templated":true}]}}