{"id":4494,"date":"2025-11-17T07:52:44","date_gmt":"2025-11-17T07:52:44","guid":{"rendered":"https:\/\/mountlaser.com\/?post_type=product&#038;p=4494"},"modified":"2025-11-26T09:00:12","modified_gmt":"2025-11-26T09:00:12","slug":"gls12-aluminum-prism-pole","status":"publish","type":"product","link":"https:\/\/mountlaser.com\/es\/producto\/gls12-aluminum-prism-pole\/","title":{"rendered":"Poste de prisma de aluminio GLS12"},"content":{"rendered":"<p>Precisi\u00f3n y durabilidad combinadas: el poste de prisma de aluminio GLS12<\/p>\n<p>Mejore sus proyectos de topograf\u00eda y medici\u00f3n con el <a href=\"https:\/\/mountlaser.com\/es\/products\/\"><strong>Poste de prisma de aluminio GLS12<\/strong><\/a>, Una herramienta dise\u00f1ada para una estabilidad y precisi\u00f3n excepcionales. Esta p\u00e9rtiga de aluminio de alta resistencia est\u00e1 dise\u00f1ada para soportar los rigores del campo, a la vez que ofrece la fiabilidad que exigen los profesionales.<\/p>\n<p>Una caracter\u00edstica clave de este bast\u00f3n es su mecanismo de bloqueo de prisma de estilo suizo. Este sofisticado sistema de bloqueo garantiza un montaje r\u00e1pido y seguro, permitiendo ajustes r\u00e1pidos de altura sin comprometer la rigidez ni la alineaci\u00f3n. La precisi\u00f3n del... <a href=\"https:\/\/mountlaser.com\/es\/about-us\/\"><strong>Poste de prisma con cierre a presi\u00f3n estilo suizo<\/strong><\/a> El dise\u00f1o garantiza que su prisma permanezca estable, incluso en condiciones dif\u00edciles.<\/p>\n<p>Para una precisi\u00f3n incomparable en cada trabajo, el <a href=\"https:\/\/mountlaser.com\/es\/\">Poste de prisma de aluminio GLS12<\/a> Est\u00e1 equipado con una burbuja circular de 76 cm para una nivelaci\u00f3n precisa. Fabricado en aluminio robusto, ofrece un equilibrio \u00f3ptimo entre ligereza y durabilidad. El poste cuenta con un adaptador suizo para compatibilidad universal y est\u00e1 disponible en di\u00e1metros de 18\/25 mm.<\/p>\n<p><img fetchpriority=\"high\" decoding=\"async\" class=\"aligncenter wp-image-4495\" src=\"https:\/\/mountlaser.com\/wp-content\/uploads\/2025\/11\/IMG_3171.webp\" alt=\"Swiss Style Snap Lock Prism Pole\" width=\"500\" height=\"500\" srcset=\"https:\/\/mountlaser.com\/wp-content\/uploads\/2025\/11\/IMG_3171.webp 800w, https:\/\/mountlaser.com\/wp-content\/uploads\/2025\/11\/IMG_3171-300x300.webp 300w, https:\/\/mountlaser.com\/wp-content\/uploads\/2025\/11\/IMG_3171-400x400.webp 400w, https:\/\/mountlaser.com\/wp-content\/uploads\/2025\/11\/IMG_3171-600x600.webp 600w, https:\/\/mountlaser.com\/wp-content\/uploads\/2025\/11\/IMG_3171-150x150.webp 150w, https:\/\/mountlaser.com\/wp-content\/uploads\/2025\/11\/IMG_3171-768x768.webp 768w, https:\/\/mountlaser.com\/wp-content\/uploads\/2025\/11\/IMG_3171-12x12.webp 12w\" sizes=\"(max-width: 500px) 100vw, 500px\" \/><\/p>\n<p><strong>Especificaciones del poste de prisma de aluminio GLS12<\/strong><\/p>\n<table style=\"border-collapse: collapse; width: 741.77pt;\" border=\"0\" width=\"989\" cellspacing=\"0\" cellpadding=\"0\">\n<tbody>\n<tr style=\"height: 14.25pt;\">\n<td class=\"et2\" style=\"height: 14.25pt; width: 142.50pt;\" width=\"190\" height=\"19\">N\u00daMERO<\/td>\n<td class=\"et2\" style=\"width: 127.50pt;\" width=\"170\">LONGITUD<\/td>\n<td class=\"et2\" style=\"width: 126.00pt;\" width=\"168\">MATERIAL<\/td>\n<td class=\"et2\" style=\"width: 135.00pt;\" width=\"180\">GRADUADOS<\/td>\n<td class=\"et2\" style=\"width: 124.50pt;\" width=\"166\">ADAPTADOR<\/td>\n<td class=\"et2\" style=\"width: 86.25pt;\" width=\"115\">DI\u00c1METRO<\/td>\n<\/tr>\n<tr style=\"height: 14.25pt;\">\n<td class=\"et2\" style=\"height: 14.25pt;\" height=\"19\">GLS12<\/td>\n<td class=\"et2\">2,0 m<\/td>\n<td class=\"et2\">Aluminio<\/td>\n<td class=\"et3\">cent\u00edmetro<\/td>\n<td class=\"et3\">suizo<\/td>\n<td class=\"et3\">18\/25 mm<\/td>\n<\/tr>\n<\/tbody>\n<\/table>\n<p>&nbsp;<\/p>","protected":false},"excerpt":{"rendered":"<ul>\n<li>Proporciona una plataforma estable y ajustable para montar prismas topogr\u00e1ficos.<\/li>\n<li>Garantiza una alineaci\u00f3n vertical precisa con su vial circular integrado de 30 pulgadas.<\/li>\n<li>Permite ajustes de altura r\u00e1pidos y seguros a trav\u00e9s del mecanismo Swiss Style Snap Lock.<\/li>\n<\/ul>","protected":false},"featured_media":4495,"comment_status":"open","ping_status":"closed","template":"","meta":[],"product_brand":[],"product_cat":[89,124],"product_tag":[],"class_list":{"0":"post-4494","1":"product","2":"type-product","3":"status-publish","4":"has-post-thumbnail","6":"product_cat-surveying-pole-rod","7":"product_cat-aluminum-fiberglass-prism-pole","9":"first","10":"instock","11":"shipping-taxable","12":"product-type-simple"},"_links":{"self":[{"href":"https:\/\/mountlaser.com\/es\/wp-json\/wp\/v2\/product\/4494","targetHints":{"allow":["GET"]}}],"collection":[{"href":"https:\/\/mountlaser.com\/es\/wp-json\/wp\/v2\/product"}],"about":[{"href":"https:\/\/mountlaser.com\/es\/wp-json\/wp\/v2\/types\/product"}],"replies":[{"embeddable":true,"href":"https:\/\/mountlaser.com\/es\/wp-json\/wp\/v2\/comments?post=4494"}],"wp:featuredmedia":[{"embeddable":true,"href":"https:\/\/mountlaser.com\/es\/wp-json\/wp\/v2\/media\/4495"}],"wp:attachment":[{"href":"https:\/\/mountlaser.com\/es\/wp-json\/wp\/v2\/media?parent=4494"}],"wp:term":[{"taxonomy":"product_brand","embeddable":true,"href":"https:\/\/mountlaser.com\/es\/wp-json\/wp\/v2\/product_brand?post=4494"},{"taxonomy":"product_cat","embeddable":true,"href":"https:\/\/mountlaser.com\/es\/wp-json\/wp\/v2\/product_cat?post=4494"},{"taxonomy":"product_tag","embeddable":true,"href":"https:\/\/mountlaser.com\/es\/wp-json\/wp\/v2\/product_tag?post=4494"}],"curies":[{"name":"wp","href":"https:\/\/api.w.org\/{rel}","templated":true}]}}