{"id":4476,"date":"2025-11-17T05:52:26","date_gmt":"2025-11-17T05:52:26","guid":{"rendered":"https:\/\/mountlaser.com\/?post_type=product&#038;p=4476"},"modified":"2025-11-26T09:02:54","modified_gmt":"2025-11-26T09:02:54","slug":"ltp02-laser-target-plate","status":"publish","type":"product","link":"https:\/\/mountlaser.com\/es\/producto\/ltp02-laser-target-plate\/","title":{"rendered":"Placa de objetivo l\u00e1ser LTP02"},"content":{"rendered":"<p>El <a href=\"https:\/\/mountlaser.com\/es\/products\/\"><strong>Placa de objetivo l\u00e1ser LTP02<\/strong><\/a> es de alta visibilidad <a href=\"https:\/\/mountlaser.com\/es\/\"><strong>Placa de tarjeta de objetivo l\u00e1ser<\/strong><\/a> Dise\u00f1ada para mejorar la claridad y precisi\u00f3n de las l\u00edneas l\u00e1ser durante los trabajos de nivelaci\u00f3n y alineaci\u00f3n. Dise\u00f1ada con una superficie reflectante de alto contraste, la placa de objetivo l\u00e1ser LTP02 mejora la visibilidad del haz a largas distancias y en entornos con mucha luz, lo que la hace ideal tanto para aplicaciones en interiores como en exteriores.<\/p>\n<p><img fetchpriority=\"high\" decoding=\"async\" class=\"aligncenter wp-image-4478\" src=\"https:\/\/mountlaser.com\/wp-content\/uploads\/2025\/11\/LTP022.webp\" alt=\"LTP02 laser target plate\" width=\"500\" height=\"500\" srcset=\"https:\/\/mountlaser.com\/wp-content\/uploads\/2025\/11\/LTP022.webp 1000w, https:\/\/mountlaser.com\/wp-content\/uploads\/2025\/11\/LTP022-300x300.webp 300w, https:\/\/mountlaser.com\/wp-content\/uploads\/2025\/11\/LTP022-400x400.webp 400w, https:\/\/mountlaser.com\/wp-content\/uploads\/2025\/11\/LTP022-800x800.webp 800w, https:\/\/mountlaser.com\/wp-content\/uploads\/2025\/11\/LTP022-600x600.webp 600w, https:\/\/mountlaser.com\/wp-content\/uploads\/2025\/11\/LTP022-150x150.webp 150w, https:\/\/mountlaser.com\/wp-content\/uploads\/2025\/11\/LTP022-768x768.webp 768w, https:\/\/mountlaser.com\/wp-content\/uploads\/2025\/11\/LTP022-12x12.webp 12w\" sizes=\"(max-width: 500px) 100vw, 500px\" \/><\/p>\n<p>Para satisfacer diferentes necesidades operativas, el <a href=\"https:\/\/mountlaser.com\/es\/contact-us\/\">Placa de objetivo l\u00e1ser LTP02<\/a> Disponible en dos opciones de color: rojo para l\u00edneas l\u00e1ser rojas y verde para l\u00edneas l\u00e1ser verdes, lo que garantiza un contraste \u00f3ptimo y una f\u00e1cil detecci\u00f3n del haz l\u00e1ser. Esta resistente placa de objetivo l\u00e1ser incluye marcas de escala claras, un soporte estable y una construcci\u00f3n robusta, ideal para profesionales de la construcci\u00f3n, la renovaci\u00f3n y el dise\u00f1o que exigen precisi\u00f3n.<\/p>","protected":false},"excerpt":{"rendered":"<ul>\n<li>Mejora la visibilidad de la l\u00ednea l\u00e1ser a largas distancias o en condiciones de trabajo brillantes.<\/li>\n<li>La superficie reflectante mejora el contraste de las herramientas l\u00e1ser rojas y verdes<\/li>\n<li>Disponible en rojo (para l\u00edneas l\u00e1ser rojas) y verde (para l\u00edneas l\u00e1ser verdes)<\/li>\n<li>Marcas de medici\u00f3n claras para una alineaci\u00f3n precisa<\/li>\n<li>Dise\u00f1o duradero y estable para diversos entornos de trabajo.<\/li>\n<li>Ideal para tareas de nivelaci\u00f3n, dise\u00f1o, topograf\u00eda y alineaci\u00f3n.<\/li>\n<\/ul>","protected":false},"featured_media":4477,"comment_status":"open","ping_status":"closed","template":"","meta":[],"product_brand":[],"product_cat":[94,127],"product_tag":[],"class_list":{"0":"post-4476","1":"product","2":"type-product","3":"status-publish","4":"has-post-thumbnail","6":"product_cat-laser-level-accessory","7":"product_cat-laser-target","9":"first","10":"instock","11":"shipping-taxable","12":"product-type-simple"},"_links":{"self":[{"href":"https:\/\/mountlaser.com\/es\/wp-json\/wp\/v2\/product\/4476","targetHints":{"allow":["GET"]}}],"collection":[{"href":"https:\/\/mountlaser.com\/es\/wp-json\/wp\/v2\/product"}],"about":[{"href":"https:\/\/mountlaser.com\/es\/wp-json\/wp\/v2\/types\/product"}],"replies":[{"embeddable":true,"href":"https:\/\/mountlaser.com\/es\/wp-json\/wp\/v2\/comments?post=4476"}],"wp:featuredmedia":[{"embeddable":true,"href":"https:\/\/mountlaser.com\/es\/wp-json\/wp\/v2\/media\/4477"}],"wp:attachment":[{"href":"https:\/\/mountlaser.com\/es\/wp-json\/wp\/v2\/media?parent=4476"}],"wp:term":[{"taxonomy":"product_brand","embeddable":true,"href":"https:\/\/mountlaser.com\/es\/wp-json\/wp\/v2\/product_brand?post=4476"},{"taxonomy":"product_cat","embeddable":true,"href":"https:\/\/mountlaser.com\/es\/wp-json\/wp\/v2\/product_cat?post=4476"},{"taxonomy":"product_tag","embeddable":true,"href":"https:\/\/mountlaser.com\/es\/wp-json\/wp\/v2\/product_tag?post=4476"}],"curies":[{"name":"wp","href":"https:\/\/api.w.org\/{rel}","templated":true}]}}