{"id":4475,"date":"2025-11-17T05:34:16","date_gmt":"2025-11-17T05:34:16","guid":{"rendered":"https:\/\/mountlaser.com\/?post_type=product&#038;p=4475"},"modified":"2025-11-26T09:03:55","modified_gmt":"2025-11-26T09:03:55","slug":"ltp01-laser-target-plate","status":"publish","type":"product","link":"https:\/\/mountlaser.com\/es\/producto\/ltp01-laser-target-plate\/","title":{"rendered":"Placa de objetivo l\u00e1ser LTP01"},"content":{"rendered":"<p>El <a href=\"https:\/\/mountlaser.com\/es\/products\/\"><strong>Placa de objetivo l\u00e1ser LTP01<\/strong><\/a> es un profesional <a href=\"https:\/\/mountlaser.com\/es\/\"><strong>objetivo de nivel l\u00e1ser<\/strong><\/a> Dise\u00f1ada para mejorar la visibilidad del l\u00e1ser y la precisi\u00f3n de las mediciones en diversas condiciones de trabajo. Esta resistente placa de objetivo l\u00e1ser LTP01 cuenta con una superficie reflectante de alto contraste que captura las l\u00edneas l\u00e1ser con claridad, facilitando y haciendo m\u00e1s precisa la nivelaci\u00f3n y alineaci\u00f3n a larga distancia.<\/p>\n<p>Para satisfacer las diferentes necesidades de aplicaci\u00f3n, la placa de objetivo l\u00e1ser LTP01 est\u00e1 disponible en dos colores: rojo para l\u00edneas l\u00e1ser rojas y verde para l\u00edneas l\u00e1ser verdes. Tanto en interiores como en exteriores, este objetivo de nivel l\u00e1ser garantiza una claridad superior al mejorar el contraste del haz l\u00e1ser, especialmente en entornos brillantes o con alcances amplios.<\/p>\n<p><img fetchpriority=\"high\" decoding=\"async\" class=\"aligncenter wp-image-4470\" src=\"https:\/\/mountlaser.com\/wp-content\/uploads\/2025\/11\/LTP013.webp\" alt=\"LTP01 laser target plate\" width=\"500\" height=\"500\" srcset=\"https:\/\/mountlaser.com\/wp-content\/uploads\/2025\/11\/LTP013.webp 1000w, https:\/\/mountlaser.com\/wp-content\/uploads\/2025\/11\/LTP013-300x300.webp 300w, https:\/\/mountlaser.com\/wp-content\/uploads\/2025\/11\/LTP013-400x400.webp 400w, https:\/\/mountlaser.com\/wp-content\/uploads\/2025\/11\/LTP013-800x800.webp 800w, https:\/\/mountlaser.com\/wp-content\/uploads\/2025\/11\/LTP013-600x600.webp 600w, https:\/\/mountlaser.com\/wp-content\/uploads\/2025\/11\/LTP013-150x150.webp 150w, https:\/\/mountlaser.com\/wp-content\/uploads\/2025\/11\/LTP013-768x768.webp 768w, https:\/\/mountlaser.com\/wp-content\/uploads\/2025\/11\/LTP013-12x12.webp 12w\" sizes=\"(max-width: 500px) 100vw, 500px\" \/><\/p>\n<p>Dise\u00f1ado para tareas de construcci\u00f3n, dise\u00f1o interior y topograf\u00eda, este <a href=\"https:\/\/mountlaser.com\/es\/contact-us\/\">objetivo de nivel l\u00e1ser<\/a> Proporciona un posicionamiento estable, marcas f\u00e1ciles de leer y un rendimiento constante, lo que lo convierte en un accesorio esencial para los profesionales que conf\u00edan en mediciones l\u00e1ser precisas.<\/p>","protected":false},"excerpt":{"rendered":"<ul>\n<li>Mejora la visibilidad de las l\u00edneas l\u00e1ser para entornos de larga distancia o con mucha luz.<\/li>\n<li>La superficie reflectante mejora el contraste de las herramientas l\u00e1ser rojas y verdes.<\/li>\n<li>Disponible en rojo (para l\u00edneas l\u00e1ser rojas) y verde (para l\u00edneas l\u00e1ser verdes)<\/li>\n<li>Marcas de escala claras para una alineaci\u00f3n y referencia precisas<\/li>\n<li>Dise\u00f1o estable para uso en interiores y exteriores.<\/li>\n<li>Ideal para tareas de nivelaci\u00f3n, dise\u00f1o y alineaci\u00f3n.<\/li>\n<\/ul>","protected":false},"featured_media":4469,"comment_status":"open","ping_status":"closed","template":"","meta":[],"product_brand":[],"product_cat":[127,94],"product_tag":[],"class_list":{"0":"post-4475","1":"product","2":"type-product","3":"status-publish","4":"has-post-thumbnail","6":"product_cat-laser-target","7":"product_cat-laser-level-accessory","9":"first","10":"instock","11":"shipping-taxable","12":"product-type-simple"},"_links":{"self":[{"href":"https:\/\/mountlaser.com\/es\/wp-json\/wp\/v2\/product\/4475","targetHints":{"allow":["GET"]}}],"collection":[{"href":"https:\/\/mountlaser.com\/es\/wp-json\/wp\/v2\/product"}],"about":[{"href":"https:\/\/mountlaser.com\/es\/wp-json\/wp\/v2\/types\/product"}],"replies":[{"embeddable":true,"href":"https:\/\/mountlaser.com\/es\/wp-json\/wp\/v2\/comments?post=4475"}],"wp:featuredmedia":[{"embeddable":true,"href":"https:\/\/mountlaser.com\/es\/wp-json\/wp\/v2\/media\/4469"}],"wp:attachment":[{"href":"https:\/\/mountlaser.com\/es\/wp-json\/wp\/v2\/media?parent=4475"}],"wp:term":[{"taxonomy":"product_brand","embeddable":true,"href":"https:\/\/mountlaser.com\/es\/wp-json\/wp\/v2\/product_brand?post=4475"},{"taxonomy":"product_cat","embeddable":true,"href":"https:\/\/mountlaser.com\/es\/wp-json\/wp\/v2\/product_cat?post=4475"},{"taxonomy":"product_tag","embeddable":true,"href":"https:\/\/mountlaser.com\/es\/wp-json\/wp\/v2\/product_tag?post=4475"}],"curies":[{"name":"wp","href":"https:\/\/api.w.org\/{rel}","templated":true}]}}