{"id":4466,"date":"2025-11-17T04:56:35","date_gmt":"2025-11-17T04:56:35","guid":{"rendered":"https:\/\/mountlaser.com\/?post_type=product&#038;p=4466"},"modified":"2025-11-26T09:04:52","modified_gmt":"2025-11-26T09:04:52","slug":"lg01-laser-glasses","status":"publish","type":"product","link":"https:\/\/mountlaser.com\/es\/producto\/lg01-laser-glasses\/","title":{"rendered":"Gafas l\u00e1ser LG01"},"content":{"rendered":"<p>Descubra una visibilidad mejorada y una mayor precisi\u00f3n en el lugar de trabajo con nuestro <a href=\"https:\/\/mountlaser.com\/es\/\"><strong>Gafas l\u00e1ser<\/strong><\/a>, Dise\u00f1ado espec\u00edficamente para profesionales que trabajan con herramientas l\u00e1ser. Estas gafas de seguridad l\u00e1ser de alta calidad ayudan a reducir la interferencia de la luz ambiental, permitiendo que la l\u00ednea l\u00e1ser se vea m\u00e1s n\u00edtida y clara incluso en entornos con mucha luz.<\/p>\n<p>Nuestro <a href=\"https:\/\/mountlaser.com\/es\/about-us\/\">modelo LG01<\/a> Est\u00e1 disponible en dos opciones de color: una lente roja para l\u00edneas l\u00e1ser rojas y una lente verde para l\u00edneas l\u00e1ser verdes, lo que garantiza un rendimiento \u00f3ptimo en diferentes aplicaciones l\u00e1ser. Tanto si trabaja en interiores como en exteriores, estas gafas l\u00e1ser ofrecen protecci\u00f3n ocular fiable y una mejor visibilidad de las l\u00edneas.<\/p>\n<p><img fetchpriority=\"high\" decoding=\"async\" class=\"aligncenter wp-image-4463\" src=\"https:\/\/mountlaser.com\/wp-content\/uploads\/2025\/11\/LG015.webp\" alt=\"LG01 Laser glasses\" width=\"500\" height=\"500\" srcset=\"https:\/\/mountlaser.com\/wp-content\/uploads\/2025\/11\/LG015.webp 1000w, https:\/\/mountlaser.com\/wp-content\/uploads\/2025\/11\/LG015-300x300.webp 300w, https:\/\/mountlaser.com\/wp-content\/uploads\/2025\/11\/LG015-400x400.webp 400w, https:\/\/mountlaser.com\/wp-content\/uploads\/2025\/11\/LG015-800x800.webp 800w, https:\/\/mountlaser.com\/wp-content\/uploads\/2025\/11\/LG015-600x600.webp 600w, https:\/\/mountlaser.com\/wp-content\/uploads\/2025\/11\/LG015-150x150.webp 150w, https:\/\/mountlaser.com\/wp-content\/uploads\/2025\/11\/LG015-768x768.webp 768w, https:\/\/mountlaser.com\/wp-content\/uploads\/2025\/11\/LG015-12x12.webp 12w\" sizes=\"(max-width: 500px) 100vw, 500px\" \/><\/p>\n<p>Dise\u00f1ado para brindar durabilidad y comodidad, el <a href=\"https:\/\/mountlaser.com\/es\/contact-us\/\"><strong>Gafas de seguridad para l\u00e1ser<\/strong><\/a> Ofrecen una construcci\u00f3n ligera, un ajuste ergon\u00f3mico y una alta resistencia a los impactos para soportar largas jornadas de trabajo. Gracias a su tecnolog\u00eda de filtrado optimizada, las gafas l\u00e1ser mejoran el contraste de las l\u00edneas l\u00e1ser, lo que permite realizar tareas como nivelaci\u00f3n, alineaci\u00f3n y dise\u00f1o con mayor rapidez y precisi\u00f3n.<\/p>","protected":false},"excerpt":{"rendered":"<ul>\n<li>Mejora la visibilidad de la l\u00ednea l\u00e1ser en condiciones de iluminaci\u00f3n brillantes o desafiantes.<\/li>\n<li>Filtra longitudes de onda de luz ambiental espec\u00edficas para obtener l\u00edneas l\u00e1ser rojas o verdes m\u00e1s claras<\/li>\n<li>Proporciona protecci\u00f3n ocular confiable durante tareas de medici\u00f3n basadas en l\u00e1ser.<\/li>\n<li>Disponible en opciones rojo (para l\u00edneas l\u00e1ser rojas) y verde (para l\u00edneas l\u00e1ser verdes)<\/li>\n<li>Ligero, duradero y c\u00f3modo para un uso prolongado.<\/li>\n<\/ul>","protected":false},"featured_media":4460,"comment_status":"open","ping_status":"closed","template":"","meta":[],"product_brand":[],"product_cat":[94,126],"product_tag":[],"class_list":{"0":"post-4466","1":"product","2":"type-product","3":"status-publish","4":"has-post-thumbnail","6":"product_cat-laser-level-accessory","7":"product_cat-laser-glasses","9":"first","10":"instock","11":"shipping-taxable","12":"product-type-simple"},"_links":{"self":[{"href":"https:\/\/mountlaser.com\/es\/wp-json\/wp\/v2\/product\/4466","targetHints":{"allow":["GET"]}}],"collection":[{"href":"https:\/\/mountlaser.com\/es\/wp-json\/wp\/v2\/product"}],"about":[{"href":"https:\/\/mountlaser.com\/es\/wp-json\/wp\/v2\/types\/product"}],"replies":[{"embeddable":true,"href":"https:\/\/mountlaser.com\/es\/wp-json\/wp\/v2\/comments?post=4466"}],"wp:featuredmedia":[{"embeddable":true,"href":"https:\/\/mountlaser.com\/es\/wp-json\/wp\/v2\/media\/4460"}],"wp:attachment":[{"href":"https:\/\/mountlaser.com\/es\/wp-json\/wp\/v2\/media?parent=4466"}],"wp:term":[{"taxonomy":"product_brand","embeddable":true,"href":"https:\/\/mountlaser.com\/es\/wp-json\/wp\/v2\/product_brand?post=4466"},{"taxonomy":"product_cat","embeddable":true,"href":"https:\/\/mountlaser.com\/es\/wp-json\/wp\/v2\/product_cat?post=4466"},{"taxonomy":"product_tag","embeddable":true,"href":"https:\/\/mountlaser.com\/es\/wp-json\/wp\/v2\/product_tag?post=4466"}],"curies":[{"name":"wp","href":"https:\/\/api.w.org\/{rel}","templated":true}]}}