{"id":4457,"date":"2025-11-17T02:50:14","date_gmt":"2025-11-17T02:50:14","guid":{"rendered":"https:\/\/mountlaser.com\/?post_type=product&#038;p=4457"},"modified":"2025-11-26T09:13:03","modified_gmt":"2025-11-26T09:13:03","slug":"f550-photoelectric-integrated-tube","status":"publish","type":"product","link":"https:\/\/mountlaser.com\/es\/producto\/f550-photoelectric-integrated-tube\/","title":{"rendered":"Tubo fotoel\u00e9ctrico integrado F550"},"content":{"rendered":"<p>El <a href=\"https:\/\/mountlaser.com\/es\/\"><strong>Tubo fotoel\u00e9ctrico integrado F550<\/strong><\/a> Es un accesorio de detecci\u00f3n de alto rendimiento dise\u00f1ado espec\u00edficamente para la calibraci\u00f3n precisa de colimadores. Equipado con un soporte de montaje estable y un pilar de apoyo, el F550 garantiza una instalaci\u00f3n segura y una detecci\u00f3n \u00f3ptica fiable durante los procedimientos de alineaci\u00f3n. Como m\u00f3dulo de detecci\u00f3n avanzado, el <a href=\"https:\/\/mountlaser.com\/es\/products\/\"><strong>Tubo fotoel\u00e9ctrico integrado F550 para colimador l\u00e1ser<\/strong><\/a> Mejora la sensibilidad de la medici\u00f3n, lo que lo hace ideal para laboratorios de calibraci\u00f3n, centros de reparaci\u00f3n de instrumentos topogr\u00e1ficos y entornos de metrolog\u00eda.<\/p>\n<p><img fetchpriority=\"high\" decoding=\"async\" class=\"aligncenter wp-image-4454\" src=\"https:\/\/mountlaser.com\/wp-content\/uploads\/2025\/11\/1-3-F550_\u526f\u672c.webp\" alt=\"F550 Photoelectric Integrated Tube\" width=\"500\" height=\"500\" srcset=\"https:\/\/mountlaser.com\/wp-content\/uploads\/2025\/11\/1-3-F550_\u526f\u672c.webp 800w, https:\/\/mountlaser.com\/wp-content\/uploads\/2025\/11\/1-3-F550_\u526f\u672c-300x300.webp 300w, https:\/\/mountlaser.com\/wp-content\/uploads\/2025\/11\/1-3-F550_\u526f\u672c-400x400.webp 400w, https:\/\/mountlaser.com\/wp-content\/uploads\/2025\/11\/1-3-F550_\u526f\u672c-600x600.webp 600w, https:\/\/mountlaser.com\/wp-content\/uploads\/2025\/11\/1-3-F550_\u526f\u672c-150x150.webp 150w, https:\/\/mountlaser.com\/wp-content\/uploads\/2025\/11\/1-3-F550_\u526f\u672c-768x768.webp 768w, https:\/\/mountlaser.com\/wp-content\/uploads\/2025\/11\/1-3-F550_\u526f\u672c-12x12.webp 12w\" sizes=\"(max-width: 500px) 100vw, 500px\" \/><\/p>\n<p>Dise\u00f1ado para brindar compatibilidad y precisi\u00f3n, el <a href=\"https:\/\/mountlaser.com\/es\/contact-us\/\">Tubo fotoel\u00e9ctrico integrado F550<\/a> El tubo fotoel\u00e9ctrico integrado para colimadores l\u00e1ser proporciona informaci\u00f3n r\u00e1pida y fiable al calibrar estaciones totales, niveles y otros dispositivos \u00f3pticos. Su refinada respuesta \u00f3ptica y su estable estructura mec\u00e1nica hacen del tubo fotoel\u00e9ctrico integrado para colimadores l\u00e1ser un accesorio esencial para lograr una alineaci\u00f3n \u00f3ptica consistente y de alta precisi\u00f3n.<\/p>","protected":false},"excerpt":{"rendered":"<ul>\n<li>Proporciona detecci\u00f3n fotoel\u00e9ctrica de alta sensibilidad para sistemas de colimadores l\u00e1ser.<\/li>\n<li>Mejora la precisi\u00f3n de la alineaci\u00f3n y mejora la repetibilidad de la calibraci\u00f3n.<\/li>\n<li>Viene con un soporte duradero y un pilar de soporte para un montaje seguro.<\/li>\n<li>Admite retroalimentaci\u00f3n confiable durante la colimaci\u00f3n de instrumentos topogr\u00e1ficos<\/li>\n<li>Dise\u00f1ado para entornos de calibraci\u00f3n profesional que requieren precisi\u00f3n<\/li>\n<\/ul>","protected":false},"featured_media":4454,"comment_status":"open","ping_status":"closed","template":"","meta":[],"product_brand":[],"product_cat":[125,71],"product_tag":[],"class_list":{"0":"post-4457","1":"product","2":"type-product","3":"status-publish","4":"has-post-thumbnail","6":"product_cat-collimator-instrument","7":"product_cat-calibration-testing-instrument","9":"first","10":"instock","11":"shipping-taxable","12":"product-type-simple"},"_links":{"self":[{"href":"https:\/\/mountlaser.com\/es\/wp-json\/wp\/v2\/product\/4457","targetHints":{"allow":["GET"]}}],"collection":[{"href":"https:\/\/mountlaser.com\/es\/wp-json\/wp\/v2\/product"}],"about":[{"href":"https:\/\/mountlaser.com\/es\/wp-json\/wp\/v2\/types\/product"}],"replies":[{"embeddable":true,"href":"https:\/\/mountlaser.com\/es\/wp-json\/wp\/v2\/comments?post=4457"}],"wp:featuredmedia":[{"embeddable":true,"href":"https:\/\/mountlaser.com\/es\/wp-json\/wp\/v2\/media\/4454"}],"wp:attachment":[{"href":"https:\/\/mountlaser.com\/es\/wp-json\/wp\/v2\/media?parent=4457"}],"wp:term":[{"taxonomy":"product_brand","embeddable":true,"href":"https:\/\/mountlaser.com\/es\/wp-json\/wp\/v2\/product_brand?post=4457"},{"taxonomy":"product_cat","embeddable":true,"href":"https:\/\/mountlaser.com\/es\/wp-json\/wp\/v2\/product_cat?post=4457"},{"taxonomy":"product_tag","embeddable":true,"href":"https:\/\/mountlaser.com\/es\/wp-json\/wp\/v2\/product_tag?post=4457"}],"curies":[{"name":"wp","href":"https:\/\/api.w.org\/{rel}","templated":true}]}}