{"id":4451,"date":"2025-11-17T02:33:56","date_gmt":"2025-11-17T02:33:56","guid":{"rendered":"https:\/\/mountlaser.com\/?post_type=product&#038;p=4451"},"modified":"2025-11-26T09:14:20","modified_gmt":"2025-11-26T09:14:20","slug":"tb550-photoelectric-integrated-tube","status":"publish","type":"product","link":"https:\/\/mountlaser.com\/es\/producto\/tb550-photoelectric-integrated-tube\/","title":{"rendered":"Tubo fotoel\u00e9ctrico integrado TB550"},"content":{"rendered":"<p>El <a href=\"https:\/\/mountlaser.com\/es\/\"><strong>Tubo fotoel\u00e9ctrico integrado TB550<\/strong><\/a> Es un accesorio especializado dise\u00f1ado para mejorar la precisi\u00f3n y la capacidad de detecci\u00f3n de los sistemas colimadores modernos. Con una construcci\u00f3n duradera y un soporte de montaje espec\u00edfico, el TB550 garantiza una instalaci\u00f3n estable y un rendimiento fiable en entornos de calibraci\u00f3n. Como accesorio de precisi\u00f3n, el <a href=\"https:\/\/mountlaser.com\/es\/products\/\"><strong>Tubo fotoel\u00e9ctrico integrado TB550 para colimador l\u00e1ser<\/strong><\/a> Admite detecci\u00f3n \u00f3ptica de alta sensibilidad, lo que lo hace ideal para laboratorios, centros de reparaci\u00f3n de instrumentos y aplicaciones de metrolog\u00eda.<\/p>\n<p><img fetchpriority=\"high\" decoding=\"async\" class=\"aligncenter wp-image-4453\" src=\"https:\/\/mountlaser.com\/wp-content\/uploads\/2025\/11\/1-2-TB550_\u526f\u672c1.webp\" alt=\"TB550 Photoelectric Integrated Tube\" width=\"500\" height=\"500\" srcset=\"https:\/\/mountlaser.com\/wp-content\/uploads\/2025\/11\/1-2-TB550_\u526f\u672c1.webp 800w, https:\/\/mountlaser.com\/wp-content\/uploads\/2025\/11\/1-2-TB550_\u526f\u672c1-300x300.webp 300w, https:\/\/mountlaser.com\/wp-content\/uploads\/2025\/11\/1-2-TB550_\u526f\u672c1-400x400.webp 400w, https:\/\/mountlaser.com\/wp-content\/uploads\/2025\/11\/1-2-TB550_\u526f\u672c1-600x600.webp 600w, https:\/\/mountlaser.com\/wp-content\/uploads\/2025\/11\/1-2-TB550_\u526f\u672c1-150x150.webp 150w, https:\/\/mountlaser.com\/wp-content\/uploads\/2025\/11\/1-2-TB550_\u526f\u672c1-768x768.webp 768w, https:\/\/mountlaser.com\/wp-content\/uploads\/2025\/11\/1-2-TB550_\u526f\u672c1-12x12.webp 12w\" sizes=\"(max-width: 500px) 100vw, 500px\" \/><\/p>\n<p>Cuando se combina con un sistema colimador, el <a href=\"https:\/\/mountlaser.com\/es\/contact-us\/\">Tubo fotoel\u00e9ctrico integrado TB550<\/a> El tubo fotoel\u00e9ctrico integrado TB550 para colimadores l\u00e1ser permite una retroalimentaci\u00f3n de alineaci\u00f3n m\u00e1s precisa y una mayor consistencia de las mediciones. Su avanzada tecnolog\u00eda de detecci\u00f3n fotoel\u00e9ctrica garantiza una recopilaci\u00f3n de datos clara, precisa y repetible. Para profesionales que requieren accesorios de detecci\u00f3n fiables, el tubo fotoel\u00e9ctrico integrado TB550 para colimadores l\u00e1ser representa una mejora crucial en cualquier proceso de calibraci\u00f3n.<\/p>","protected":false},"excerpt":{"rendered":"<ul>\n<li>Proporciona detecci\u00f3n \u00f3ptica de alta sensibilidad para instrumentos colimadores.<\/li>\n<li>Mejora la precisi\u00f3n de la medici\u00f3n y la repetibilidad de la calibraci\u00f3n.<\/li>\n<li>Incluye un soporte de montaje resistente para una instalaci\u00f3n segura y estable.<\/li>\n<li>Mejora la retroalimentaci\u00f3n visual y electr\u00f3nica durante la alineaci\u00f3n del instrumento.<\/li>\n<li>Compatible con varios sistemas de colimadores l\u00e1ser para una utilidad ampliada<\/li>\n<\/ul>","protected":false},"featured_media":4452,"comment_status":"open","ping_status":"closed","template":"","meta":[],"product_brand":[],"product_cat":[125,71],"product_tag":[],"class_list":{"0":"post-4451","1":"product","2":"type-product","3":"status-publish","4":"has-post-thumbnail","6":"product_cat-collimator-instrument","7":"product_cat-calibration-testing-instrument","9":"first","10":"instock","11":"shipping-taxable","12":"product-type-simple"},"_links":{"self":[{"href":"https:\/\/mountlaser.com\/es\/wp-json\/wp\/v2\/product\/4451","targetHints":{"allow":["GET"]}}],"collection":[{"href":"https:\/\/mountlaser.com\/es\/wp-json\/wp\/v2\/product"}],"about":[{"href":"https:\/\/mountlaser.com\/es\/wp-json\/wp\/v2\/types\/product"}],"replies":[{"embeddable":true,"href":"https:\/\/mountlaser.com\/es\/wp-json\/wp\/v2\/comments?post=4451"}],"wp:featuredmedia":[{"embeddable":true,"href":"https:\/\/mountlaser.com\/es\/wp-json\/wp\/v2\/media\/4452"}],"wp:attachment":[{"href":"https:\/\/mountlaser.com\/es\/wp-json\/wp\/v2\/media?parent=4451"}],"wp:term":[{"taxonomy":"product_brand","embeddable":true,"href":"https:\/\/mountlaser.com\/es\/wp-json\/wp\/v2\/product_brand?post=4451"},{"taxonomy":"product_cat","embeddable":true,"href":"https:\/\/mountlaser.com\/es\/wp-json\/wp\/v2\/product_cat?post=4451"},{"taxonomy":"product_tag","embeddable":true,"href":"https:\/\/mountlaser.com\/es\/wp-json\/wp\/v2\/product_tag?post=4451"}],"curies":[{"name":"wp","href":"https:\/\/api.w.org\/{rel}","templated":true}]}}