{"id":4440,"date":"2025-11-14T09:28:12","date_gmt":"2025-11-14T09:28:12","guid":{"rendered":"https:\/\/mountlaser.com\/?post_type=product&#038;p=4440"},"modified":"2025-11-27T05:11:30","modified_gmt":"2025-11-27T05:11:30","slug":"cls-fg-fiberglass-prism-pole","status":"publish","type":"product","link":"https:\/\/mountlaser.com\/es\/producto\/cls-fg-fiberglass-prism-pole\/","title":{"rendered":"Poste de prisma de fibra de vidrio CLS-FG"},"content":{"rendered":"<p>El <a href=\"https:\/\/mountlaser.com\/es\/categoria-producto\/surveying-pole-rod\/\">Montura l\u00e1ser CLS-FG<\/a> Redefine la durabilidad y el rendimiento con su p\u00e9rtiga prism\u00e1tica de fibra de vidrio profesional. Dise\u00f1ada para top\u00f3grafos que trabajan en entornos dif\u00edciles, esta p\u00e9rtiga es la soluci\u00f3n definitiva donde la no conductividad y la resistencia a la corrosi\u00f3n son primordiales. A diferencia de las p\u00e9rtigas met\u00e1licas, la construcci\u00f3n superior de la p\u00e9rtiga prism\u00e1tica de fibra de vidrio garantiza total seguridad cerca de l\u00edneas el\u00e9ctricas y ofrece una resistencia excepcional a la oxidaci\u00f3n y a la exposici\u00f3n a productos qu\u00edmicos, lo que la hace ideal para su uso en climas extremos y zonas costeras.<\/p>\n<p>Fabricado a partir de un material compuesto, el <a href=\"https:\/\/mountlaser.com\/es\/about-us\/\"><strong>CLS-FG <\/strong><\/a>Es notablemente ligero y resistente, lo que reduce la fatiga del usuario sin sacrificar la estabilidad. Cuenta con un robusto mecanismo de bloqueo giratorio de nailon que ofrece excelente resistencia y durabilidad, garantizando una extensi\u00f3n segura y r\u00edgida en todo momento. La punta ajustable de 5\/8\u2033-11 permite un montaje vers\u00e1til del prisma, mientras que el tubo interior est\u00e1 claramente marcado con una escala dual (cm\/ft) para lecturas r\u00e1pidas y precisas. Para una experiencia de medici\u00f3n m\u00e1s fiable y segura.<\/p>\n<p><img fetchpriority=\"high\" decoding=\"async\" class=\"aligncenter wp-image-4442\" src=\"https:\/\/mountlaser.com\/wp-content\/uploads\/2025\/11\/2-3-5-CLS260FG-2.webp\" alt=\"CLS-FG Fiberglass Prism Pole\" width=\"500\" height=\"500\" srcset=\"https:\/\/mountlaser.com\/wp-content\/uploads\/2025\/11\/2-3-5-CLS260FG-2.webp 1000w, https:\/\/mountlaser.com\/wp-content\/uploads\/2025\/11\/2-3-5-CLS260FG-2-300x300.webp 300w, https:\/\/mountlaser.com\/wp-content\/uploads\/2025\/11\/2-3-5-CLS260FG-2-400x400.webp 400w, https:\/\/mountlaser.com\/wp-content\/uploads\/2025\/11\/2-3-5-CLS260FG-2-800x800.webp 800w, https:\/\/mountlaser.com\/wp-content\/uploads\/2025\/11\/2-3-5-CLS260FG-2-600x600.webp 600w, https:\/\/mountlaser.com\/wp-content\/uploads\/2025\/11\/2-3-5-CLS260FG-2-150x150.webp 150w, https:\/\/mountlaser.com\/wp-content\/uploads\/2025\/11\/2-3-5-CLS260FG-2-768x768.webp 768w, https:\/\/mountlaser.com\/wp-content\/uploads\/2025\/11\/2-3-5-CLS260FG-2-12x12.webp 12w\" sizes=\"(max-width: 500px) 100vw, 500px\" \/><\/p>\n<p><strong><a href=\"https:\/\/mountlaser.com\/es\/contact-us\/\">Poste de prisma de fibra de vidrio CLS-FG<\/a> Viene en tres tipos, que difieren en longitud:<\/strong><\/p>\n<p>Poste prism\u00e1tico de fibra de vidrio CLS260FG: 2,60 m, 2 secciones<\/p>\n<p>Poste prism\u00e1tico de fibra de vidrio CLS360FG: 3,60 m, 3 secciones<\/p>\n<p>Poste prism\u00e1tico de fibra de vidrio CLS460FG: 4,60 m, 4 secciones<\/p>\n<p><strong>Especificaciones CLS-FG<\/strong><\/p>\n<table style=\"border-collapse: collapse; width: 846.77pt;\" border=\"0\" width=\"1129\" cellspacing=\"0\" cellpadding=\"0\">\n<tbody>\n<tr style=\"height: 14.25pt;\">\n<td class=\"et2\" style=\"height: 14.25pt; width: 142.50pt;\" width=\"190\" height=\"19\">N\u00daMERO<\/td>\n<td class=\"et2\" style=\"width: 127.50pt;\" width=\"170\">LONGITUD<\/td>\n<td class=\"et2\" style=\"width: 126.00pt;\" width=\"168\">MATERIAL<\/td>\n<td class=\"et2\" style=\"width: 135.00pt;\" width=\"180\">GRADUADOS<\/td>\n<td class=\"et2\" style=\"width: 124.50pt;\" width=\"166\">ADAPTADOR<\/td>\n<td class=\"et2\" style=\"width: 86.25pt;\" width=\"115\">DI\u00c1METRO<\/td>\n<td style=\"width: 105.00pt;\" width=\"140\">imagen<\/td>\n<\/tr>\n<tr style=\"height: 14.25pt;\">\n<td class=\"et2\" style=\"height: 14.25pt;\" height=\"19\">CLS260FG<\/td>\n<td class=\"et2\">2,60 m (8,5 pies)<\/td>\n<td class=\"et2\">Fibra de vidrio<\/td>\n<td class=\"et3\">cm\/pie<\/td>\n<td class=\"et3\">Ajustable<\/td>\n<td class=\"et3\">25\/32 mm<\/td>\n<td><img decoding=\"async\" class=\"alignnone wp-image-4441 size-medium\" src=\"https:\/\/mountlaser.com\/wp-content\/uploads\/2025\/11\/2-3-5-CLS260FG-1-300x300.webp\" alt=\"CLS-FG Fiberglass Prism Pole\" width=\"300\" height=\"300\" srcset=\"https:\/\/mountlaser.com\/wp-content\/uploads\/2025\/11\/2-3-5-CLS260FG-1-300x300.webp 300w, https:\/\/mountlaser.com\/wp-content\/uploads\/2025\/11\/2-3-5-CLS260FG-1-400x400.webp 400w, https:\/\/mountlaser.com\/wp-content\/uploads\/2025\/11\/2-3-5-CLS260FG-1-800x800.webp 800w, https:\/\/mountlaser.com\/wp-content\/uploads\/2025\/11\/2-3-5-CLS260FG-1-600x600.webp 600w, https:\/\/mountlaser.com\/wp-content\/uploads\/2025\/11\/2-3-5-CLS260FG-1-150x150.webp 150w, https:\/\/mountlaser.com\/wp-content\/uploads\/2025\/11\/2-3-5-CLS260FG-1-768x768.webp 768w, https:\/\/mountlaser.com\/wp-content\/uploads\/2025\/11\/2-3-5-CLS260FG-1-12x12.webp 12w, https:\/\/mountlaser.com\/wp-content\/uploads\/2025\/11\/2-3-5-CLS260FG-1.webp 1000w\" sizes=\"(max-width: 300px) 100vw, 300px\" \/><\/td>\n<\/tr>\n<tr style=\"height: 14.25pt;\">\n<td class=\"et2\" style=\"height: 14.25pt;\" height=\"19\">CLS360FG<\/td>\n<td class=\"et2\">3,60 m (11,8 pies)<\/td>\n<td class=\"et2\">Fibra de vidrio<\/td>\n<td class=\"et3\">cm\/pie<\/td>\n<td class=\"et3\">Ajustable<\/td>\n<td class=\"et3\">19\/25\/32 mm<\/td>\n<td><img decoding=\"async\" class=\"alignnone wp-image-4445 size-medium\" src=\"https:\/\/mountlaser.com\/wp-content\/uploads\/2025\/11\/CLS360FG2-300x300.webp\" alt=\"CLS-FG Fiberglass Prism Pole\" width=\"300\" height=\"300\" srcset=\"https:\/\/mountlaser.com\/wp-content\/uploads\/2025\/11\/CLS360FG2-300x300.webp 300w, https:\/\/mountlaser.com\/wp-content\/uploads\/2025\/11\/CLS360FG2-400x400.webp 400w, https:\/\/mountlaser.com\/wp-content\/uploads\/2025\/11\/CLS360FG2-800x800.webp 800w, https:\/\/mountlaser.com\/wp-content\/uploads\/2025\/11\/CLS360FG2-600x600.webp 600w, https:\/\/mountlaser.com\/wp-content\/uploads\/2025\/11\/CLS360FG2-150x150.webp 150w, https:\/\/mountlaser.com\/wp-content\/uploads\/2025\/11\/CLS360FG2-768x768.webp 768w, https:\/\/mountlaser.com\/wp-content\/uploads\/2025\/11\/CLS360FG2-12x12.webp 12w, https:\/\/mountlaser.com\/wp-content\/uploads\/2025\/11\/CLS360FG2.webp 1000w\" sizes=\"(max-width: 300px) 100vw, 300px\" \/><\/td>\n<\/tr>\n<tr style=\"height: 14.25pt;\">\n<td class=\"et2\" style=\"height: 14.25pt;\" height=\"19\">CLS460FG<\/td>\n<td class=\"et2\">4,65 m (15,25 pies)<\/td>\n<td class=\"et2\">Fibra de vidrio<\/td>\n<td class=\"et3\">cm\/pie<\/td>\n<td class=\"et3\">Ajustable<\/td>\n<td class=\"et3\">19\/25\/32\/38 mm<\/td>\n<td><img loading=\"lazy\" decoding=\"async\" class=\"alignnone wp-image-4448 size-medium\" src=\"https:\/\/mountlaser.com\/wp-content\/uploads\/2025\/11\/CLS460FG-3-300x300.webp\" alt=\"CLS-FG Fiberglass Prism Pole\" width=\"300\" height=\"300\" srcset=\"https:\/\/mountlaser.com\/wp-content\/uploads\/2025\/11\/CLS460FG-3-300x300.webp 300w, https:\/\/mountlaser.com\/wp-content\/uploads\/2025\/11\/CLS460FG-3-400x400.webp 400w, https:\/\/mountlaser.com\/wp-content\/uploads\/2025\/11\/CLS460FG-3-800x800.webp 800w, https:\/\/mountlaser.com\/wp-content\/uploads\/2025\/11\/CLS460FG-3-600x600.webp 600w, https:\/\/mountlaser.com\/wp-content\/uploads\/2025\/11\/CLS460FG-3-150x150.webp 150w, https:\/\/mountlaser.com\/wp-content\/uploads\/2025\/11\/CLS460FG-3-768x768.webp 768w, https:\/\/mountlaser.com\/wp-content\/uploads\/2025\/11\/CLS460FG-3-12x12.webp 12w, https:\/\/mountlaser.com\/wp-content\/uploads\/2025\/11\/CLS460FG-3.webp 1000w\" sizes=\"(max-width: 300px) 100vw, 300px\" \/><\/td>\n<\/tr>\n<\/tbody>\n<\/table>\n<p>&nbsp;<\/p>","protected":false},"excerpt":{"rendered":"<ul>\n<li>Tubo interior de doble escala: impreso con graduaciones claras en cent\u00edmetros y pies para un ajuste de altura r\u00e1pido y vers\u00e1til.<\/li>\n<li>Varias opciones de longitud: Disponible en varias longitudes (2,6 m, 3,6 m, 4,65 m) para adaptarse a diferentes requisitos del proyecto.<\/li>\n<\/ul>","protected":false},"featured_media":4445,"comment_status":"open","ping_status":"closed","template":"","meta":[],"product_brand":[],"product_cat":[89,124],"product_tag":[],"class_list":{"0":"post-4440","1":"product","2":"type-product","3":"status-publish","4":"has-post-thumbnail","6":"product_cat-surveying-pole-rod","7":"product_cat-aluminum-fiberglass-prism-pole","9":"first","10":"instock","11":"shipping-taxable","12":"product-type-simple"},"_links":{"self":[{"href":"https:\/\/mountlaser.com\/es\/wp-json\/wp\/v2\/product\/4440","targetHints":{"allow":["GET"]}}],"collection":[{"href":"https:\/\/mountlaser.com\/es\/wp-json\/wp\/v2\/product"}],"about":[{"href":"https:\/\/mountlaser.com\/es\/wp-json\/wp\/v2\/types\/product"}],"replies":[{"embeddable":true,"href":"https:\/\/mountlaser.com\/es\/wp-json\/wp\/v2\/comments?post=4440"}],"wp:featuredmedia":[{"embeddable":true,"href":"https:\/\/mountlaser.com\/es\/wp-json\/wp\/v2\/media\/4445"}],"wp:attachment":[{"href":"https:\/\/mountlaser.com\/es\/wp-json\/wp\/v2\/media?parent=4440"}],"wp:term":[{"taxonomy":"product_brand","embeddable":true,"href":"https:\/\/mountlaser.com\/es\/wp-json\/wp\/v2\/product_brand?post=4440"},{"taxonomy":"product_cat","embeddable":true,"href":"https:\/\/mountlaser.com\/es\/wp-json\/wp\/v2\/product_cat?post=4440"},{"taxonomy":"product_tag","embeddable":true,"href":"https:\/\/mountlaser.com\/es\/wp-json\/wp\/v2\/product_tag?post=4440"}],"curies":[{"name":"wp","href":"https:\/\/api.w.org\/{rel}","templated":true}]}}