{"id":4436,"date":"2025-11-14T09:28:34","date_gmt":"2025-11-14T09:28:34","guid":{"rendered":"https:\/\/mountlaser.com\/?post_type=product&#038;p=4436"},"modified":"2025-11-26T09:20:31","modified_gmt":"2025-11-26T09:20:31","slug":"f550-3ls3-collimator","status":"publish","type":"product","link":"https:\/\/mountlaser.com\/es\/producto\/f550-3ls3-collimator\/","title":{"rendered":"Colimador F550-3LS3"},"content":{"rendered":"<p>El <a href=\"https:\/\/mountlaser.com\/es\/\"><strong>Colimador F550-3LS3<\/strong><\/a> es de alta precisi\u00f3n<a href=\"https:\/\/mountlaser.com\/es\/products\/\"><strong> Colimador l\u00e1ser para estaci\u00f3n total<\/strong><\/a> Dise\u00f1ado para trabajos avanzados de alineaci\u00f3n y calibraci\u00f3n \u00f3ptica. Con una estructura de suelo de tres tubos \u00f3pticos, el colimador F550-3LS3 ofrece una estabilidad excepcional para pruebas multieje. Este modelo est\u00e1 equipado con una gran pantalla dividida y tres tubos fotoel\u00e9ctricos integrados, lo que permite una detecci\u00f3n de alta sensibilidad y una alineaci\u00f3n visual precisa.<\/p>\n<p><img fetchpriority=\"high\" decoding=\"async\" class=\"aligncenter wp-image-4437\" src=\"https:\/\/mountlaser.com\/wp-content\/uploads\/2025\/11\/F550-3ls3.webp\" alt=\"F550-3LS3 Laser Collimator for total station\" width=\"500\" height=\"500\" srcset=\"https:\/\/mountlaser.com\/wp-content\/uploads\/2025\/11\/F550-3ls3.webp 800w, https:\/\/mountlaser.com\/wp-content\/uploads\/2025\/11\/F550-3ls3-300x300.webp 300w, https:\/\/mountlaser.com\/wp-content\/uploads\/2025\/11\/F550-3ls3-400x400.webp 400w, https:\/\/mountlaser.com\/wp-content\/uploads\/2025\/11\/F550-3ls3-600x600.webp 600w, https:\/\/mountlaser.com\/wp-content\/uploads\/2025\/11\/F550-3ls3-150x150.webp 150w, https:\/\/mountlaser.com\/wp-content\/uploads\/2025\/11\/F550-3ls3-768x768.webp 768w, https:\/\/mountlaser.com\/wp-content\/uploads\/2025\/11\/F550-3ls3-12x12.webp 12w\" sizes=\"(max-width: 500px) 100vw, 500px\" \/><\/p>\n<p>Como un producto de calidad profesional <a href=\"https:\/\/mountlaser.com\/es\/contact-us\/\">Colimador l\u00e1ser para estaci\u00f3n total<\/a>, El colimador F550-3LS3 garantiza una calidad de haz uniforme y una verificaci\u00f3n precisa del eje \u00f3ptico para estaciones totales, teodolitos y niveles autom\u00e1ticos. Su sistema de detecci\u00f3n \u00f3ptica mejorado proporciona una mayor repetibilidad de calibraci\u00f3n, lo que lo convierte en una de las soluciones m\u00e1s fiables para laboratorios, centros de servicio de instrumentos e instalaciones de metrolog\u00eda. Para los profesionales que buscan un colimador l\u00e1ser fiable para estaciones totales, este modelo ofrece claridad, sensibilidad y un rendimiento de calibraci\u00f3n excepcional.<\/p>","protected":false},"excerpt":{"rendered":"<ul>\n<li>Produce rayos l\u00e1ser estables y paralelos para calibrar estaciones totales e instrumentos \u00f3pticos.<\/li>\n<li>Tres tubos \u00f3pticos permiten una alineaci\u00f3n multidireccional precisa<\/li>\n<li>La gran pantalla dividida mejora la observaci\u00f3n visual y la precisi\u00f3n de la calibraci\u00f3n.<\/li>\n<li>Tres tubos fotoel\u00e9ctricos integrados proporcionan detecci\u00f3n \u00f3ptica de alta sensibilidad<\/li>\n<li>La construcci\u00f3n tipo piso garantiza una estabilidad superior y reducci\u00f3n de vibraciones.<\/li>\n<\/ul>","protected":false},"featured_media":4437,"comment_status":"open","ping_status":"closed","template":"","meta":[],"product_brand":[],"product_cat":[71,125],"product_tag":[],"class_list":{"0":"post-4436","1":"product","2":"type-product","3":"status-publish","4":"has-post-thumbnail","6":"product_cat-calibration-testing-instrument","7":"product_cat-collimator-instrument","9":"first","10":"instock","11":"shipping-taxable","12":"product-type-simple"},"_links":{"self":[{"href":"https:\/\/mountlaser.com\/es\/wp-json\/wp\/v2\/product\/4436","targetHints":{"allow":["GET"]}}],"collection":[{"href":"https:\/\/mountlaser.com\/es\/wp-json\/wp\/v2\/product"}],"about":[{"href":"https:\/\/mountlaser.com\/es\/wp-json\/wp\/v2\/types\/product"}],"replies":[{"embeddable":true,"href":"https:\/\/mountlaser.com\/es\/wp-json\/wp\/v2\/comments?post=4436"}],"wp:featuredmedia":[{"embeddable":true,"href":"https:\/\/mountlaser.com\/es\/wp-json\/wp\/v2\/media\/4437"}],"wp:attachment":[{"href":"https:\/\/mountlaser.com\/es\/wp-json\/wp\/v2\/media?parent=4436"}],"wp:term":[{"taxonomy":"product_brand","embeddable":true,"href":"https:\/\/mountlaser.com\/es\/wp-json\/wp\/v2\/product_brand?post=4436"},{"taxonomy":"product_cat","embeddable":true,"href":"https:\/\/mountlaser.com\/es\/wp-json\/wp\/v2\/product_cat?post=4436"},{"taxonomy":"product_tag","embeddable":true,"href":"https:\/\/mountlaser.com\/es\/wp-json\/wp\/v2\/product_tag?post=4436"}],"curies":[{"name":"wp","href":"https:\/\/api.w.org\/{rel}","templated":true}]}}