{"id":4428,"date":"2025-11-14T09:07:01","date_gmt":"2025-11-14T09:07:01","guid":{"rendered":"https:\/\/mountlaser.com\/?post_type=product&#038;p=4428"},"modified":"2025-11-27T05:17:01","modified_gmt":"2025-11-27T05:17:01","slug":"gls11-aluminum-prism-pole","status":"publish","type":"product","link":"https:\/\/mountlaser.com\/es\/producto\/gls11-aluminum-prism-pole\/","title":{"rendered":"Poste de prisma de aluminio GLS11"},"content":{"rendered":"<p>Mejore su trabajo de topograf\u00eda con Mount Laser <a href=\"https:\/\/mountlaser.com\/es\/products\/\"><strong>Poste de prisma de aluminio GLS11<\/strong><\/a>, Dise\u00f1ado para una estabilidad inquebrantable y una precisi\u00f3n excepcional, este poste de calidad profesional est\u00e1 dise\u00f1ado para soportar los rigores del lugar de trabajo, a la vez que proporciona la confiabilidad necesaria para mediciones cr\u00edticas.<\/p>\n<p>Una caracter\u00edstica clave que distingue al GLS11 es su mecanismo de bloqueo de prisma de estilo suizo. Este innovador sistema de bloqueo permite ajustes de altura r\u00e1pidos y seguros con un simple clic, ahorr\u00e1ndole tiempo valioso en el campo sin comprometer la estabilidad. Su dise\u00f1o robusto garantiza que, una vez bloqueado, el prisma permanezca r\u00edgido, eliminando el tambaleo y asegurando que su prisma permanezca perfectamente posicionado.<\/p>\n<p>Fabricado en aluminio ligero y de alta calidad, el GLS11 es f\u00e1cil de transportar durante una larga jornada laboral y, a la vez, incre\u00edblemente duradero. Est\u00e1 equipado con una burbuja circular de 9 m para una nivelaci\u00f3n f\u00e1cil y precisa, garantizando as\u00ed mediciones siempre precisas.<a href=\"https:\/\/mountlaser.com\/es\/about-us\/\"> <strong>Poste de prisma con cierre a presi\u00f3n estilo suizo<\/strong><\/a> El dise\u00f1o incorpora un adaptador universal, lo que lo hace compatible con una amplia gama de prismas y accesorios.<\/p>\n<p>Para los top\u00f3grafos que exigen eficiencia y robustez, <a href=\"https:\/\/mountlaser.com\/es\/contact-us\/\">el GLS11<\/a> Representa la herramienta ideal. La fiabilidad de este jal\u00f3n prism\u00e1tico de estilo suizo con cierre a presi\u00f3n le permite concentrarse en el levantamiento, con la seguridad de que su equipo no le fallar\u00e1.<\/p>\n<p>&nbsp;<\/p>\n<p><img fetchpriority=\"high\" decoding=\"async\" class=\"aligncenter wp-image-4433\" src=\"https:\/\/mountlaser.com\/wp-content\/uploads\/2025\/11\/CLS11-5.webp\" alt=\"Swiss-Style Snap Lock Prism Pole\" width=\"500\" height=\"500\" srcset=\"https:\/\/mountlaser.com\/wp-content\/uploads\/2025\/11\/CLS11-5.webp 1000w, https:\/\/mountlaser.com\/wp-content\/uploads\/2025\/11\/CLS11-5-300x300.webp 300w, https:\/\/mountlaser.com\/wp-content\/uploads\/2025\/11\/CLS11-5-400x400.webp 400w, https:\/\/mountlaser.com\/wp-content\/uploads\/2025\/11\/CLS11-5-800x800.webp 800w, https:\/\/mountlaser.com\/wp-content\/uploads\/2025\/11\/CLS11-5-600x600.webp 600w, https:\/\/mountlaser.com\/wp-content\/uploads\/2025\/11\/CLS11-5-150x150.webp 150w, https:\/\/mountlaser.com\/wp-content\/uploads\/2025\/11\/CLS11-5-768x768.webp 768w, https:\/\/mountlaser.com\/wp-content\/uploads\/2025\/11\/CLS11-5-12x12.webp 12w\" sizes=\"(max-width: 500px) 100vw, 500px\" \/><\/p>\n<p><strong>Especificaciones del poste de prisma de aluminio GLS11<\/strong><\/p>\n<table style=\"border-collapse: collapse; width: 846.77pt;\" border=\"0\" width=\"1129\" cellspacing=\"0\" cellpadding=\"0\">\n<tbody>\n<tr style=\"height: 14.25pt;\">\n<td class=\"et2\" style=\"height: 14.25pt; width: 142.50pt;\" width=\"190\" height=\"19\">N\u00daMERO<\/td>\n<td class=\"et2\" style=\"width: 127.50pt;\" width=\"170\">LONGITUD<\/td>\n<td class=\"et2\" style=\"width: 126.00pt;\" width=\"168\">MATERIAL<\/td>\n<td class=\"et2\" style=\"width: 135.00pt;\" width=\"180\">GRADUADOS<\/td>\n<td class=\"et2\" style=\"width: 124.50pt;\" width=\"166\">ADAPTADOR<\/td>\n<td class=\"et2\" style=\"width: 86.25pt;\" width=\"115\">TUBO EXTERIOR<\/td>\n<td class=\"et2\" style=\"width: 105.00pt;\" width=\"140\">DI\u00c1METRO<\/td>\n<\/tr>\n<tr style=\"height: 14.25pt;\">\n<td class=\"et2\" style=\"height: 14.25pt;\" height=\"19\">GLS11<\/td>\n<td class=\"et2\">2,15 m (7,05 pies)<\/td>\n<td class=\"et2\">Aluminio<\/td>\n<td class=\"et3\">cm\/pie<\/td>\n<td class=\"et3\">suizo<\/td>\n<td class=\"et3\">cm\/pie<\/td>\n<td class=\"et3\">18\/25 mm<\/td>\n<\/tr>\n<\/tbody>\n<\/table>","protected":false},"excerpt":{"rendered":"<ul>\n<li>Construcci\u00f3n de aluminio liviano: ofrece un equilibrio \u00f3ptimo entre resistencia y portabilidad para uso durante todo el d\u00eda.<\/li>\n<li>Compatibilidad universal: cuenta con un adaptador est\u00e1ndar (18\/25 mm) para adaptarse a la mayor\u00eda de los prismas comunes.<\/li>\n<li>Gradaciones claras en cent\u00edmetros: proporciona una lectura f\u00e1cil para una configuraci\u00f3n r\u00e1pida y la determinaci\u00f3n de la altura.<\/li>\n<\/ul>","protected":false},"featured_media":4430,"comment_status":"open","ping_status":"closed","template":"","meta":[],"product_brand":[],"product_cat":[124,89],"product_tag":[],"class_list":{"0":"post-4428","1":"product","2":"type-product","3":"status-publish","4":"has-post-thumbnail","6":"product_cat-aluminum-fiberglass-prism-pole","7":"product_cat-surveying-pole-rod","9":"first","10":"instock","11":"shipping-taxable","12":"product-type-simple"},"_links":{"self":[{"href":"https:\/\/mountlaser.com\/es\/wp-json\/wp\/v2\/product\/4428","targetHints":{"allow":["GET"]}}],"collection":[{"href":"https:\/\/mountlaser.com\/es\/wp-json\/wp\/v2\/product"}],"about":[{"href":"https:\/\/mountlaser.com\/es\/wp-json\/wp\/v2\/types\/product"}],"replies":[{"embeddable":true,"href":"https:\/\/mountlaser.com\/es\/wp-json\/wp\/v2\/comments?post=4428"}],"wp:featuredmedia":[{"embeddable":true,"href":"https:\/\/mountlaser.com\/es\/wp-json\/wp\/v2\/media\/4430"}],"wp:attachment":[{"href":"https:\/\/mountlaser.com\/es\/wp-json\/wp\/v2\/media?parent=4428"}],"wp:term":[{"taxonomy":"product_brand","embeddable":true,"href":"https:\/\/mountlaser.com\/es\/wp-json\/wp\/v2\/product_brand?post=4428"},{"taxonomy":"product_cat","embeddable":true,"href":"https:\/\/mountlaser.com\/es\/wp-json\/wp\/v2\/product_cat?post=4428"},{"taxonomy":"product_tag","embeddable":true,"href":"https:\/\/mountlaser.com\/es\/wp-json\/wp\/v2\/product_tag?post=4428"}],"curies":[{"name":"wp","href":"https:\/\/api.w.org\/{rel}","templated":true}]}}