{"id":4427,"date":"2025-11-14T08:44:50","date_gmt":"2025-11-14T08:44:50","guid":{"rendered":"https:\/\/mountlaser.com\/?post_type=product&#038;p=4427"},"modified":"2025-11-27T05:22:00","modified_gmt":"2025-11-27T05:22:00","slug":"f550-3ls1-collimator","status":"publish","type":"product","link":"https:\/\/mountlaser.com\/es\/producto\/f550-3ls1-collimator\/","title":{"rendered":"Colimador F550-3LS1"},"content":{"rendered":"<p>El<a href=\"https:\/\/mountlaser.com\/es\/products\/\"> <strong>Colimador F550-3LS1<\/strong><\/a> es un profesional <a href=\"https:\/\/mountlaser.com\/es\/about-us\/\"><strong>colimador \u00f3ptico con pantalla grande<\/strong><\/a> Dise\u00f1ado para la calibraci\u00f3n de alta precisi\u00f3n de instrumentos topogr\u00e1ficos y \u00f3pticos. Con una configuraci\u00f3n de tres tubos \u00f3pticos y montaje en suelo, el colimador F550-3LS1 ofrece una estabilidad excepcional y capacidad de alineaci\u00f3n multieje. Su gran pantalla integrada, configurada como una pantalla grande sin pantalla dividida, combinada con un tubo fotoel\u00e9ctrico integrado, proporciona una visi\u00f3n m\u00e1s clara y una mayor eficiencia de calibraci\u00f3n.<\/p>\n<p><img fetchpriority=\"high\" decoding=\"async\" class=\"aligncenter wp-image-4413\" src=\"https:\/\/mountlaser.com\/wp-content\/uploads\/2025\/11\/F550-3ls1.webp\" alt=\"F550-3LS1 Collimator\" width=\"500\" height=\"500\" srcset=\"https:\/\/mountlaser.com\/wp-content\/uploads\/2025\/11\/F550-3ls1.webp 800w, https:\/\/mountlaser.com\/wp-content\/uploads\/2025\/11\/F550-3ls1-300x300.webp 300w, https:\/\/mountlaser.com\/wp-content\/uploads\/2025\/11\/F550-3ls1-400x400.webp 400w, https:\/\/mountlaser.com\/wp-content\/uploads\/2025\/11\/F550-3ls1-600x600.webp 600w, https:\/\/mountlaser.com\/wp-content\/uploads\/2025\/11\/F550-3ls1-150x150.webp 150w, https:\/\/mountlaser.com\/wp-content\/uploads\/2025\/11\/F550-3ls1-768x768.webp 768w, https:\/\/mountlaser.com\/wp-content\/uploads\/2025\/11\/F550-3ls1-12x12.webp 12w\" sizes=\"(max-width: 500px) 100vw, 500px\" \/><\/p>\n<p>Como colimador \u00f3ptico avanzado con pantalla grande, el <a href=\"https:\/\/mountlaser.com\/es\/contact-us\/\">Colimador F550-3LS1<\/a> Est\u00e1 dise\u00f1ado para laboratorios, centros de reparaci\u00f3n y entornos de pruebas de precisi\u00f3n donde la alineaci\u00f3n precisa de los instrumentos es crucial. Ya sea para probar estaciones totales, teodolitos o niveles autom\u00e1ticos, este modelo garantiza una salida de luz paralela constante y un rendimiento fiable a largo plazo. Los profesionales que buscan un colimador \u00f3ptico fiable con pantalla grande apreciar\u00e1n su claridad, estabilidad y precisi\u00f3n en la alineaci\u00f3n \u00f3ptica.<\/p>","protected":false},"excerpt":{"rendered":"<ul>\n<li>Genera haces de luz paralelos precisos para la calibraci\u00f3n de equipos topogr\u00e1ficos y \u00f3pticos.<\/li>\n<li>Tres tubos \u00f3pticos admiten alineaci\u00f3n multidireccional y multieje<\/li>\n<li>La pantalla grande, sin divisiones, mejora la observaci\u00f3n visual y la precisi\u00f3n de calibraci\u00f3n.<\/li>\n<li>El tubo fotoel\u00e9ctrico integrado mejora la detecci\u00f3n \u00f3ptica y la estabilidad de la medici\u00f3n.<\/li>\n<li>El dise\u00f1o tipo piso garantiza la m\u00e1xima estabilidad y reduce la vibraci\u00f3n operativa.<\/li>\n<\/ul>","protected":false},"featured_media":4413,"comment_status":"open","ping_status":"closed","template":"","meta":[],"product_brand":[],"product_cat":[71,125],"product_tag":[],"class_list":{"0":"post-4427","1":"product","2":"type-product","3":"status-publish","4":"has-post-thumbnail","6":"product_cat-calibration-testing-instrument","7":"product_cat-collimator-instrument","9":"first","10":"instock","11":"shipping-taxable","12":"product-type-simple"},"_links":{"self":[{"href":"https:\/\/mountlaser.com\/es\/wp-json\/wp\/v2\/product\/4427","targetHints":{"allow":["GET"]}}],"collection":[{"href":"https:\/\/mountlaser.com\/es\/wp-json\/wp\/v2\/product"}],"about":[{"href":"https:\/\/mountlaser.com\/es\/wp-json\/wp\/v2\/types\/product"}],"replies":[{"embeddable":true,"href":"https:\/\/mountlaser.com\/es\/wp-json\/wp\/v2\/comments?post=4427"}],"wp:featuredmedia":[{"embeddable":true,"href":"https:\/\/mountlaser.com\/es\/wp-json\/wp\/v2\/media\/4413"}],"wp:attachment":[{"href":"https:\/\/mountlaser.com\/es\/wp-json\/wp\/v2\/media?parent=4427"}],"wp:term":[{"taxonomy":"product_brand","embeddable":true,"href":"https:\/\/mountlaser.com\/es\/wp-json\/wp\/v2\/product_brand?post=4427"},{"taxonomy":"product_cat","embeddable":true,"href":"https:\/\/mountlaser.com\/es\/wp-json\/wp\/v2\/product_cat?post=4427"},{"taxonomy":"product_tag","embeddable":true,"href":"https:\/\/mountlaser.com\/es\/wp-json\/wp\/v2\/product_tag?post=4427"}],"curies":[{"name":"wp","href":"https:\/\/api.w.org\/{rel}","templated":true}]}}