{"id":4425,"date":"2025-11-14T08:07:31","date_gmt":"2025-11-14T08:07:31","guid":{"rendered":"https:\/\/mountlaser.com\/?post_type=product&#038;p=4425"},"modified":"2025-11-27T05:24:25","modified_gmt":"2025-11-27T05:24:25","slug":"f550-3s-collimator","status":"publish","type":"product","link":"https:\/\/mountlaser.com\/es\/producto\/f550-3s-collimator\/","title":{"rendered":"Colimador F550-3S"},"content":{"rendered":"<p>El <a href=\"https:\/\/mountlaser.com\/es\/\"><strong>Colimador F550-3S<\/strong><\/a> es un profesional <a href=\"https:\/\/mountlaser.com\/es\/about-us\/\"><strong>Colimador \u00f3ptico para nivelaci\u00f3n autom\u00e1tica<\/strong> <\/a>Dise\u00f1ado para proporcionar una alineaci\u00f3n \u00f3ptica precisa y estable para instrumentos topogr\u00e1ficos. Con un dise\u00f1o de tres tubos \u00f3pticos de pie, el colimador F550-3S ofrece capacidad de calibraci\u00f3n multidireccional, lo que lo convierte en una herramienta esencial para pruebas de instrumentos de alta precisi\u00f3n. Este modelo est\u00e1 equipado con una peque\u00f1a pantalla y un tubo fotoel\u00e9ctrico integrado, lo que mejora la claridad visual y la eficiencia de la calibraci\u00f3n.<\/p>\n<p><img fetchpriority=\"high\" decoding=\"async\" class=\"aligncenter wp-image-4426\" src=\"https:\/\/mountlaser.com\/wp-content\/uploads\/2025\/11\/F550-3SS_\u526f\u672c.webp\" alt=\"F550-3S optical collimator for auto level\" width=\"500\" height=\"500\" srcset=\"https:\/\/mountlaser.com\/wp-content\/uploads\/2025\/11\/F550-3SS_\u526f\u672c.webp 800w, https:\/\/mountlaser.com\/wp-content\/uploads\/2025\/11\/F550-3SS_\u526f\u672c-300x300.webp 300w, https:\/\/mountlaser.com\/wp-content\/uploads\/2025\/11\/F550-3SS_\u526f\u672c-400x400.webp 400w, https:\/\/mountlaser.com\/wp-content\/uploads\/2025\/11\/F550-3SS_\u526f\u672c-600x600.webp 600w, https:\/\/mountlaser.com\/wp-content\/uploads\/2025\/11\/F550-3SS_\u526f\u672c-150x150.webp 150w, https:\/\/mountlaser.com\/wp-content\/uploads\/2025\/11\/F550-3SS_\u526f\u672c-768x768.webp 768w, https:\/\/mountlaser.com\/wp-content\/uploads\/2025\/11\/F550-3SS_\u526f\u672c-12x12.webp 12w\" sizes=\"(max-width: 500px) 100vw, 500px\" \/><\/p>\n<p>Como colimador \u00f3ptico confiable para nivelaci\u00f3n autom\u00e1tica, el <a href=\"https:\/\/mountlaser.com\/es\/contact-us\/\">Colimador F550-3S<\/a> Garantiza una calidad de haz uniforme y una alineaci\u00f3n precisa de los ejes en niveles autom\u00e1ticos, teodolitos y estaciones totales. Su robusta estructura de suelo reduce la vibraci\u00f3n y garantiza un rendimiento duradero en laboratorios y centros de reparaci\u00f3n. Para profesionales que buscan un colimador \u00f3ptico fiable para nivelaci\u00f3n autom\u00e1tica, este modelo ofrece precisi\u00f3n, estabilidad y funcionalidad moderna.<\/p>","protected":false},"excerpt":{"rendered":"<ul>\n<li>Produce haces estables y paralelos para la calibraci\u00f3n de niveles autom\u00e1ticos e instrumentos \u00f3pticos.<\/li>\n<li>Tres tubos \u00f3pticos permiten la alineaci\u00f3n multieje y la prueba de precisi\u00f3n<\/li>\n<li>El tubo fotoel\u00e9ctrico integrado mejora la precisi\u00f3n y la retroalimentaci\u00f3n de la medici\u00f3n.<\/li>\n<li>La construcci\u00f3n tipo suelo proporciona una excelente estabilidad y reduce la interferencia externa.<\/li>\n<li>La pantalla peque\u00f1a permite la observaci\u00f3n en tiempo real y facilita el flujo de trabajo de calibraci\u00f3n.<\/li>\n<\/ul>","protected":false},"featured_media":4426,"comment_status":"open","ping_status":"closed","template":"","meta":[],"product_brand":[],"product_cat":[71,125],"product_tag":[],"class_list":{"0":"post-4425","1":"product","2":"type-product","3":"status-publish","4":"has-post-thumbnail","6":"product_cat-calibration-testing-instrument","7":"product_cat-collimator-instrument","9":"first","10":"instock","11":"shipping-taxable","12":"product-type-simple"},"_links":{"self":[{"href":"https:\/\/mountlaser.com\/es\/wp-json\/wp\/v2\/product\/4425","targetHints":{"allow":["GET"]}}],"collection":[{"href":"https:\/\/mountlaser.com\/es\/wp-json\/wp\/v2\/product"}],"about":[{"href":"https:\/\/mountlaser.com\/es\/wp-json\/wp\/v2\/types\/product"}],"replies":[{"embeddable":true,"href":"https:\/\/mountlaser.com\/es\/wp-json\/wp\/v2\/comments?post=4425"}],"wp:featuredmedia":[{"embeddable":true,"href":"https:\/\/mountlaser.com\/es\/wp-json\/wp\/v2\/media\/4426"}],"wp:attachment":[{"href":"https:\/\/mountlaser.com\/es\/wp-json\/wp\/v2\/media?parent=4425"}],"wp:term":[{"taxonomy":"product_brand","embeddable":true,"href":"https:\/\/mountlaser.com\/es\/wp-json\/wp\/v2\/product_brand?post=4425"},{"taxonomy":"product_cat","embeddable":true,"href":"https:\/\/mountlaser.com\/es\/wp-json\/wp\/v2\/product_cat?post=4425"},{"taxonomy":"product_tag","embeddable":true,"href":"https:\/\/mountlaser.com\/es\/wp-json\/wp\/v2\/product_tag?post=4425"}],"curies":[{"name":"wp","href":"https:\/\/api.w.org\/{rel}","templated":true}]}}