{"id":4423,"date":"2025-11-14T07:50:32","date_gmt":"2025-11-14T07:50:32","guid":{"rendered":"https:\/\/mountlaser.com\/?post_type=product&#038;p=4423"},"modified":"2025-11-27T05:40:55","modified_gmt":"2025-11-27T05:40:55","slug":"t550-2t-collimator","status":"publish","type":"product","link":"https:\/\/mountlaser.com\/es\/producto\/t550-2t-collimator\/","title":{"rendered":"Colimador T550-2T"},"content":{"rendered":"<p>El <a href=\"https:\/\/mountlaser.com\/es\/\"><strong>Colimador T550-2T<\/strong><\/a> es un profesional <a href=\"https:\/\/mountlaser.com\/es\/about-us\/\"><strong>Colimador \u00f3ptico de alta precisi\u00f3n<\/strong><\/a> Dise\u00f1ado para aplicaciones exigentes de calibraci\u00f3n y alineaci\u00f3n \u00f3ptica. Con un dise\u00f1o de escritorio, el colimador T550-2T cuenta con dos tubos \u00f3pticos y un tubo \u00f3ptico cenital adicional, lo que permite a los t\u00e9cnicos realizar alineaciones multi\u00e1ngulo y multieje con una precisi\u00f3n excepcional. Como colimador \u00f3ptico de alta precisi\u00f3n de confianza, garantiza ejes \u00f3pticos estables, una salida de luz paralela fiable y un rendimiento de medici\u00f3n consistente, necesario para entornos topogr\u00e1ficos y de laboratorio.<\/p>\n<p><img fetchpriority=\"high\" decoding=\"async\" class=\"aligncenter wp-image-4424\" src=\"https:\/\/mountlaser.com\/wp-content\/uploads\/2025\/11\/2-2-F550-2T.webp\" alt=\"T550-2T High Precision Optical Collimator\" width=\"500\" height=\"500\" srcset=\"https:\/\/mountlaser.com\/wp-content\/uploads\/2025\/11\/2-2-F550-2T.webp 1000w, https:\/\/mountlaser.com\/wp-content\/uploads\/2025\/11\/2-2-F550-2T-300x300.webp 300w, https:\/\/mountlaser.com\/wp-content\/uploads\/2025\/11\/2-2-F550-2T-400x400.webp 400w, https:\/\/mountlaser.com\/wp-content\/uploads\/2025\/11\/2-2-F550-2T-800x800.webp 800w, https:\/\/mountlaser.com\/wp-content\/uploads\/2025\/11\/2-2-F550-2T-600x600.webp 600w, https:\/\/mountlaser.com\/wp-content\/uploads\/2025\/11\/2-2-F550-2T-150x150.webp 150w, https:\/\/mountlaser.com\/wp-content\/uploads\/2025\/11\/2-2-F550-2T-768x768.webp 768w, https:\/\/mountlaser.com\/wp-content\/uploads\/2025\/11\/2-2-F550-2T-12x12.webp 12w\" sizes=\"(max-width: 500px) 100vw, 500px\" \/><\/p>\n<p>Dise\u00f1ado para metrolog\u00eda de precisi\u00f3n, instituciones de investigaci\u00f3n y centros de servicio de instrumentos, el<a href=\"https:\/\/mountlaser.com\/es\/contact-us\/\"> Colimador T550-2T<\/a> Ofrece una capacidad mejorada en comparaci\u00f3n con los modelos est\u00e1ndar. Su tubo cenital adicional permite la verificaci\u00f3n del eje vertical, lo que lo convierte en una de las soluciones de colimador \u00f3ptico de alta precisi\u00f3n m\u00e1s vers\u00e1tiles y eficaces del mercado.<\/p>","protected":false},"excerpt":{"rendered":"<ul>\n<li>Genera haces de luz paralelos precisos para calibraci\u00f3n y alineaci\u00f3n \u00f3ptica.<\/li>\n<li>Dos tubos \u00f3pticos + un tubo cenital admiten pruebas multi\u00e1ngulo y de eje vertical<\/li>\n<li>El dise\u00f1o estilo escritorio proporciona estabilidad y eficiencia de espacio.<\/li>\n<li>Ideal para calibraci\u00f3n de estaciones totales, teodolitos y niveles \u00f3pticos.<\/li>\n<li>Garantiza una precisi\u00f3n repetible para el mantenimiento y la prueba de instrumentos profesionales.<\/li>\n<\/ul>","protected":false},"featured_media":4424,"comment_status":"open","ping_status":"closed","template":"","meta":[],"product_brand":[],"product_cat":[71,125],"product_tag":[],"class_list":{"0":"post-4423","1":"product","2":"type-product","3":"status-publish","4":"has-post-thumbnail","6":"product_cat-calibration-testing-instrument","7":"product_cat-collimator-instrument","9":"first","10":"instock","11":"shipping-taxable","12":"product-type-simple"},"_links":{"self":[{"href":"https:\/\/mountlaser.com\/es\/wp-json\/wp\/v2\/product\/4423","targetHints":{"allow":["GET"]}}],"collection":[{"href":"https:\/\/mountlaser.com\/es\/wp-json\/wp\/v2\/product"}],"about":[{"href":"https:\/\/mountlaser.com\/es\/wp-json\/wp\/v2\/types\/product"}],"replies":[{"embeddable":true,"href":"https:\/\/mountlaser.com\/es\/wp-json\/wp\/v2\/comments?post=4423"}],"wp:featuredmedia":[{"embeddable":true,"href":"https:\/\/mountlaser.com\/es\/wp-json\/wp\/v2\/media\/4424"}],"wp:attachment":[{"href":"https:\/\/mountlaser.com\/es\/wp-json\/wp\/v2\/media?parent=4423"}],"wp:term":[{"taxonomy":"product_brand","embeddable":true,"href":"https:\/\/mountlaser.com\/es\/wp-json\/wp\/v2\/product_brand?post=4423"},{"taxonomy":"product_cat","embeddable":true,"href":"https:\/\/mountlaser.com\/es\/wp-json\/wp\/v2\/product_cat?post=4423"},{"taxonomy":"product_tag","embeddable":true,"href":"https:\/\/mountlaser.com\/es\/wp-json\/wp\/v2\/product_tag?post=4423"}],"curies":[{"name":"wp","href":"https:\/\/api.w.org\/{rel}","templated":true}]}}