{"id":4419,"date":"2025-11-14T05:37:35","date_gmt":"2025-11-14T05:37:35","guid":{"rendered":"https:\/\/mountlaser.com\/?post_type=product&#038;p=4419"},"modified":"2025-12-01T08:24:30","modified_gmt":"2025-12-01T08:24:30","slug":"f550-2a-collimator","status":"publish","type":"product","link":"https:\/\/mountlaser.com\/es\/producto\/f550-2a-collimator\/","title":{"rendered":"Colimador F550-2A"},"content":{"rendered":"<p>El <a href=\"https:\/\/mountlaser.com\/es\/\"><strong>Colimador F550-2A<\/strong><\/a> es de alta precisi\u00f3n <a href=\"https:\/\/mountlaser.com\/es\/categoria-producto\/calibration-testing-instrument\/\"><strong>Colimador l\u00e1ser<\/strong><\/a> Dise\u00f1ado para tareas profesionales de alineaci\u00f3n y calibraci\u00f3n \u00f3ptica. Con una resistente estructura de dos tubos \u00f3pticos y montaje en suelo, este colimador garantiza una estabilidad y precisi\u00f3n excepcionales durante las pruebas \u00f3pticas. Dise\u00f1ado para su uso en laboratorios de metrolog\u00eda, plantas de fabricaci\u00f3n y centros de servicio de instrumentos, el colimador l\u00e1ser ofrece el rendimiento fiable que se espera de un colimador l\u00e1ser de calidad profesional.<\/p>\n<p>Como colimador l\u00e1ser vers\u00e1til, el F550-2A genera haces altamente paralelos que facilitan la calibraci\u00f3n precisa de teodolitos, estaciones totales, niveles \u00f3pticos y otros instrumentos de medici\u00f3n. Su dise\u00f1o de doble tubo \u00f3ptico optimiza la flexibilidad de calibraci\u00f3n, permitiendo a los t\u00e9cnicos realizar alineaciones multi\u00e1ngulo o multieje con facilidad. Su configuraci\u00f3n de pie garantiza adem\u00e1s una vibraci\u00f3n m\u00ednima y una m\u00e1xima consistencia en las mediciones.<\/p>\n<p><img fetchpriority=\"high\" decoding=\"async\" class=\"aligncenter wp-image-4420\" src=\"https:\/\/mountlaser.com\/wp-content\/uploads\/2025\/11\/2-3-F550-2A_\u526f\u672c.webp\" alt=\"F550-2A Collimator\" width=\"500\" height=\"500\" srcset=\"https:\/\/mountlaser.com\/wp-content\/uploads\/2025\/11\/2-3-F550-2A_\u526f\u672c.webp 1000w, https:\/\/mountlaser.com\/wp-content\/uploads\/2025\/11\/2-3-F550-2A_\u526f\u672c-300x300.webp 300w, https:\/\/mountlaser.com\/wp-content\/uploads\/2025\/11\/2-3-F550-2A_\u526f\u672c-400x400.webp 400w, https:\/\/mountlaser.com\/wp-content\/uploads\/2025\/11\/2-3-F550-2A_\u526f\u672c-800x800.webp 800w, https:\/\/mountlaser.com\/wp-content\/uploads\/2025\/11\/2-3-F550-2A_\u526f\u672c-600x600.webp 600w, https:\/\/mountlaser.com\/wp-content\/uploads\/2025\/11\/2-3-F550-2A_\u526f\u672c-150x150.webp 150w, https:\/\/mountlaser.com\/wp-content\/uploads\/2025\/11\/2-3-F550-2A_\u526f\u672c-768x768.webp 768w, https:\/\/mountlaser.com\/wp-content\/uploads\/2025\/11\/2-3-F550-2A_\u526f\u672c-12x12.webp 12w\" sizes=\"(max-width: 500px) 100vw, 500px\" \/><\/p>\n<p>Con una construcci\u00f3n robusta y estabilidad a largo plazo, el <a href=\"https:\/\/mountlaser.com\/es\/contact-us\/\">Colimador F550-2A<\/a> Es una soluci\u00f3n esencial para mantener la precisi\u00f3n de los instrumentos y mejorar los procesos de control de calidad. Este colimador l\u00e1ser es ideal para organizaciones que exigen un rendimiento \u00f3ptico fiable y resultados de calibraci\u00f3n repetibles.<\/p>","protected":false},"excerpt":{"rendered":"<ul>\n<li>Produce rayos l\u00e1ser paralelos para una calibraci\u00f3n \u00f3ptica de precisi\u00f3n.<\/li>\n<li>El dise\u00f1o de tubo \u00f3ptico dual admite alineaci\u00f3n multi\u00e1ngulo y multieje<\/li>\n<li>La construcci\u00f3n tipo piso aumenta la estabilidad y reduce la vibraci\u00f3n durante las pruebas.<\/li>\n<li>Adecuado para calibrar estaciones totales, teodolitos, niveles \u00f3pticos y otras herramientas topogr\u00e1ficas.<\/li>\n<li>Mejora la precisi\u00f3n, la confiabilidad y la eficiencia del flujo de trabajo en aplicaciones de metrolog\u00eda y pruebas \u00f3pticas.<\/li>\n<\/ul>","protected":false},"featured_media":4420,"comment_status":"open","ping_status":"closed","template":"","meta":[],"product_brand":[],"product_cat":[71,125],"product_tag":[],"class_list":{"0":"post-4419","1":"product","2":"type-product","3":"status-publish","4":"has-post-thumbnail","6":"product_cat-calibration-testing-instrument","7":"product_cat-collimator-instrument","9":"first","10":"instock","11":"shipping-taxable","12":"product-type-simple"},"_links":{"self":[{"href":"https:\/\/mountlaser.com\/es\/wp-json\/wp\/v2\/product\/4419","targetHints":{"allow":["GET"]}}],"collection":[{"href":"https:\/\/mountlaser.com\/es\/wp-json\/wp\/v2\/product"}],"about":[{"href":"https:\/\/mountlaser.com\/es\/wp-json\/wp\/v2\/types\/product"}],"replies":[{"embeddable":true,"href":"https:\/\/mountlaser.com\/es\/wp-json\/wp\/v2\/comments?post=4419"}],"wp:featuredmedia":[{"embeddable":true,"href":"https:\/\/mountlaser.com\/es\/wp-json\/wp\/v2\/media\/4420"}],"wp:attachment":[{"href":"https:\/\/mountlaser.com\/es\/wp-json\/wp\/v2\/media?parent=4419"}],"wp:term":[{"taxonomy":"product_brand","embeddable":true,"href":"https:\/\/mountlaser.com\/es\/wp-json\/wp\/v2\/product_brand?post=4419"},{"taxonomy":"product_cat","embeddable":true,"href":"https:\/\/mountlaser.com\/es\/wp-json\/wp\/v2\/product_cat?post=4419"},{"taxonomy":"product_tag","embeddable":true,"href":"https:\/\/mountlaser.com\/es\/wp-json\/wp\/v2\/product_tag?post=4419"}],"curies":[{"name":"wp","href":"https:\/\/api.w.org\/{rel}","templated":true}]}}