{"id":4417,"date":"2025-11-14T05:24:55","date_gmt":"2025-11-14T05:24:55","guid":{"rendered":"https:\/\/mountlaser.com\/?post_type=product&#038;p=4417"},"modified":"2025-12-01T08:41:30","modified_gmt":"2025-12-01T08:41:30","slug":"f550-3e-collimator","status":"publish","type":"product","link":"https:\/\/mountlaser.com\/es\/producto\/f550-3e-collimator\/","title":{"rendered":"Colimador F550-3E"},"content":{"rendered":"<p>El <a href=\"https:\/\/mountlaser.com\/es\/categoria-producto\/calibration-testing-instrument\/\"><strong>Colimador F550-3E<\/strong><\/a> Es un dise\u00f1o de precisi\u00f3n <a href=\"https:\/\/mountlaser.com\/es\/about-us\/\"><strong>colimador de haz<\/strong><\/a> Sistema dise\u00f1ado para tareas de calibraci\u00f3n y alineaci\u00f3n \u00f3ptica de alta precisi\u00f3n. Fabricado con una robusta configuraci\u00f3n de escritorio de tres tubos \u00f3pticos, este colimador ofrece un rendimiento \u00f3ptico estable y consistente para laboratorios, plantas de fabricaci\u00f3n y aplicaciones de metrolog\u00eda que requieren una precisi\u00f3n excepcional.<\/p>\n<p>Como colimador de haz profesional, el F550-3E proporciona haces de luz paralelos que garantizan la fiabilidad de las pruebas de instrumentos \u00f3pticos como teodolitos, estaciones totales y equipos de medici\u00f3n l\u00e1ser. Su dise\u00f1o de triple tubo \u00f3ptico ofrece mayor flexibilidad para la calibraci\u00f3n multi\u00e1ngulo, lo que lo convierte en la soluci\u00f3n ideal para entornos de control de calidad y pruebas \u00f3pticas.<\/p>\n<p><img fetchpriority=\"high\" decoding=\"async\" class=\"aligncenter wp-image-4418\" src=\"https:\/\/mountlaser.com\/wp-content\/uploads\/2025\/11\/F550-3E.webp\" alt=\"F550-3E Collimator\" width=\"500\" height=\"500\" srcset=\"https:\/\/mountlaser.com\/wp-content\/uploads\/2025\/11\/F550-3E.webp 1000w, https:\/\/mountlaser.com\/wp-content\/uploads\/2025\/11\/F550-3E-300x300.webp 300w, https:\/\/mountlaser.com\/wp-content\/uploads\/2025\/11\/F550-3E-400x400.webp 400w, https:\/\/mountlaser.com\/wp-content\/uploads\/2025\/11\/F550-3E-800x800.webp 800w, https:\/\/mountlaser.com\/wp-content\/uploads\/2025\/11\/F550-3E-600x600.webp 600w, https:\/\/mountlaser.com\/wp-content\/uploads\/2025\/11\/F550-3E-150x150.webp 150w, https:\/\/mountlaser.com\/wp-content\/uploads\/2025\/11\/F550-3E-768x768.webp 768w, https:\/\/mountlaser.com\/wp-content\/uploads\/2025\/11\/F550-3E-12x12.webp 12w\" sizes=\"(max-width: 500px) 100vw, 500px\" \/><\/p>\n<p>Este avanzado colimador simplifica los procedimientos de alineaci\u00f3n, aumenta la precisi\u00f3n de las mediciones y garantiza un rendimiento a largo plazo con un mantenimiento m\u00ednimo. Ya sea para la calibraci\u00f3n \u00f3ptica de rutina o para el desarrollo de instrumentos de alta gama, el <a href=\"https:\/\/mountlaser.com\/es\/contact-us\/\">colimador de haz<\/a> El sistema garantiza resultados confiables y repetibles.<\/p>","protected":false},"excerpt":{"rendered":"<ul>\n<li>Genera haces paralelos de alta precisi\u00f3n para calibraci\u00f3n \u00f3ptica<\/li>\n<li>Admite alineaci\u00f3n de m\u00faltiples \u00e1ngulos a trav\u00e9s de tres tubos \u00f3pticos independientes<\/li>\n<li>La estructura tipo escritorio garantiza estabilidad durante la medici\u00f3n.<\/li>\n<li>Ideal para probar estaciones totales, teodolitos y dispositivos de medici\u00f3n \u00f3ptica.<\/li>\n<li>Mejora la precisi\u00f3n y la consistencia en entornos de laboratorio y fabricaci\u00f3n.<\/li>\n<\/ul>","protected":false},"featured_media":4418,"comment_status":"open","ping_status":"closed","template":"","meta":[],"product_brand":[],"product_cat":[71,125],"product_tag":[],"class_list":{"0":"post-4417","1":"product","2":"type-product","3":"status-publish","4":"has-post-thumbnail","6":"product_cat-calibration-testing-instrument","7":"product_cat-collimator-instrument","9":"first","10":"instock","11":"shipping-taxable","12":"product-type-simple"},"_links":{"self":[{"href":"https:\/\/mountlaser.com\/es\/wp-json\/wp\/v2\/product\/4417","targetHints":{"allow":["GET"]}}],"collection":[{"href":"https:\/\/mountlaser.com\/es\/wp-json\/wp\/v2\/product"}],"about":[{"href":"https:\/\/mountlaser.com\/es\/wp-json\/wp\/v2\/types\/product"}],"replies":[{"embeddable":true,"href":"https:\/\/mountlaser.com\/es\/wp-json\/wp\/v2\/comments?post=4417"}],"wp:featuredmedia":[{"embeddable":true,"href":"https:\/\/mountlaser.com\/es\/wp-json\/wp\/v2\/media\/4418"}],"wp:attachment":[{"href":"https:\/\/mountlaser.com\/es\/wp-json\/wp\/v2\/media?parent=4417"}],"wp:term":[{"taxonomy":"product_brand","embeddable":true,"href":"https:\/\/mountlaser.com\/es\/wp-json\/wp\/v2\/product_brand?post=4417"},{"taxonomy":"product_cat","embeddable":true,"href":"https:\/\/mountlaser.com\/es\/wp-json\/wp\/v2\/product_cat?post=4417"},{"taxonomy":"product_tag","embeddable":true,"href":"https:\/\/mountlaser.com\/es\/wp-json\/wp\/v2\/product_tag?post=4417"}],"curies":[{"name":"wp","href":"https:\/\/api.w.org\/{rel}","templated":true}]}}