{"id":4414,"date":"2025-11-14T04:41:34","date_gmt":"2025-11-14T04:41:34","guid":{"rendered":"https:\/\/mountlaser.com\/?post_type=product&#038;p=4414"},"modified":"2025-12-01T08:55:39","modified_gmt":"2025-12-01T08:55:39","slug":"f550-2-collimator","status":"publish","type":"product","link":"https:\/\/mountlaser.com\/es\/producto\/f550-2-collimator\/","title":{"rendered":"Colimador F550-2"},"content":{"rendered":"<p>El <a href=\"https:\/\/mountlaser.com\/es\/\"><strong>Colimador F550-2<\/strong><\/a> Es un dise\u00f1o de precisi\u00f3n <a href=\"https:\/\/mountlaser.com\/es\/categoria-producto\/calibration-testing-instrument\/\"><strong>colimador \u00f3ptico<\/strong><\/a> Dise\u00f1ado para la alineaci\u00f3n, calibraci\u00f3n y prueba profesional de instrumentos topogr\u00e1ficos y \u00f3pticos. Con una configuraci\u00f3n de dos tubos \u00f3pticos y un dise\u00f1o de escritorio, el colimador F550-2 ofrece una precisi\u00f3n superior y un rendimiento constante en entornos de laboratorio y mantenimiento de instrumentos.<\/p>\n<p>Como colimador \u00f3ptico de alto rendimiento, el F550-2 proporciona haces de luz paralelos estables que simulan objetivos distantes, lo que permite a los t\u00e9cnicos verificar la precisi\u00f3n de la l\u00ednea de visi\u00f3n, la alineaci\u00f3n de la ret\u00edcula y la precisi\u00f3n de enfoque en niveles, teodolitos y estaciones totales. La estructura de doble tubo \u00f3ptico mejora la flexibilidad de calibraci\u00f3n y permite realizar pruebas de diagn\u00f3stico m\u00e1s completas, lo que convierte al colimador F550-2 en una herramienta esencial para el control de calidad y el mantenimiento de equipos.<\/p>\n<p><img fetchpriority=\"high\" decoding=\"async\" class=\"aligncenter wp-image-4415\" src=\"https:\/\/mountlaser.com\/wp-content\/uploads\/2025\/11\/F550-2.webp\" alt=\"F550-2 Collimator\" width=\"500\" height=\"500\" srcset=\"https:\/\/mountlaser.com\/wp-content\/uploads\/2025\/11\/F550-2.webp 1000w, https:\/\/mountlaser.com\/wp-content\/uploads\/2025\/11\/F550-2-300x300.webp 300w, https:\/\/mountlaser.com\/wp-content\/uploads\/2025\/11\/F550-2-400x400.webp 400w, https:\/\/mountlaser.com\/wp-content\/uploads\/2025\/11\/F550-2-800x800.webp 800w, https:\/\/mountlaser.com\/wp-content\/uploads\/2025\/11\/F550-2-600x600.webp 600w, https:\/\/mountlaser.com\/wp-content\/uploads\/2025\/11\/F550-2-150x150.webp 150w, https:\/\/mountlaser.com\/wp-content\/uploads\/2025\/11\/F550-2-768x768.webp 768w, https:\/\/mountlaser.com\/wp-content\/uploads\/2025\/11\/F550-2-12x12.webp 12w\" sizes=\"(max-width: 500px) 100vw, 500px\" \/><\/p>\n<p>Dise\u00f1ado para una confiabilidad a largo plazo, este <a href=\"https:\/\/mountlaser.com\/es\/contact-us\/\">colimador \u00f3ptico<\/a> garantiza im\u00e1genes claras, excelente estabilidad y m\u00ednima distorsi\u00f3n, ofreciendo resultados precisos y repetibles para aplicaciones profesionales exigentes.<\/p>","protected":false},"excerpt":{"rendered":"<ul>\n<li>Los tubos \u00f3pticos duales proporcionan una capacidad ampliada de calibraci\u00f3n y prueba<\/li>\n<li>Simula haces paralelos para la alineaci\u00f3n precisa de instrumentos topogr\u00e1ficos<\/li>\n<li>El cuerpo estilo escritorio ofrece estabilidad compacta y f\u00e1cil integraci\u00f3n en la estaci\u00f3n de trabajo<\/li>\n<li>Ideal para verificar la alineaci\u00f3n de la cruz, la precisi\u00f3n de la l\u00ednea de visi\u00f3n y la precisi\u00f3n del enfoque.<\/li>\n<li>Funciona como colimador \u00f3ptico profesional para laboratorios y centros de servicio.<\/li>\n<\/ul>","protected":false},"featured_media":4415,"comment_status":"open","ping_status":"closed","template":"","meta":[],"product_brand":[],"product_cat":[71,125],"product_tag":[],"class_list":{"0":"post-4414","1":"product","2":"type-product","3":"status-publish","4":"has-post-thumbnail","6":"product_cat-calibration-testing-instrument","7":"product_cat-collimator-instrument","9":"first","10":"instock","11":"shipping-taxable","12":"product-type-simple"},"_links":{"self":[{"href":"https:\/\/mountlaser.com\/es\/wp-json\/wp\/v2\/product\/4414","targetHints":{"allow":["GET"]}}],"collection":[{"href":"https:\/\/mountlaser.com\/es\/wp-json\/wp\/v2\/product"}],"about":[{"href":"https:\/\/mountlaser.com\/es\/wp-json\/wp\/v2\/types\/product"}],"replies":[{"embeddable":true,"href":"https:\/\/mountlaser.com\/es\/wp-json\/wp\/v2\/comments?post=4414"}],"wp:featuredmedia":[{"embeddable":true,"href":"https:\/\/mountlaser.com\/es\/wp-json\/wp\/v2\/media\/4415"}],"wp:attachment":[{"href":"https:\/\/mountlaser.com\/es\/wp-json\/wp\/v2\/media?parent=4414"}],"wp:term":[{"taxonomy":"product_brand","embeddable":true,"href":"https:\/\/mountlaser.com\/es\/wp-json\/wp\/v2\/product_brand?post=4414"},{"taxonomy":"product_cat","embeddable":true,"href":"https:\/\/mountlaser.com\/es\/wp-json\/wp\/v2\/product_cat?post=4414"},{"taxonomy":"product_tag","embeddable":true,"href":"https:\/\/mountlaser.com\/es\/wp-json\/wp\/v2\/product_tag?post=4414"}],"curies":[{"name":"wp","href":"https:\/\/api.w.org\/{rel}","templated":true}]}}