{"id":438,"date":"2024-03-22T15:01:22","date_gmt":"2024-03-22T15:01:22","guid":{"rendered":"https:\/\/startersites.io\/blocksy\/pottery\/?post_type=product&#038;p=438"},"modified":"2025-12-01T04:47:56","modified_gmt":"2025-12-01T04:47:56","slug":"rh225-concrete-test-hammer","status":"publish","type":"product","link":"https:\/\/mountlaser.com\/es\/producto\/rh225-concrete-test-hammer\/","title":{"rendered":"Martillo de prueba de hormig\u00f3n RH225"},"content":{"rendered":"<p><a href=\"https:\/\/mountlaser.com\/es\/\"><strong>Martillo de prueba de hormig\u00f3n RH225<\/strong><\/a> Es un instrumento esencial de ensayos no destructivos, dise\u00f1ado para profesionales de la ingenier\u00eda estructural. Est\u00e1 meticulosamente dise\u00f1ado para medir la resistencia a la compresi\u00f3n del hormig\u00f3n ordinario en un rango de 10 a 70 N\/mm\u00b2 (1450 a 10\u00a0153 psi) con una fiabilidad excepcional.<\/p>\n<p>Comprender los principios del ensayo de martillo de rebote de hormig\u00f3n es fundamental para la evaluaci\u00f3n estructural, y el RH225 est\u00e1 dise\u00f1ado para ejecutar esta prueba con una precisi\u00f3n inigualable. Cada aspecto de su construcci\u00f3n est\u00e1 optimizado para las rigurosas exigencias del uso de un martillo de ensayo de hormig\u00f3n en obras de todo el mundo. <a href=\"https:\/\/mountlaser.com\/es\/products\/\"><strong>prueba de martillo de rebote de hormig\u00f3n<\/strong><\/a> El procedimiento es vital para la integridad de los datos, y nuestro dise\u00f1o de puntero mejorado garantiza un ajuste f\u00e1cil y una estabilidad superior para lecturas consistentes.<\/p>\n<p>Ya sea que est\u00e9 realizando un ensayo est\u00e1ndar de martillo de hormig\u00f3n para control de calidad o un ensayo completo de martillo de rebote para an\u00e1lisis estructural, el RH225 le ofrece confianza. Est\u00e1 fabricado para cumplir y superar las normas internacionales m\u00e1s exigentes, como ASTM C 805 (EE. UU.), JGJ\/T 23-2011 (China) y diversas normas europeas (EN 12504-2, DIN 1048).<\/p>\n<p><img fetchpriority=\"high\" decoding=\"async\" class=\"aligncenter wp-image-1939\" src=\"https:\/\/mountlaser.com\/wp-content\/uploads\/2024\/03\/2.webp\" alt=\"concrete rebound hammer test\" width=\"500\" height=\"500\" srcset=\"https:\/\/mountlaser.com\/wp-content\/uploads\/2024\/03\/2.webp 1200w, https:\/\/mountlaser.com\/wp-content\/uploads\/2024\/03\/2-300x300.webp 300w, https:\/\/mountlaser.com\/wp-content\/uploads\/2024\/03\/2-400x400.webp 400w, https:\/\/mountlaser.com\/wp-content\/uploads\/2024\/03\/2-800x800.webp 800w, https:\/\/mountlaser.com\/wp-content\/uploads\/2024\/03\/2-600x600.webp 600w, https:\/\/mountlaser.com\/wp-content\/uploads\/2024\/03\/2-1024x1024.webp 1024w, https:\/\/mountlaser.com\/wp-content\/uploads\/2024\/03\/2-150x150.webp 150w, https:\/\/mountlaser.com\/wp-content\/uploads\/2024\/03\/2-768x768.webp 768w, https:\/\/mountlaser.com\/wp-content\/uploads\/2024\/03\/2-12x12.webp 12w\" sizes=\"(max-width: 500px) 100vw, 500px\" \/><\/p>\n<p>COMPONENTES<\/p>\n<table style=\"border-collapse: collapse; width: 216.03pt;\" border=\"0\" width=\"288\" cellspacing=\"0\" cellpadding=\"0\">\n<tbody>\n<tr style=\"height: 14.25pt;\">\n<td style=\"height: 14.25pt; width: 216.00pt;\" width=\"288\" height=\"19\">Martillo de rebote<\/td>\n<\/tr>\n<tr style=\"height: 14.25pt;\">\n<td style=\"height: 14.25pt;\" height=\"19\">Protector de manos de silicona con reposamanos<\/td>\n<\/tr>\n<tr style=\"height: 14.25pt;\">\n<td style=\"height: 14.25pt;\" height=\"19\">Una piedra de moler<\/td>\n<\/tr>\n<tr style=\"height: 14.25pt;\">\n<td style=\"height: 14.25pt;\" height=\"19\">Un kit de mantenimiento<\/td>\n<\/tr>\n<tr style=\"height: 14.25pt;\">\n<td style=\"height: 14.25pt;\" height=\"19\">Deslizador del puntero y resorte amortiguador<\/td>\n<\/tr>\n<tr style=\"height: 14.25pt;\">\n<td style=\"height: 14.25pt;\" height=\"19\">Caja de instrumentos<\/td>\n<\/tr>\n<\/tbody>\n<\/table>\n<p><strong><a href=\"https:\/\/mountlaser.com\/es\/contact-us\/\">Martillo de prueba de hormig\u00f3n RH225<\/a> PAR\u00c1METROS T\u00c9CNICOS<\/strong><\/p>\n<table style=\"border-collapse: collapse; width: 631.52pt;\" border=\"0\" width=\"842\" cellspacing=\"0\" cellpadding=\"0\">\n<tbody>\n<tr style=\"height: 14.25pt;\">\n<td class=\"et2\" style=\"height: 14.25pt; width: 322.50pt;\" width=\"430\" height=\"19\">Energ\u00eda de impacto est\u00e1ndar<\/td>\n<td class=\"et3\" style=\"width: 309.00pt;\" width=\"412\">2.207J<\/td>\n<\/tr>\n<tr style=\"height: 14.25pt;\">\n<td class=\"et4\" style=\"height: 14.25pt;\" height=\"19\">Longitud del puntero<\/td>\n<td class=\"et5\">20,0 \u00b10,2 mm<\/td>\n<\/tr>\n<tr style=\"height: 14.25pt;\">\n<td class=\"et4\" style=\"height: 14.25pt;\" height=\"19\">Fricci\u00f3n del puntero<\/td>\n<td class=\"et5\">0,65 \u00b1 0,15 N<\/td>\n<\/tr>\n<tr style=\"height: 14.25pt;\">\n<td class=\"et4\" style=\"height: 14.25pt;\" height=\"19\">Radio esf\u00e9rico de la varilla que rebota<\/td>\n<td class=\"et5\">25\u00b11,0 mm<\/td>\n<\/tr>\n<tr style=\"height: 14.25pt;\">\n<td class=\"et4\" style=\"height: 14.25pt;\" height=\"19\">Rigidez del resorte de tensi\u00f3n el\u00e1stica<\/td>\n<td class=\"et5\">785,0 \u00b1 30,0 N\/m<\/td>\n<\/tr>\n<tr style=\"height: 14.25pt;\">\n<td class=\"et4\" style=\"height: 14.25pt;\" height=\"19\">Longitud de funcionamiento del resorte de tensi\u00f3n el\u00e1stico<\/td>\n<td class=\"et5\">61,5 \u00b1 0,3 mm<\/td>\n<\/tr>\n<tr style=\"height: 14.25pt;\">\n<td class=\"et4\" style=\"height: 14.25pt;\" height=\"19\">Posici\u00f3n de despegue del martillo de rebote<\/td>\n<td class=\"et5\">Escala \u201c0~1\u201d<\/td>\n<\/tr>\n<tr style=\"height: 14.25pt;\">\n<td class=\"et6\" style=\"height: 14.25pt;\" height=\"19\">Valor de calibraci\u00f3n en el yunque de prueba<\/td>\n<td class=\"et7\">78-82<\/td>\n<\/tr>\n<\/tbody>\n<\/table>","protected":false},"excerpt":{"rendered":"<ul>\n<li>Evaluaci\u00f3n precisa de la resistencia: realiza la prueba del martillo de rebote para estimar de manera confiable la resistencia a la compresi\u00f3n in situ.<\/li>\n<li>Construcci\u00f3n duradera: cuenta con una carcasa de aleaci\u00f3n de aluminio 6061 s\u00faper resistente con un bot\u00f3n formado por estiramiento que no se cae, lo que garantiza la longevidad.<\/li>\n<li>Movimiento de precisi\u00f3n: El mecanismo interno se perfecciona mediante centros de mecanizado CNC.<\/li>\n<li>Resorte resistente a la fatiga: utiliza un resorte importado de alta calidad dentro de un conjunto de aleaci\u00f3n de aluminio.<\/li>\n<\/ul>","protected":false},"featured_media":1940,"comment_status":"open","ping_status":"closed","template":"","meta":[],"product_brand":[],"product_cat":[71],"product_tag":[],"class_list":{"0":"post-438","1":"product","2":"type-product","3":"status-publish","4":"has-post-thumbnail","6":"product_cat-calibration-testing-instrument","8":"first","9":"instock","10":"shipping-taxable","11":"product-type-simple"},"_links":{"self":[{"href":"https:\/\/mountlaser.com\/es\/wp-json\/wp\/v2\/product\/438","targetHints":{"allow":["GET"]}}],"collection":[{"href":"https:\/\/mountlaser.com\/es\/wp-json\/wp\/v2\/product"}],"about":[{"href":"https:\/\/mountlaser.com\/es\/wp-json\/wp\/v2\/types\/product"}],"replies":[{"embeddable":true,"href":"https:\/\/mountlaser.com\/es\/wp-json\/wp\/v2\/comments?post=438"}],"wp:featuredmedia":[{"embeddable":true,"href":"https:\/\/mountlaser.com\/es\/wp-json\/wp\/v2\/media\/1940"}],"wp:attachment":[{"href":"https:\/\/mountlaser.com\/es\/wp-json\/wp\/v2\/media?parent=438"}],"wp:term":[{"taxonomy":"product_brand","embeddable":true,"href":"https:\/\/mountlaser.com\/es\/wp-json\/wp\/v2\/product_brand?post=438"},{"taxonomy":"product_cat","embeddable":true,"href":"https:\/\/mountlaser.com\/es\/wp-json\/wp\/v2\/product_cat?post=438"},{"taxonomy":"product_tag","embeddable":true,"href":"https:\/\/mountlaser.com\/es\/wp-json\/wp\/v2\/product_tag?post=438"}],"curies":[{"name":"wp","href":"https:\/\/api.w.org\/{rel}","templated":true}]}}