{"id":428,"date":"2024-03-21T13:01:54","date_gmt":"2024-03-21T13:01:54","guid":{"rendered":"https:\/\/startersites.io\/blocksy\/pottery\/?post_type=product&#038;p=428"},"modified":"2025-12-01T06:15:40","modified_gmt":"2025-12-01T06:15:40","slug":"fg01s-rotation-tribrach-adapter","status":"publish","type":"product","link":"https:\/\/mountlaser.com\/es\/producto\/fg01s-rotation-tribrach-adapter\/","title":{"rendered":"Adaptador de base nivelante de rotaci\u00f3n FG01S"},"content":{"rendered":"<p>El <a href=\"https:\/\/mountlaser.com\/es\/\"><strong>Adaptador de base nivelante de rotaci\u00f3n FG01S<\/strong><\/a> Mount Laser es un adaptador de base nivelante de precisi\u00f3n para topograf\u00eda, dise\u00f1ado para una mayor eficiencia en campo. Este vers\u00e1til adaptador cuenta con una resistente rosca de cobre de 5\/8\u2033-11, lo que garantiza una conexi\u00f3n suave y duradera.<\/p>\n<p>Como un verdadero<a href=\"https:\/\/mountlaser.com\/es\/about-us\/\"> Base nivelante de rotaci\u00f3n de 5\/8\u2033-11<\/a>, Proporciona una rotaci\u00f3n horizontal de 360 grados, lo que permite ajustes r\u00e1pidos y precisos de su GPS o estaci\u00f3n total sin mover el tr\u00edpode. La s\u00f3lida base de 80 mm de di\u00e1metro exterior garantiza una estabilidad excepcional durante el funcionamiento.<\/p>\n<p><img fetchpriority=\"high\" decoding=\"async\" class=\"aligncenter wp-image-2084\" src=\"https:\/\/mountlaser.com\/wp-content\/uploads\/2025\/09\/FG01S-7.webp\" alt=\"Surveying Tribrach Adapter\" width=\"500\" height=\"500\" srcset=\"https:\/\/mountlaser.com\/wp-content\/uploads\/2025\/09\/FG01S-7.webp 1000w, https:\/\/mountlaser.com\/wp-content\/uploads\/2025\/09\/FG01S-7-300x300.webp 300w, https:\/\/mountlaser.com\/wp-content\/uploads\/2025\/09\/FG01S-7-400x400.webp 400w, https:\/\/mountlaser.com\/wp-content\/uploads\/2025\/09\/FG01S-7-800x800.webp 800w, https:\/\/mountlaser.com\/wp-content\/uploads\/2025\/09\/FG01S-7-600x600.webp 600w, https:\/\/mountlaser.com\/wp-content\/uploads\/2025\/09\/FG01S-7-150x150.webp 150w, https:\/\/mountlaser.com\/wp-content\/uploads\/2025\/09\/FG01S-7-768x768.webp 768w, https:\/\/mountlaser.com\/wp-content\/uploads\/2025\/09\/FG01S-7-12x12.webp 12w\" sizes=\"(max-width: 500px) 100vw, 500px\" \/><\/p>\n<p>Este alto rendimiento <a href=\"https:\/\/mountlaser.com\/es\/categoria-producto\/surveying-accessory\/\"><strong>Adaptador de base nivelante topogr\u00e1fica<\/strong><\/a> es la herramienta ideal para profesionales que necesitan aumentar la productividad en cualquier sitio topogr\u00e1fico o de construcci\u00f3n, lo que la convierte en una base nivelante de rotaci\u00f3n de 5\/8\u2033-11 indispensable para las tareas de topograf\u00eda modernas.<\/p>\n<p>&nbsp;<\/p>\n<p><img decoding=\"async\" class=\"aligncenter wp-image-2082\" src=\"https:\/\/mountlaser.com\/wp-content\/uploads\/2025\/09\/FG01S-3.webp\" alt=\"Surveying Tribrach Adapter\" width=\"500\" height=\"500\" srcset=\"https:\/\/mountlaser.com\/wp-content\/uploads\/2025\/09\/FG01S-3.webp 1000w, https:\/\/mountlaser.com\/wp-content\/uploads\/2025\/09\/FG01S-3-300x300.webp 300w, https:\/\/mountlaser.com\/wp-content\/uploads\/2025\/09\/FG01S-3-400x400.webp 400w, https:\/\/mountlaser.com\/wp-content\/uploads\/2025\/09\/FG01S-3-800x800.webp 800w, https:\/\/mountlaser.com\/wp-content\/uploads\/2025\/09\/FG01S-3-600x600.webp 600w, https:\/\/mountlaser.com\/wp-content\/uploads\/2025\/09\/FG01S-3-150x150.webp 150w, https:\/\/mountlaser.com\/wp-content\/uploads\/2025\/09\/FG01S-3-768x768.webp 768w, https:\/\/mountlaser.com\/wp-content\/uploads\/2025\/09\/FG01S-3-12x12.webp 12w\" sizes=\"(max-width: 500px) 100vw, 500px\" \/><\/p>","protected":false},"excerpt":{"rendered":"<ul>\n<li>Permite una rotaci\u00f3n horizontal de 360 grados para un r\u00e1pido posicionamiento y alineaci\u00f3n del instrumento.<\/li>\n<li>Cuenta con una rosca de cobre de 5\/8\u2033-11 (FG01S) para una resistencia superior al desgaste, reducci\u00f3n del desgaste y una conexi\u00f3n confiable.<\/li>\n<\/ul>","protected":false},"featured_media":2081,"comment_status":"open","ping_status":"closed","template":"","meta":[],"product_brand":[],"product_cat":[97,79],"product_tag":[],"class_list":{"0":"post-428","1":"product","2":"type-product","3":"status-publish","4":"has-post-thumbnail","6":"product_cat-rotation-tribrach-adapter","7":"product_cat-surveying-accessory","9":"first","10":"instock","11":"shipping-taxable","12":"product-type-simple"},"_links":{"self":[{"href":"https:\/\/mountlaser.com\/es\/wp-json\/wp\/v2\/product\/428","targetHints":{"allow":["GET"]}}],"collection":[{"href":"https:\/\/mountlaser.com\/es\/wp-json\/wp\/v2\/product"}],"about":[{"href":"https:\/\/mountlaser.com\/es\/wp-json\/wp\/v2\/types\/product"}],"replies":[{"embeddable":true,"href":"https:\/\/mountlaser.com\/es\/wp-json\/wp\/v2\/comments?post=428"}],"wp:featuredmedia":[{"embeddable":true,"href":"https:\/\/mountlaser.com\/es\/wp-json\/wp\/v2\/media\/2081"}],"wp:attachment":[{"href":"https:\/\/mountlaser.com\/es\/wp-json\/wp\/v2\/media?parent=428"}],"wp:term":[{"taxonomy":"product_brand","embeddable":true,"href":"https:\/\/mountlaser.com\/es\/wp-json\/wp\/v2\/product_brand?post=428"},{"taxonomy":"product_cat","embeddable":true,"href":"https:\/\/mountlaser.com\/es\/wp-json\/wp\/v2\/product_cat?post=428"},{"taxonomy":"product_tag","embeddable":true,"href":"https:\/\/mountlaser.com\/es\/wp-json\/wp\/v2\/product_tag?post=428"}],"curies":[{"name":"wp","href":"https:\/\/api.w.org\/{rel}","templated":true}]}}