{"id":4186,"date":"2025-11-13T02:14:48","date_gmt":"2025-11-13T02:14:48","guid":{"rendered":"https:\/\/mountlaser.com\/?post_type=product&#038;p=4186"},"modified":"2025-11-27T07:24:06","modified_gmt":"2025-11-27T07:24:06","slug":"tc-6-claw-type-holder","status":"publish","type":"product","link":"https:\/\/mountlaser.com\/es\/producto\/tc-6-claw-type-holder\/","title":{"rendered":"Soporte tipo garra TC-6"},"content":{"rendered":"<p>La serie de soportes tipo garra ofrece un soporte profesional y duradero. <a href=\"https:\/\/mountlaser.com\/es\/\"><strong>Soporte ajustable para tel\u00e9fono<\/strong><\/a> Soluci\u00f3n dise\u00f1ada para mediciones de precisi\u00f3n y trabajo de campo. Dise\u00f1ados para ser compatibles con una amplia gama de colectores de datos y dispositivos m\u00f3viles, estos soportes garantizan la estabilidad, accesibilidad y seguridad de su equipo durante cualquier operaci\u00f3n topogr\u00e1fica.<\/p>\n<p>El<a href=\"https:\/\/mountlaser.com\/es\/products\/\"><strong> Soporte ajustable TC-6<\/strong><\/a> Est\u00e1 dise\u00f1ado para dispositivos como Recon, Archer y Getac535, con un rango de ancho ajustable de 92 a 72 mm y una altura de 30 mm, lo que lo convierte en un soporte de tel\u00e9fono ajustable vers\u00e1til para controladores de campo compactos.<br \/>\nEl soporte ajustable TC-7 se adapta a los modelos CEO, CE, XT, XM y TSCE, y ofrece un rango de ancho de 95 a 75 mm y una altura de 47 mm.<br \/>\nPara dispositivos m\u00e1s grandes, el soporte ajustable TC-10 admite los modelos Geo 6000 con un rango de ancho de 110 a 95 mm y una altura de 47 mm, lo que proporciona el montaje m\u00e1s robusto para uso intensivo.<\/p>\n<p>Cada soporte ajustable TC-6 y sus contrapartes est\u00e1n dise\u00f1ados con precisi\u00f3n para brindar un rendimiento confiable y adaptabilidad en varios tipos de equipos, lo que los convierte en las soluciones de soporte para tel\u00e9fono ajustable ideales para los profesionales de topograf\u00eda modernos.<\/p>\n<p><strong><a href=\"https:\/\/mountlaser.com\/es\/contact-us\/\">Soporte tipo garra TC-6<\/a> Presupuesto<\/strong><\/p>\n<table width=\"587\">\n<tbody>\n<tr>\n<td width=\"72\">Modelo<\/td>\n<td width=\"254\">Imagen<\/td>\n<td width=\"261\">Par\u00e1metros<\/td>\n<\/tr>\n<tr>\n<td>TC-6<\/td>\n<td><img fetchpriority=\"high\" decoding=\"async\" class=\"alignnone wp-image-4188 size-medium\" src=\"https:\/\/mountlaser.com\/wp-content\/uploads\/2025\/11\/TC-62-300x300.webp\" alt=\"TC-6 adjustable phone holder\" width=\"300\" height=\"300\" srcset=\"https:\/\/mountlaser.com\/wp-content\/uploads\/2025\/11\/TC-62-300x300.webp 300w, https:\/\/mountlaser.com\/wp-content\/uploads\/2025\/11\/TC-62-400x400.webp 400w, https:\/\/mountlaser.com\/wp-content\/uploads\/2025\/11\/TC-62-800x800.webp 800w, https:\/\/mountlaser.com\/wp-content\/uploads\/2025\/11\/TC-62-600x600.webp 600w, https:\/\/mountlaser.com\/wp-content\/uploads\/2025\/11\/TC-62-150x150.webp 150w, https:\/\/mountlaser.com\/wp-content\/uploads\/2025\/11\/TC-62-768x768.webp 768w, https:\/\/mountlaser.com\/wp-content\/uploads\/2025\/11\/TC-62-12x12.webp 12w, https:\/\/mountlaser.com\/wp-content\/uploads\/2025\/11\/TC-62.webp 1000w\" sizes=\"(max-width: 300px) 100vw, 300px\" \/><\/td>\n<td width=\"261\">Reconocimiento, Arquero, Getac535<br \/>\nAncho: 92-72 mm Alto: 30 mm<\/td>\n<\/tr>\n<tr>\n<td>TC-7<\/td>\n<td><img decoding=\"async\" class=\"alignnone wp-image-4199 size-medium\" src=\"https:\/\/mountlaser.com\/wp-content\/uploads\/2025\/11\/TC-74-300x300.webp\" alt=\"TC-7 adjustable phone holder\" width=\"300\" height=\"300\" srcset=\"https:\/\/mountlaser.com\/wp-content\/uploads\/2025\/11\/TC-74-300x300.webp 300w, https:\/\/mountlaser.com\/wp-content\/uploads\/2025\/11\/TC-74-400x400.webp 400w, https:\/\/mountlaser.com\/wp-content\/uploads\/2025\/11\/TC-74-800x800.webp 800w, https:\/\/mountlaser.com\/wp-content\/uploads\/2025\/11\/TC-74-600x600.webp 600w, https:\/\/mountlaser.com\/wp-content\/uploads\/2025\/11\/TC-74-150x150.webp 150w, https:\/\/mountlaser.com\/wp-content\/uploads\/2025\/11\/TC-74-768x768.webp 768w, https:\/\/mountlaser.com\/wp-content\/uploads\/2025\/11\/TC-74-12x12.webp 12w, https:\/\/mountlaser.com\/wp-content\/uploads\/2025\/11\/TC-74.webp 1000w\" sizes=\"(max-width: 300px) 100vw, 300px\" \/><\/td>\n<td width=\"261\">Director ejecutivo, CE, XT, XM, TSCE<br \/>\nAncho: 95\u201375 mm Alto: 47 mm<\/td>\n<\/tr>\n<tr>\n<td>TC-10<\/td>\n<td><img decoding=\"async\" class=\"alignnone wp-image-4208 size-medium\" src=\"https:\/\/mountlaser.com\/wp-content\/uploads\/2025\/11\/TC-105-300x300.webp\" alt=\"TC-10 adjustable phone holder\" width=\"300\" height=\"300\" srcset=\"https:\/\/mountlaser.com\/wp-content\/uploads\/2025\/11\/TC-105-300x300.webp 300w, https:\/\/mountlaser.com\/wp-content\/uploads\/2025\/11\/TC-105-400x400.webp 400w, https:\/\/mountlaser.com\/wp-content\/uploads\/2025\/11\/TC-105-800x800.webp 800w, https:\/\/mountlaser.com\/wp-content\/uploads\/2025\/11\/TC-105-600x600.webp 600w, https:\/\/mountlaser.com\/wp-content\/uploads\/2025\/11\/TC-105-150x150.webp 150w, https:\/\/mountlaser.com\/wp-content\/uploads\/2025\/11\/TC-105-768x768.webp 768w, https:\/\/mountlaser.com\/wp-content\/uploads\/2025\/11\/TC-105-12x12.webp 12w, https:\/\/mountlaser.com\/wp-content\/uploads\/2025\/11\/TC-105.webp 1000w\" sizes=\"(max-width: 300px) 100vw, 300px\" \/><\/td>\n<td width=\"261\">Geo 6000 Ancho: 110\u201395 mm<br \/>\nAltura: 47 mm<\/td>\n<\/tr>\n<\/tbody>\n<\/table>","protected":false},"excerpt":{"rendered":"<ul>\n<li>El dise\u00f1o ajustable se adapta a diferentes recolectores de datos y dispositivos m\u00f3viles.<\/li>\n<li>El soporte ajustable TC-6 admite Recon, Archer, Getac535 (ancho 92\u201372 mm, alto 30 mm).<\/li>\n<li>El soporte ajustable TC-7 se adapta a CEO, CE, XT, XM, TSCE (ancho 95\u201375 mm, alto 47 mm).<\/li>\n<li>El soporte ajustable TC-10 admite Geo 6000 (ancho 110\u201395 mm, alto 47 mm).<\/li>\n<li>Construcci\u00f3n duradera para confiabilidad en campo y larga vida \u00fatil.<\/li>\n<li>F\u00e1cil instalaci\u00f3n para una r\u00e1pida configuraci\u00f3n en tr\u00edpodes, postes o soportes.<\/li>\n<\/ul>","protected":false},"featured_media":4187,"comment_status":"open","ping_status":"closed","template":"","meta":[],"product_brand":[],"product_cat":[84,123],"product_tag":[],"class_list":{"0":"post-4186","1":"product","2":"type-product","3":"status-publish","4":"has-post-thumbnail","6":"product_cat-gnss-accessory","7":"product_cat-claw-type-holder","9":"first","10":"instock","11":"shipping-taxable","12":"product-type-simple"},"_links":{"self":[{"href":"https:\/\/mountlaser.com\/es\/wp-json\/wp\/v2\/product\/4186","targetHints":{"allow":["GET"]}}],"collection":[{"href":"https:\/\/mountlaser.com\/es\/wp-json\/wp\/v2\/product"}],"about":[{"href":"https:\/\/mountlaser.com\/es\/wp-json\/wp\/v2\/types\/product"}],"replies":[{"embeddable":true,"href":"https:\/\/mountlaser.com\/es\/wp-json\/wp\/v2\/comments?post=4186"}],"wp:featuredmedia":[{"embeddable":true,"href":"https:\/\/mountlaser.com\/es\/wp-json\/wp\/v2\/media\/4187"}],"wp:attachment":[{"href":"https:\/\/mountlaser.com\/es\/wp-json\/wp\/v2\/media?parent=4186"}],"wp:term":[{"taxonomy":"product_brand","embeddable":true,"href":"https:\/\/mountlaser.com\/es\/wp-json\/wp\/v2\/product_brand?post=4186"},{"taxonomy":"product_cat","embeddable":true,"href":"https:\/\/mountlaser.com\/es\/wp-json\/wp\/v2\/product_cat?post=4186"},{"taxonomy":"product_tag","embeddable":true,"href":"https:\/\/mountlaser.com\/es\/wp-json\/wp\/v2\/product_tag?post=4186"}],"curies":[{"name":"wp","href":"https:\/\/api.w.org\/{rel}","templated":true}]}}