{"id":4171,"date":"2025-11-13T01:25:07","date_gmt":"2025-11-13T01:25:07","guid":{"rendered":"https:\/\/mountlaser.com\/?post_type=product&#038;p=4171"},"modified":"2025-11-27T05:46:26","modified_gmt":"2025-11-27T05:46:26","slug":"tc-5-claw-type-holder","status":"publish","type":"product","link":"https:\/\/mountlaser.com\/es\/producto\/tc-5-claw-type-holder\/","title":{"rendered":"Soporte tipo garra TC-5"},"content":{"rendered":"<p data-start=\"106\" data-end=\"379\">El soporte tipo garra es un accesorio de montaje confiable y duradero dise\u00f1ado para aplicaciones profesionales de topograf\u00eda y medici\u00f3n. <a href=\"https:\/\/mountlaser.com\/es\/products\/\"><strong>Abrazadera de poste de garra simple<\/strong><\/a> Est\u00e1 disponible en dos modelos: TC-5 y TC-5Q, ambos dise\u00f1ados para adaptarse a postes de 32 mm o 1\u00bc pulgadas con precisi\u00f3n y estabilidad.<\/p>\n<p data-start=\"381\" data-end=\"719\">La abrazadera de poste de garra simple garantiza una conexi\u00f3n segura y antideslizante entre su poste y el instrumento, ofreciendo un rendimiento confiable en todas las condiciones de campo. <a href=\"https:\/\/mountlaser.com\/es\/about-us\/\"><strong data-start=\"548\" data-end=\"576\">Abrazadera de poste de liberaci\u00f3n r\u00e1pida<\/strong> <\/a>La versi\u00f3n (TC-5Q) lleva la eficiencia un paso m\u00e1s all\u00e1, integrando una bola de ariete de 1\u2033 para ajustes m\u00e1s f\u00e1ciles y r\u00e1pidos durante la configuraci\u00f3n o reubicaci\u00f3n.<\/p>\n<p data-start=\"721\" data-end=\"1045\">Fabricadas con materiales de alta calidad, ambas versiones ofrecen un agarre firme sin da\u00f1ar la superficie del poste. La abrazadera para poste Plain Claw es ideal para profesionales que valoran la simplicidad y la robustez, mientras que la <a href=\"https:\/\/mountlaser.com\/es\/contact-us\/\">Abrazadera de poste de liberaci\u00f3n r\u00e1pida<\/a> Proporciona mayor flexibilidad y conveniencia para cambios frecuentes de equipos.<\/p>\n<p data-start=\"721\" data-end=\"1045\"><strong>Especificaciones del soporte tipo garra TC-5<\/strong><\/p>\n<table width=\"587\">\n<tbody>\n<tr>\n<td width=\"72\">Modelo<\/td>\n<td width=\"254\">Imagen<\/td>\n<td width=\"261\">Par\u00e1metros<\/td>\n<\/tr>\n<tr>\n<td>TC-5<\/td>\n<td><img fetchpriority=\"high\" decoding=\"async\" class=\"alignnone wp-image-4173 size-medium\" src=\"https:\/\/mountlaser.com\/wp-content\/uploads\/2025\/11\/TC-52-300x300.webp\" alt=\"tc-5 Plain Claw Pole Clamp\" width=\"300\" height=\"300\" srcset=\"https:\/\/mountlaser.com\/wp-content\/uploads\/2025\/11\/TC-52-300x300.webp 300w, https:\/\/mountlaser.com\/wp-content\/uploads\/2025\/11\/TC-52-400x400.webp 400w, https:\/\/mountlaser.com\/wp-content\/uploads\/2025\/11\/TC-52-800x800.webp 800w, https:\/\/mountlaser.com\/wp-content\/uploads\/2025\/11\/TC-52-600x600.webp 600w, https:\/\/mountlaser.com\/wp-content\/uploads\/2025\/11\/TC-52-150x150.webp 150w, https:\/\/mountlaser.com\/wp-content\/uploads\/2025\/11\/TC-52-768x768.webp 768w, https:\/\/mountlaser.com\/wp-content\/uploads\/2025\/11\/TC-52-12x12.webp 12w, https:\/\/mountlaser.com\/wp-content\/uploads\/2025\/11\/TC-52.webp 1000w\" sizes=\"(max-width: 300px) 100vw, 300px\" \/><\/td>\n<td width=\"261\">Di\u00e1metro 32 mm o 1\u00bc pulgadas<br \/>\nPolo<\/td>\n<\/tr>\n<tr>\n<td>TC-5Q<\/td>\n<td><img decoding=\"async\" class=\"alignnone wp-image-4181 size-medium\" src=\"https:\/\/mountlaser.com\/wp-content\/uploads\/2025\/11\/TC-5-Q2-300x300.webp\" alt=\"tc-5q Plain Claw Pole Clamp\" width=\"300\" height=\"300\" srcset=\"https:\/\/mountlaser.com\/wp-content\/uploads\/2025\/11\/TC-5-Q2-300x300.webp 300w, https:\/\/mountlaser.com\/wp-content\/uploads\/2025\/11\/TC-5-Q2-400x400.webp 400w, https:\/\/mountlaser.com\/wp-content\/uploads\/2025\/11\/TC-5-Q2-800x800.webp 800w, https:\/\/mountlaser.com\/wp-content\/uploads\/2025\/11\/TC-5-Q2-600x600.webp 600w, https:\/\/mountlaser.com\/wp-content\/uploads\/2025\/11\/TC-5-Q2-150x150.webp 150w, https:\/\/mountlaser.com\/wp-content\/uploads\/2025\/11\/TC-5-Q2-768x768.webp 768w, https:\/\/mountlaser.com\/wp-content\/uploads\/2025\/11\/TC-5-Q2-12x12.webp 12w, https:\/\/mountlaser.com\/wp-content\/uploads\/2025\/11\/TC-5-Q2.webp 1000w\" sizes=\"(max-width: 300px) 100vw, 300px\" \/><\/td>\n<td width=\"261\">Di\u00e1metro 32 mm o 1\u00bc pulgadas<br \/>\nPolo<\/td>\n<\/tr>\n<\/tbody>\n<\/table>\n<p data-start=\"721\" data-end=\"1045\">","protected":false},"excerpt":{"rendered":"<ul>\n<li data-start=\"1067\" data-end=\"1110\">Compatible con postes de 32 mm o 1\u00bc pulgadas<\/li>\n<li data-start=\"1067\" data-end=\"1110\">El dise\u00f1o de garra fuerte garantiza un agarre firme y antideslizante.<\/li>\n<li data-start=\"1166\" data-end=\"1240\">La abrazadera de poste de garra simple ofrece un rendimiento de bloqueo tradicional y estable<\/li>\n<li data-start=\"1243\" data-end=\"1322\">La abrazadera de poste de liberaci\u00f3n r\u00e1pida incluye una bola de ariete de 1\u2033 para un posicionamiento r\u00e1pido<\/li>\n<li data-start=\"1325\" data-end=\"1389\">F\u00e1cil instalaci\u00f3n y extracci\u00f3n para aplicaciones de campo vers\u00e1tiles<\/li>\n<\/ul>","protected":false},"featured_media":4173,"comment_status":"open","ping_status":"closed","template":"","meta":[],"product_brand":[],"product_cat":[84,123],"product_tag":[],"class_list":{"0":"post-4171","1":"product","2":"type-product","3":"status-publish","4":"has-post-thumbnail","6":"product_cat-gnss-accessory","7":"product_cat-claw-type-holder","9":"first","10":"instock","11":"shipping-taxable","12":"product-type-simple"},"_links":{"self":[{"href":"https:\/\/mountlaser.com\/es\/wp-json\/wp\/v2\/product\/4171","targetHints":{"allow":["GET"]}}],"collection":[{"href":"https:\/\/mountlaser.com\/es\/wp-json\/wp\/v2\/product"}],"about":[{"href":"https:\/\/mountlaser.com\/es\/wp-json\/wp\/v2\/types\/product"}],"replies":[{"embeddable":true,"href":"https:\/\/mountlaser.com\/es\/wp-json\/wp\/v2\/comments?post=4171"}],"wp:featuredmedia":[{"embeddable":true,"href":"https:\/\/mountlaser.com\/es\/wp-json\/wp\/v2\/media\/4173"}],"wp:attachment":[{"href":"https:\/\/mountlaser.com\/es\/wp-json\/wp\/v2\/media?parent=4171"}],"wp:term":[{"taxonomy":"product_brand","embeddable":true,"href":"https:\/\/mountlaser.com\/es\/wp-json\/wp\/v2\/product_brand?post=4171"},{"taxonomy":"product_cat","embeddable":true,"href":"https:\/\/mountlaser.com\/es\/wp-json\/wp\/v2\/product_cat?post=4171"},{"taxonomy":"product_tag","embeddable":true,"href":"https:\/\/mountlaser.com\/es\/wp-json\/wp\/v2\/product_tag?post=4171"}],"curies":[{"name":"wp","href":"https:\/\/api.w.org\/{rel}","templated":true}]}}