{"id":4161,"date":"2025-11-12T09:23:20","date_gmt":"2025-11-12T09:23:20","guid":{"rendered":"https:\/\/mountlaser.com\/?post_type=product&#038;p=4161"},"modified":"2025-11-27T05:48:16","modified_gmt":"2025-11-27T05:48:16","slug":"dz215sl-aluminum-prism-pole","status":"publish","type":"product","link":"https:\/\/mountlaser.com\/es\/producto\/dz215sl-aluminum-prism-pole\/","title":{"rendered":"Poste de prisma de aluminio DZ215SL"},"content":{"rendered":"<p><a href=\"https:\/\/mountlaser.com\/es\/\">Poste de prisma de aluminio DZ215SL<\/a>:Ingenier\u00eda de precisi\u00f3n para el top\u00f3grafo exigente<\/p>\n<p>En Mount Laser, la precisi\u00f3n es primordial y comienza con la base de sus mediciones. Nos enorgullece presentar la p\u00e9rtiga de prisma de aluminio DZ215SL, una herramienta dise\u00f1ada para profesionales que exigen precisi\u00f3n inquebrantable y un rendimiento robusto. Esta p\u00e9rtiga de aluminio de alta resistencia es la base confiable para su prisma, garantizando estabilidad y durabilidad en cualquier lugar de trabajo.<\/p>\n<p>El <a href=\"https:\/\/mountlaser.com\/es\/products\/\"><strong>Poste de prisma de aluminio DZ215SL<\/strong> <\/a>Est\u00e1 disponible en dos configuraciones especializadas para adaptarse a sus necesidades de montaje: el poste de prisma de aluminio DZ215SL-RW y el poste de prisma de aluminio DZ215SL-SR. Ambos modelos comparten el mismo compromiso con la calidad, pero se distinguen por sus sistemas de adaptadores de fabricaci\u00f3n suiza, que le ofrecen una opci\u00f3n para una compatibilidad \u00f3ptima con su equipo.<\/p>\n<p><img fetchpriority=\"high\" decoding=\"async\" class=\"aligncenter wp-image-4163\" src=\"https:\/\/mountlaser.com\/wp-content\/uploads\/2025\/11\/DZ215SL-RW-1.webp\" alt=\"DZ215SL Aluminum Prism Pole\" width=\"500\" height=\"500\" srcset=\"https:\/\/mountlaser.com\/wp-content\/uploads\/2025\/11\/DZ215SL-RW-1.webp 1000w, https:\/\/mountlaser.com\/wp-content\/uploads\/2025\/11\/DZ215SL-RW-1-300x300.webp 300w, https:\/\/mountlaser.com\/wp-content\/uploads\/2025\/11\/DZ215SL-RW-1-400x400.webp 400w, https:\/\/mountlaser.com\/wp-content\/uploads\/2025\/11\/DZ215SL-RW-1-800x800.webp 800w, https:\/\/mountlaser.com\/wp-content\/uploads\/2025\/11\/DZ215SL-RW-1-600x600.webp 600w, https:\/\/mountlaser.com\/wp-content\/uploads\/2025\/11\/DZ215SL-RW-1-150x150.webp 150w, https:\/\/mountlaser.com\/wp-content\/uploads\/2025\/11\/DZ215SL-RW-1-768x768.webp 768w, https:\/\/mountlaser.com\/wp-content\/uploads\/2025\/11\/DZ215SL-RW-1-12x12.webp 12w\" sizes=\"(max-width: 500px) 100vw, 500px\" \/><\/p>\n<p>El <a href=\"https:\/\/mountlaser.com\/es\/about-us\/\">Poste de prisma de aluminio DZ215SL<\/a> viene en dos versiones, que se diferencian solo en el color: el poste de prisma de aluminio DZ215SL-RW es un esquema de color rojo y blanco, y el poste de prisma de aluminio DZ215SL-SR es un esquema de color plateado.<\/p>\n<p><strong>Especificaciones del poste de prisma de aluminio DZ215SL<\/strong><\/p>\n<table style=\"border-collapse: collapse; width: 741.77pt;\" border=\"0\" width=\"989\" cellspacing=\"0\" cellpadding=\"0\">\n<tbody>\n<tr style=\"height: 14.25pt;\">\n<td class=\"et2\" style=\"height: 14.25pt; width: 142.50pt;\" width=\"190\" height=\"19\">N\u00daMERO<\/td>\n<td class=\"et2\" style=\"width: 127.50pt;\" width=\"170\">LONGITUD<\/td>\n<td class=\"et2\" style=\"width: 126.00pt;\" width=\"168\">MATERIAL<\/td>\n<td class=\"et2\" style=\"width: 135.00pt;\" width=\"180\">GRADUADOS<\/td>\n<td class=\"et2\" style=\"width: 124.50pt;\" width=\"166\">ADAPTADOR<\/td>\n<td class=\"et2\" style=\"width: 86.25pt;\" width=\"115\">DI\u00c1METRO<\/td>\n<\/tr>\n<tr style=\"height: 14.25pt;\">\n<td class=\"et2\" style=\"height: 14.25pt;\" height=\"19\">DZ215SL<\/td>\n<td class=\"et2\">2,15 m<\/td>\n<td class=\"et2\">Aluminio<\/td>\n<td class=\"et3\">cent\u00edmetro<\/td>\n<td class=\"et3\">Suizo o 5\/8\u2033-11<\/td>\n<td class=\"et3\">18\/25 mm<\/td>\n<\/tr>\n<\/tbody>\n<\/table>","protected":false},"excerpt":{"rendered":"<ul>\n<li>Garantiza un ajuste perfecto y seguro para su prisma, asegurando la integridad de los datos y eliminando errores de medici\u00f3n.<\/li>\n<li>Burbuja circular integrada de 30\u2033: permite una nivelaci\u00f3n r\u00e1pida y precisa, un paso fundamental para obtener mediciones verticales confiables.<\/li>\n<li>Opciones de di\u00e1metro doble (18 mm\/25 mm): proporciona flexibilidad para adaptarse a sus preferencias de rigidez y manejo del poste.<\/li>\n<\/ul>","protected":false},"featured_media":4167,"comment_status":"open","ping_status":"closed","template":"","meta":[],"product_brand":[],"product_cat":[89,124],"product_tag":[],"class_list":{"0":"post-4161","1":"product","2":"type-product","3":"status-publish","4":"has-post-thumbnail","6":"product_cat-surveying-pole-rod","7":"product_cat-aluminum-fiberglass-prism-pole","9":"first","10":"instock","11":"shipping-taxable","12":"product-type-simple"},"_links":{"self":[{"href":"https:\/\/mountlaser.com\/es\/wp-json\/wp\/v2\/product\/4161","targetHints":{"allow":["GET"]}}],"collection":[{"href":"https:\/\/mountlaser.com\/es\/wp-json\/wp\/v2\/product"}],"about":[{"href":"https:\/\/mountlaser.com\/es\/wp-json\/wp\/v2\/types\/product"}],"replies":[{"embeddable":true,"href":"https:\/\/mountlaser.com\/es\/wp-json\/wp\/v2\/comments?post=4161"}],"wp:featuredmedia":[{"embeddable":true,"href":"https:\/\/mountlaser.com\/es\/wp-json\/wp\/v2\/media\/4167"}],"wp:attachment":[{"href":"https:\/\/mountlaser.com\/es\/wp-json\/wp\/v2\/media?parent=4161"}],"wp:term":[{"taxonomy":"product_brand","embeddable":true,"href":"https:\/\/mountlaser.com\/es\/wp-json\/wp\/v2\/product_brand?post=4161"},{"taxonomy":"product_cat","embeddable":true,"href":"https:\/\/mountlaser.com\/es\/wp-json\/wp\/v2\/product_cat?post=4161"},{"taxonomy":"product_tag","embeddable":true,"href":"https:\/\/mountlaser.com\/es\/wp-json\/wp\/v2\/product_tag?post=4161"}],"curies":[{"name":"wp","href":"https:\/\/api.w.org\/{rel}","templated":true}]}}