{"id":4153,"date":"2025-11-12T09:09:06","date_gmt":"2025-11-12T09:09:06","guid":{"rendered":"https:\/\/mountlaser.com\/?post_type=product&#038;p=4153"},"modified":"2025-11-27T05:56:05","modified_gmt":"2025-11-27T05:56:05","slug":"dz520-aluminum-prism-pole","status":"publish","type":"product","link":"https:\/\/mountlaser.com\/es\/producto\/dz520-aluminum-prism-pole\/","title":{"rendered":"Poste de prisma de aluminio DZ520"},"content":{"rendered":"<p>En Mount Laser, entendemos que la precisi\u00f3n de las mediciones de su estaci\u00f3n total depende de la fiabilidad de cada componente de su kit de herramientas. Por eso hemos dise\u00f1ado... <a href=\"https:\/\/mountlaser.com\/es\/\"><strong>Poste de prisma de aluminio DZ520<\/strong><\/a>, un poste de prisma de calidad profesional para estaci\u00f3n total que combina durabilidad liviana con una funcionalidad excepcional.<\/p>\n<p>Fabricado \u00edntegramente en aluminio de alta resistencia, el poste prism\u00e1tico de aluminio DZ520 est\u00e1 dise\u00f1ado para soportar los rigores del uso diario en cualquier obra sin sobrecargarlo. Su robusto dise\u00f1o de 4 secciones se extiende hasta una altura total de 5,2 m., <a href=\"https:\/\/mountlaser.com\/es\/products\/\"><strong>Poste prism\u00e1tico para estaci\u00f3n total<\/strong><\/a> Ofreciendo el alcance que necesita para diversas aplicaciones de topograf\u00eda.<\/p>\n<p><img fetchpriority=\"high\" decoding=\"async\" class=\"aligncenter wp-image-4156\" src=\"https:\/\/mountlaser.com\/wp-content\/uploads\/2025\/11\/DZ520QL2.webp\" alt=\"Prism pole for total station\" width=\"500\" height=\"500\" srcset=\"https:\/\/mountlaser.com\/wp-content\/uploads\/2025\/11\/DZ520QL2.webp 1000w, https:\/\/mountlaser.com\/wp-content\/uploads\/2025\/11\/DZ520QL2-300x300.webp 300w, https:\/\/mountlaser.com\/wp-content\/uploads\/2025\/11\/DZ520QL2-400x400.webp 400w, https:\/\/mountlaser.com\/wp-content\/uploads\/2025\/11\/DZ520QL2-800x800.webp 800w, https:\/\/mountlaser.com\/wp-content\/uploads\/2025\/11\/DZ520QL2-600x600.webp 600w, https:\/\/mountlaser.com\/wp-content\/uploads\/2025\/11\/DZ520QL2-150x150.webp 150w, https:\/\/mountlaser.com\/wp-content\/uploads\/2025\/11\/DZ520QL2-768x768.webp 768w, https:\/\/mountlaser.com\/wp-content\/uploads\/2025\/11\/DZ520QL2-12x12.webp 12w\" sizes=\"(max-width: 500px) 100vw, 500px\" \/><\/p>\n<p><a href=\"https:\/\/mountlaser.com\/es\/contact-us\/\">Poste de prisma de aluminio DZ520<\/a> OPCI\u00d3N DE BLOQUEO: Disponible en cuatro tipos:<br \/>\nPoste de prisma de aluminio con bloqueo giratorio<br \/>\nPoste de prisma de aluminio con bloqueo de liberaci\u00f3n r\u00e1pida<br \/>\nBloqueo estilo GPS con poste de prisma de aluminio<\/p>\n<p><strong>Especificaciones del poste de prisma de aluminio DZ520<\/strong><\/p>\n<table style=\"border-collapse: collapse; width: 741.77pt;\" border=\"0\" width=\"989\" cellspacing=\"0\" cellpadding=\"0\">\n<tbody>\n<tr style=\"height: 14.25pt;\">\n<td class=\"et2\" style=\"height: 14.25pt; width: 142.50pt;\" width=\"190\" height=\"19\">N\u00daMERO<\/td>\n<td class=\"et2\" style=\"width: 127.50pt;\" width=\"170\">LONGITUD<\/td>\n<td class=\"et2\" style=\"width: 126.00pt;\" width=\"168\">MATERIAL<\/td>\n<td class=\"et2\" style=\"width: 135.00pt;\" width=\"180\">GRADUADOS<\/td>\n<td class=\"et2\" style=\"width: 124.50pt;\" width=\"166\">OPCI\u00d3N DE BLOQUEO<\/td>\n<td class=\"et2\" style=\"width: 86.25pt;\" width=\"115\">DI\u00c1METRO<\/td>\n<\/tr>\n<tr style=\"height: 14.25pt;\">\n<td class=\"et3\" style=\"height: 14.25pt;\" height=\"19\">DZ520<\/td>\n<td class=\"et4\">520 cm<\/td>\n<td class=\"et3\">Aluminio<\/td>\n<td class=\"et3\">Metro<\/td>\n<td class=\"et3\">TL\/QL\/GP<\/td>\n<td class=\"et3\">18\/25\/30\/36 mm<\/td>\n<\/tr>\n<\/tbody>\n<\/table>","protected":false},"excerpt":{"rendered":"<ul>\n<li>Nivel circular integrado de 30\u2033: permite una nivelaci\u00f3n r\u00e1pida y sencilla, lo cual es fundamental para obtener mediciones verticales precisas con su bast\u00f3n prism\u00e1tico para estaci\u00f3n total.<\/li>\n<li>Escala de medidor de tubo interior transparente: proporciona una confirmaci\u00f3n visual r\u00e1pida de los ajustes de altura, lo que agiliza su flujo de trabajo y reduce errores.<\/li>\n<li>Montaje de prisma vers\u00e1til: compatible con varias opciones de adaptador, lo que facilita la conexi\u00f3n de su modelo de prisma espec\u00edfico.<\/li>\n<\/ul>","protected":false},"featured_media":4154,"comment_status":"open","ping_status":"closed","template":"","meta":[],"product_brand":[],"product_cat":[89,117],"product_tag":[],"class_list":{"0":"post-4153","1":"product","2":"type-product","3":"status-publish","4":"has-post-thumbnail","6":"product_cat-surveying-pole-rod","7":"product_cat-aluminum-prism-pole","9":"first","10":"instock","11":"shipping-taxable","12":"product-type-simple"},"_links":{"self":[{"href":"https:\/\/mountlaser.com\/es\/wp-json\/wp\/v2\/product\/4153","targetHints":{"allow":["GET"]}}],"collection":[{"href":"https:\/\/mountlaser.com\/es\/wp-json\/wp\/v2\/product"}],"about":[{"href":"https:\/\/mountlaser.com\/es\/wp-json\/wp\/v2\/types\/product"}],"replies":[{"embeddable":true,"href":"https:\/\/mountlaser.com\/es\/wp-json\/wp\/v2\/comments?post=4153"}],"wp:featuredmedia":[{"embeddable":true,"href":"https:\/\/mountlaser.com\/es\/wp-json\/wp\/v2\/media\/4154"}],"wp:attachment":[{"href":"https:\/\/mountlaser.com\/es\/wp-json\/wp\/v2\/media?parent=4153"}],"wp:term":[{"taxonomy":"product_brand","embeddable":true,"href":"https:\/\/mountlaser.com\/es\/wp-json\/wp\/v2\/product_brand?post=4153"},{"taxonomy":"product_cat","embeddable":true,"href":"https:\/\/mountlaser.com\/es\/wp-json\/wp\/v2\/product_cat?post=4153"},{"taxonomy":"product_tag","embeddable":true,"href":"https:\/\/mountlaser.com\/es\/wp-json\/wp\/v2\/product_tag?post=4153"}],"curies":[{"name":"wp","href":"https:\/\/api.w.org\/{rel}","templated":true}]}}