{"id":414,"date":"2024-03-21T12:23:02","date_gmt":"2024-03-21T12:23:02","guid":{"rendered":"https:\/\/startersites.io\/blocksy\/pottery\/?post_type=product&#038;p=414"},"modified":"2025-12-01T06:51:56","modified_gmt":"2025-12-01T06:51:56","slug":"fdc01d-japanese-style-tribrach-carrier","status":"publish","type":"product","link":"https:\/\/mountlaser.com\/es\/producto\/fdc01d-japanese-style-tribrach-carrier\/","title":{"rendered":"FDC01D Soporte para base nivelante de estilo japon\u00e9s"},"content":{"rendered":"<p>El <a href=\"https:\/\/mountlaser.com\/es\/\"><strong>FDC01D Soporte para base nivelante de estilo japon\u00e9s<\/strong><\/a> Mount Laser combina precisi\u00f3n y eficiencia, ofreciendo una soluci\u00f3n superior de portabases nivelantes de liberaci\u00f3n r\u00e1pida para profesionales de la topograf\u00eda. Este modelo est\u00e1 dise\u00f1ado como portabases nivelantes con plomada \u00f3ptica, lo que proporciona un centrado y una alineaci\u00f3n precisos para aplicaciones exigentes.<\/p>\n<p>El innovador mecanismo de liberaci\u00f3n r\u00e1pida hace que este <a href=\"https:\/\/mountlaser.com\/es\/categoria-producto\/surveying-accessory\/\"><strong>Portador de base nivelante de liberaci\u00f3n r\u00e1pida<\/strong> <\/a>Ideal para obras de ritmo r\u00e1pido donde el tiempo es crucial. Dise\u00f1ado pensando en la durabilidad, este confiable soporte para base nivelante con capacidades \u00f3pticas garantiza un posicionamiento preciso, manteniendo las ventajas de ligereza de su dise\u00f1o japon\u00e9s.<\/p>\n<p><img fetchpriority=\"high\" decoding=\"async\" class=\"wp-image-2118 aligncenter\" src=\"https:\/\/mountlaser.com\/wp-content\/uploads\/2024\/03\/14.webp\" alt=\"Quick-Release Tribrach Carrier\" width=\"500\" height=\"500\" srcset=\"https:\/\/mountlaser.com\/wp-content\/uploads\/2024\/03\/14.webp 1000w, https:\/\/mountlaser.com\/wp-content\/uploads\/2024\/03\/14-300x300.webp 300w, https:\/\/mountlaser.com\/wp-content\/uploads\/2024\/03\/14-400x400.webp 400w, https:\/\/mountlaser.com\/wp-content\/uploads\/2024\/03\/14-800x800.webp 800w, https:\/\/mountlaser.com\/wp-content\/uploads\/2024\/03\/14-600x600.webp 600w, https:\/\/mountlaser.com\/wp-content\/uploads\/2024\/03\/14-150x150.webp 150w, https:\/\/mountlaser.com\/wp-content\/uploads\/2024\/03\/14-768x768.webp 768w, https:\/\/mountlaser.com\/wp-content\/uploads\/2024\/03\/14-12x12.webp 12w\" sizes=\"(max-width: 500px) 100vw, 500px\" \/><\/p>\n<p>Disponible en amarillo, gris o negro, el FDC01D cuenta con una rosca est\u00e1ndar de 5\/8\u2033-11 para equipos GPS, lo que lo convierte en un modelo vers\u00e1til. <a href=\"https:\/\/mountlaser.com\/es\/contact-us\/\">Portador de base nivelante de liberaci\u00f3n r\u00e1pida<\/a> elecci\u00f3n para diversas tareas de topograf\u00eda.<\/p>","protected":false},"excerpt":{"rendered":"<ul>\n<li>Sistema de plomada \u00f3ptica: funciona como un portador de base nivelante preciso con alineaci\u00f3n \u00f3ptica para centrar el instrumento con precisi\u00f3n.<\/li>\n<li>Mecanismo de liberaci\u00f3n r\u00e1pida: dise\u00f1ado como un portador de base nivelante de liberaci\u00f3n r\u00e1pida para una implementaci\u00f3n r\u00e1pida y un flujo de trabajo eficiente.<\/li>\n<li>Rosca compatible con GPS: cuenta con una rosca est\u00e1ndar de 5\/8\u2033-11 (FDC01D) para un montaje seguro del equipo GPS.<\/li>\n<\/ul>","protected":false},"featured_media":2114,"comment_status":"open","ping_status":"closed","template":"","meta":[],"product_brand":[],"product_cat":[98,79],"product_tag":[],"class_list":{"0":"post-414","1":"product","2":"type-product","3":"status-publish","4":"has-post-thumbnail","6":"product_cat-japanese-style-tribrach-carrier","7":"product_cat-surveying-accessory","9":"first","10":"instock","11":"shipping-taxable","12":"product-type-simple"},"_links":{"self":[{"href":"https:\/\/mountlaser.com\/es\/wp-json\/wp\/v2\/product\/414","targetHints":{"allow":["GET"]}}],"collection":[{"href":"https:\/\/mountlaser.com\/es\/wp-json\/wp\/v2\/product"}],"about":[{"href":"https:\/\/mountlaser.com\/es\/wp-json\/wp\/v2\/types\/product"}],"replies":[{"embeddable":true,"href":"https:\/\/mountlaser.com\/es\/wp-json\/wp\/v2\/comments?post=414"}],"wp:featuredmedia":[{"embeddable":true,"href":"https:\/\/mountlaser.com\/es\/wp-json\/wp\/v2\/media\/2114"}],"wp:attachment":[{"href":"https:\/\/mountlaser.com\/es\/wp-json\/wp\/v2\/media?parent=414"}],"wp:term":[{"taxonomy":"product_brand","embeddable":true,"href":"https:\/\/mountlaser.com\/es\/wp-json\/wp\/v2\/product_brand?post=414"},{"taxonomy":"product_cat","embeddable":true,"href":"https:\/\/mountlaser.com\/es\/wp-json\/wp\/v2\/product_cat?post=414"},{"taxonomy":"product_tag","embeddable":true,"href":"https:\/\/mountlaser.com\/es\/wp-json\/wp\/v2\/product_tag?post=414"}],"curies":[{"name":"wp","href":"https:\/\/api.w.org\/{rel}","templated":true}]}}